{"id":999,"date":"2018-01-16T11:23:23","date_gmt":"2018-01-16T14:23:23","guid":{"rendered":"https:\/\/arduxop.com.br\/loja\/produto\/modulo-rele-de-10a-simples\/"},"modified":"2024-11-07T16:13:59","modified_gmt":"2024-11-07T20:13:59","slug":"modulo-rele-de-10a-simples","status":"publish","type":"product","link":"https:\/\/arduxop.com.br\/loja\/produto\/modulo-rele-de-10a-simples\/","title":{"rendered":"Modulo Rel\u00e9 de 1 canal"},"content":{"rendered":"<p>Modulo Rele 1 Canal 5v 10a<\/p>\n<p>Especifica\u00e7\u00f5es:<\/p>\n<p>V 1 Canais M\u00f3dulo de Rel\u00e9 de Baixo n\u00edvel para Controle de SCM Household Appliance Para arduino Starter Kit DIY<\/p>\n<p>carga m\u00e1xima: AC 250 V\/10A, DC 30 V\/10A<\/p>\n<p>gatilho atual: 5mA<\/p>\n<p>tens\u00e3o de funcionamento: 5 V<\/p>\n<p>tamanho do m\u00f3dulo: 50x26x18.5mm (L x W x H)<\/p>\n<p>quatro parafusos de montagem buracos, di\u00e2metro 3.1mm<\/p>\n<p>DC +: fonte de alimenta\u00e7\u00e3o positiva (VCC)<\/p>\n<p>DC-: fonte de alimenta\u00e7\u00e3o negativo (GND)<\/p>\n<p>NO: pode ser alto ou baixo n\u00edvel rel\u00e9 de controle<\/p>\n<p>N \u00b0: interface de rel\u00e9 normalmente aberto<\/p>\n<p>COM: Rel\u00e9s de Interface Comum<\/p>\n<p>NC: interface de rel\u00e9 normalmente fechado<\/p>\n<p>Tags: rele, rel\u00ea, rel\u00ea, relay<\/p>\n","protected":false},"excerpt":{"rendered":"<p>Modulo Rele 1 Canal 5v 10a Especifica\u00e7\u00f5es: V 1 Canais M\u00f3dulo de Rel\u00e9 de Baixo n\u00edvel para Controle de SCM Household Appliance Para arduino Starter Kit DIY carga m\u00e1xima: AC 250 V\/10A, DC 30 V\/10A gatilho atual: 5mA tens\u00e3o de funcionamento: 5 V tamanho do m\u00f3dulo: 50x26x18.5mm (L x W x H) quatro parafusos de [&hellip;]<\/p>\n","protected":false},"featured_media":1000,"template":"","meta":[],"product_brand":[],"product_cat":[177],"product_tag":[874,443],"class_list":{"0":"post-999","1":"product","2":"type-product","3":"status-publish","4":"has-post-thumbnail","6":"product_cat-reles","7":"product_tag-modulo-rele","8":"product_tag-rele","10":"entry","11":"has-media","13":"first","14":"outofstock","15":"purchasable","16":"product-type-simple","17":"has-product-nav","18":"col","19":"span_1_of_3","20":"owp-content-center","21":"owp-thumbs-layout-horizontal","22":"owp-btn-normal","23":"owp-tabs-layout-horizontal"},"_links":{"self":[{"href":"https:\/\/arduxop.com.br\/loja\/wp-json\/wp\/v2\/product\/999","targetHints":{"allow":["GET"]}}],"collection":[{"href":"https:\/\/arduxop.com.br\/loja\/wp-json\/wp\/v2\/product"}],"about":[{"href":"https:\/\/arduxop.com.br\/loja\/wp-json\/wp\/v2\/types\/product"}],"wp:featuredmedia":[{"embeddable":true,"href":"https:\/\/arduxop.com.br\/loja\/wp-json\/wp\/v2\/media\/1000"}],"wp:attachment":[{"href":"https:\/\/arduxop.com.br\/loja\/wp-json\/wp\/v2\/media?parent=999"}],"wp:term":[{"taxonomy":"product_brand","embeddable":true,"href":"https:\/\/arduxop.com.br\/loja\/wp-json\/wp\/v2\/product_brand?post=999"},{"taxonomy":"product_cat","embeddable":true,"href":"https:\/\/arduxop.com.br\/loja\/wp-json\/wp\/v2\/product_cat?post=999"},{"taxonomy":"product_tag","embeddable":true,"href":"https:\/\/arduxop.com.br\/loja\/wp-json\/wp\/v2\/product_tag?post=999"}],"curies":[{"name":"wp","href":"https:\/\/api.w.org\/{rel}","templated":true}]}}