{"id":987,"date":"2018-01-16T10:23:23","date_gmt":"2018-01-16T13:23:23","guid":{"rendered":"https:\/\/arduxop.com.br\/loja\/produto\/modulo-power-pwm\/"},"modified":"2024-07-25T07:59:14","modified_gmt":"2024-07-25T11:59:14","slug":"modulo-power-pwm","status":"publish","type":"product","link":"https:\/\/arduxop.com.br\/loja\/produto\/modulo-power-pwm\/","title":{"rendered":"Modulo Power PWM"},"content":{"rendered":"<p>Um pequeno m\u00f3dulo que pode ser usado no controle de velocidade de motores de corrente cont\u00ednua, ventoinhas, brinquedos el\u00e9tricos como tamb\u00e9m no controle de brilho de leds de Pot\u00eancia. Exemplo de Uso Aten\u00e7\u00e3o: As imagens dos produtos s\u00e3o meramente ilustrativas. As caracter\u00edsticas do produto podem sofrer altera\u00e7\u00f5es pelo fabricante sem aviso pr\u00e9vio. Em caso de d\u00favidas entre em contato antes de efetuar a compra.<\/p>\n","protected":false},"excerpt":{"rendered":"<p><br data-mce-bogus=\"1\"><\/p>\n","protected":false},"featured_media":988,"template":"","meta":[],"product_brand":[],"product_cat":[191,50],"product_tag":[],"class_list":{"0":"post-987","1":"product","2":"type-product","3":"status-publish","4":"has-post-thumbnail","6":"product_cat-drivers","7":"product_cat-modulos","9":"entry","10":"has-media","12":"first","13":"instock","14":"purchasable","15":"product-type-simple","16":"has-product-nav","17":"col","18":"span_1_of_3","19":"owp-content-center","20":"owp-thumbs-layout-horizontal","21":"owp-btn-normal","22":"owp-tabs-layout-horizontal"},"_links":{"self":[{"href":"https:\/\/arduxop.com.br\/loja\/wp-json\/wp\/v2\/product\/987","targetHints":{"allow":["GET"]}}],"collection":[{"href":"https:\/\/arduxop.com.br\/loja\/wp-json\/wp\/v2\/product"}],"about":[{"href":"https:\/\/arduxop.com.br\/loja\/wp-json\/wp\/v2\/types\/product"}],"wp:featuredmedia":[{"embeddable":true,"href":"https:\/\/arduxop.com.br\/loja\/wp-json\/wp\/v2\/media\/988"}],"wp:attachment":[{"href":"https:\/\/arduxop.com.br\/loja\/wp-json\/wp\/v2\/media?parent=987"}],"wp:term":[{"taxonomy":"product_brand","embeddable":true,"href":"https:\/\/arduxop.com.br\/loja\/wp-json\/wp\/v2\/product_brand?post=987"},{"taxonomy":"product_cat","embeddable":true,"href":"https:\/\/arduxop.com.br\/loja\/wp-json\/wp\/v2\/product_cat?post=987"},{"taxonomy":"product_tag","embeddable":true,"href":"https:\/\/arduxop.com.br\/loja\/wp-json\/wp\/v2\/product_tag?post=987"}],"curies":[{"name":"wp","href":"https:\/\/api.w.org\/{rel}","templated":true}]}}