{"id":974,"date":"2018-01-16T11:23:23","date_gmt":"2018-01-16T14:23:23","guid":{"rendered":"https:\/\/arduxop.com.br\/loja\/produto\/microcontrolador-pic-16f628a-i-p-microchip\/"},"modified":"2024-09-19T15:25:13","modified_gmt":"2024-09-19T19:25:13","slug":"microcontrolador-pic-16f628a-i-p-microchip","status":"publish","type":"product","link":"https:\/\/arduxop.com.br\/loja\/produto\/microcontrolador-pic-16f628a-i-p-microchip\/","title":{"rendered":"Microcontrolador Pic 16f628a-i\/p Microchip"},"content":{"rendered":"<p>Microcontrolador Pic 16F628A-I\/P Microchip Este chip substitue o PIC 16F84A DESCRI\u00c7\u00c3O:18 pinos (16 pinos de I\/O e 2 de alimenta\u00e7\u00e3o); \u2022Possui somente 35 instru\u00e7\u00f5es em assembly (RISC);Freq\u00fc\u00eancia de opera\u00e7\u00e3o de at\u00e9 20 MHz;Oscilador interno de 4 MHz \/ 37 kHz;Mem\u00f3ria de programa (FLASH): 2k x 14 bits;Mem\u00f3ria de dados (RAM): 224 x 8 bits;Mem\u00f3ria EEPROM interna: 128 x 8 bits;M\u00f3dulos de temporiza\u00e7\u00e3o: TIMER 0 (8 bits), TIMER 1 (16 bits) e TIMER 2 (8 bits);M\u00f3dulo CCP (modos capture, compare e PWM);2 comparadores anal\u00f3gicos (refer\u00eancia de tens\u00e3o interna program\u00e1vel);1 canal de comunica\u00e7\u00e3o serial \u2013 USART;Watchdog timer;Capacidade de corrente de 25 mA por pino de I\/O;10 fontes de interrup\u00e7\u00e3o independentes;Modo de funcionamento sleep;Opera com tens\u00e3o de alimenta\u00e7\u00e3o entre 3 V e 5 V. ,http:\/\/ww1.microchip.com\/downloads\/en\/devicedoc\/40044f.pdf<\/p>\n","protected":false},"excerpt":{"rendered":"<p><\/p>\n","protected":false},"featured_media":975,"template":"","meta":[],"product_brand":[],"product_cat":[411],"product_tag":[],"class_list":{"0":"post-974","1":"product","2":"type-product","3":"status-publish","4":"has-post-thumbnail","6":"product_cat-sem-categoria","8":"entry","9":"has-media","11":"first","12":"outofstock","13":"sale","14":"sold-individually","15":"purchasable","16":"product-type-simple","17":"has-product-nav","18":"col","19":"span_1_of_3","20":"owp-content-center","21":"owp-thumbs-layout-horizontal","22":"owp-btn-normal","23":"owp-tabs-layout-horizontal"},"_links":{"self":[{"href":"https:\/\/arduxop.com.br\/loja\/wp-json\/wp\/v2\/product\/974","targetHints":{"allow":["GET"]}}],"collection":[{"href":"https:\/\/arduxop.com.br\/loja\/wp-json\/wp\/v2\/product"}],"about":[{"href":"https:\/\/arduxop.com.br\/loja\/wp-json\/wp\/v2\/types\/product"}],"wp:featuredmedia":[{"embeddable":true,"href":"https:\/\/arduxop.com.br\/loja\/wp-json\/wp\/v2\/media\/975"}],"wp:attachment":[{"href":"https:\/\/arduxop.com.br\/loja\/wp-json\/wp\/v2\/media?parent=974"}],"wp:term":[{"taxonomy":"product_brand","embeddable":true,"href":"https:\/\/arduxop.com.br\/loja\/wp-json\/wp\/v2\/product_brand?post=974"},{"taxonomy":"product_cat","embeddable":true,"href":"https:\/\/arduxop.com.br\/loja\/wp-json\/wp\/v2\/product_cat?post=974"},{"taxonomy":"product_tag","embeddable":true,"href":"https:\/\/arduxop.com.br\/loja\/wp-json\/wp\/v2\/product_tag?post=974"}],"curies":[{"name":"wp","href":"https:\/\/api.w.org\/{rel}","templated":true}]}}