{"id":8982,"date":"2019-10-02T09:39:06","date_gmt":"2019-10-02T12:39:06","guid":{"rendered":"https:\/\/arduxop.com.br\/loja\/?post_type=product&#038;p=8982"},"modified":"2024-07-25T07:55:07","modified_gmt":"2024-07-25T11:55:07","slug":"relogio-termo-higrometro","status":"publish","type":"product","link":"https:\/\/arduxop.com.br\/loja\/produto\/relogio-termo-higrometro\/","title":{"rendered":"Rel\u00f3gio Termo Higr\u00f4metro"},"content":{"rendered":"<p>Termo-higr\u00f4metro digital com registro de m\u00e1xima e m\u00ednima<br \/>\nFun\u00e7\u00f5es term\u00f4metro, higr\u00f4metro, rel\u00f3gio e despertador<br \/>\nIndica temperatura e umidade do ambiente<br \/>\nCom suporte para colocar em mesa e fura\u00e7\u00e3o para pendurar (parafuso n\u00e3o incluso)<br \/>\nAlimenta\u00e7\u00e3o: 1 pilha AAA (inclusa)<br \/>\nIndica\u00e7\u00e3o em \u00baC ou \u00baF<br \/>\nEscala de -10\u00baC a 50\u00baC<br \/>\nPrecis\u00e3o: +- 1\u00baC<br \/>\nResolu\u00e7\u00e3o de umidade: 1%<br \/>\nTamanho: 9,5(largura) x 11cm (altura) x 2,5cm (profundidade)<\/p>\n","protected":false},"excerpt":{"rendered":"<p>Rel\u00f3gio Termo Higr\u00f4metro Digital Modelo Pd003<\/p>\n","protected":false},"featured_media":8984,"template":"","meta":[],"product_brand":[],"product_cat":[47,196,178],"product_tag":[],"class_list":{"0":"post-8982","1":"product","2":"type-product","3":"status-publish","4":"has-post-thumbnail","6":"product_cat-diversos","7":"product_cat-medidores","8":"product_cat-sensores","10":"entry","11":"has-media","13":"first","14":"instock","15":"shipping-taxable","16":"purchasable","17":"product-type-simple","18":"has-product-nav","19":"col","20":"span_1_of_3","21":"owp-content-center","22":"owp-thumbs-layout-horizontal","23":"owp-btn-normal","24":"owp-tabs-layout-horizontal"},"_links":{"self":[{"href":"https:\/\/arduxop.com.br\/loja\/wp-json\/wp\/v2\/product\/8982","targetHints":{"allow":["GET"]}}],"collection":[{"href":"https:\/\/arduxop.com.br\/loja\/wp-json\/wp\/v2\/product"}],"about":[{"href":"https:\/\/arduxop.com.br\/loja\/wp-json\/wp\/v2\/types\/product"}],"wp:featuredmedia":[{"embeddable":true,"href":"https:\/\/arduxop.com.br\/loja\/wp-json\/wp\/v2\/media\/8984"}],"wp:attachment":[{"href":"https:\/\/arduxop.com.br\/loja\/wp-json\/wp\/v2\/media?parent=8982"}],"wp:term":[{"taxonomy":"product_brand","embeddable":true,"href":"https:\/\/arduxop.com.br\/loja\/wp-json\/wp\/v2\/product_brand?post=8982"},{"taxonomy":"product_cat","embeddable":true,"href":"https:\/\/arduxop.com.br\/loja\/wp-json\/wp\/v2\/product_cat?post=8982"},{"taxonomy":"product_tag","embeddable":true,"href":"https:\/\/arduxop.com.br\/loja\/wp-json\/wp\/v2\/product_tag?post=8982"}],"curies":[{"name":"wp","href":"https:\/\/api.w.org\/{rel}","templated":true}]}}