{"id":8979,"date":"2019-10-02T09:25:54","date_gmt":"2019-10-02T12:25:54","guid":{"rendered":"https:\/\/arduxop.com.br\/loja\/?post_type=product&#038;p=8979"},"modified":"2024-07-25T07:55:08","modified_gmt":"2024-07-25T11:55:08","slug":"sensor-de-corrente","status":"publish","type":"product","link":"https:\/\/arduxop.com.br\/loja\/produto\/sensor-de-corrente\/","title":{"rendered":"Sensor de Corrente"},"content":{"rendered":"<p>O sensor de corrente SCT-013-000 \u00e9 uma \u00f3tima op\u00e7\u00e3o se voc\u00ea est\u00e1 buscando um equipamento para medir corrente AC at\u00e9 100A e que n\u00e3o seja invasivo. Muito usado em projetos com Arduino de automa\u00e7\u00e3o residencial como medidores de corrente el\u00e9trica, prote\u00e7\u00e3o de motores AC, ilumina\u00e7\u00e3o e dentre outros.<\/p>\n<p>Especifica\u00e7\u00f5es:<br \/>\n\u2013 Modelo: SCT-013-000<br \/>\n\u2013 Corrente de entrada: 0-100A<br \/>\n\u2013 Sinal de sa\u00edda: Corrente\/33mA<br \/>\n\u2013 Material do Core: Ferrite<br \/>\n\u2013 Diel\u00e9trico: 6000V AC\/1min<br \/>\n\u2013 Taxa anti-chama: UL94-V0<br \/>\n\u2013 Plug de sa\u00edda: 3,5mm<br \/>\n\u2013 Dimens\u00e3o abertura: 13 x 13mm<br \/>\n\u2013 Temperatura de trabalho: -25 a +70\u00b0C<br \/>\n\u2013 Comprimento do cabo: 150cm<\/p>\n","protected":false},"excerpt":{"rendered":"<p>Sensor de Corrente N\u00e3o Invasivo Sct-013 Yhdc 100A<\/p>\n<p>&nbsp;<\/p>\n","protected":false},"featured_media":8981,"template":"","meta":[],"product_brand":[],"product_cat":[196,178,197],"product_tag":[],"class_list":{"0":"post-8979","1":"product","2":"type-product","3":"status-publish","4":"has-post-thumbnail","6":"product_cat-medidores","7":"product_cat-sensores","8":"product_cat-volt-amperes","10":"entry","11":"has-media","13":"first","14":"outofstock","15":"shipping-taxable","16":"purchasable","17":"product-type-simple","18":"has-product-nav","19":"col","20":"span_1_of_3","21":"owp-content-center","22":"owp-thumbs-layout-horizontal","23":"owp-btn-normal","24":"owp-tabs-layout-horizontal"},"_links":{"self":[{"href":"https:\/\/arduxop.com.br\/loja\/wp-json\/wp\/v2\/product\/8979","targetHints":{"allow":["GET"]}}],"collection":[{"href":"https:\/\/arduxop.com.br\/loja\/wp-json\/wp\/v2\/product"}],"about":[{"href":"https:\/\/arduxop.com.br\/loja\/wp-json\/wp\/v2\/types\/product"}],"wp:featuredmedia":[{"embeddable":true,"href":"https:\/\/arduxop.com.br\/loja\/wp-json\/wp\/v2\/media\/8981"}],"wp:attachment":[{"href":"https:\/\/arduxop.com.br\/loja\/wp-json\/wp\/v2\/media?parent=8979"}],"wp:term":[{"taxonomy":"product_brand","embeddable":true,"href":"https:\/\/arduxop.com.br\/loja\/wp-json\/wp\/v2\/product_brand?post=8979"},{"taxonomy":"product_cat","embeddable":true,"href":"https:\/\/arduxop.com.br\/loja\/wp-json\/wp\/v2\/product_cat?post=8979"},{"taxonomy":"product_tag","embeddable":true,"href":"https:\/\/arduxop.com.br\/loja\/wp-json\/wp\/v2\/product_tag?post=8979"}],"curies":[{"name":"wp","href":"https:\/\/api.w.org\/{rel}","templated":true}]}}