{"id":8254,"date":"2019-09-17T15:59:39","date_gmt":"2019-09-17T18:59:39","guid":{"rendered":"https:\/\/arduxop.com.br\/loja\/?post_type=product&#038;p=8254"},"modified":"2024-07-25T07:55:09","modified_gmt":"2024-07-25T11:55:09","slug":"controle-remoto-lampada-3-canais","status":"publish","type":"product","link":"https:\/\/arduxop.com.br\/loja\/produto\/controle-remoto-lampada-3-canais\/","title":{"rendered":"Controle Remoto L\u00e2mpada 3 Canais"},"content":{"rendered":"<p>Com este produto \u00e9 poss\u00edvel controlar at\u00e9 3 ambientes diferentes para ligar e desligar a ilumina\u00e7\u00e3o.<br \/>\nPossui um controle remoto de longo alcance (aproximadamente 30 metros sem barreiras).<\/p>\n<p>Itens inclusos:<br \/>\n01 Pilha 23A para o controle Remoto<br \/>\n01 Controle remoto<br \/>\n01 Reator de 3 entradas independentes com rel\u00e9<\/p>\n","protected":false},"excerpt":{"rendered":"<p class=\"item-title__primary \">Controle Remoto L\u00e2mpada 3 Canais &#8211; Automa\u00e7\u00e3o Residencial<\/p>\n","protected":false},"featured_media":8258,"template":"","meta":[],"product_brand":[],"product_cat":[195,180],"product_tag":[],"class_list":{"0":"post-8254","1":"product","2":"type-product","3":"status-publish","4":"has-post-thumbnail","6":"product_cat-controle-remoto","7":"product_cat-wifi","9":"entry","10":"has-media","12":"first","13":"instock","14":"shipping-taxable","15":"purchasable","16":"product-type-simple","17":"has-product-nav","18":"col","19":"span_1_of_3","20":"owp-content-center","21":"owp-thumbs-layout-horizontal","22":"owp-btn-normal","23":"owp-tabs-layout-horizontal"},"_links":{"self":[{"href":"https:\/\/arduxop.com.br\/loja\/wp-json\/wp\/v2\/product\/8254","targetHints":{"allow":["GET"]}}],"collection":[{"href":"https:\/\/arduxop.com.br\/loja\/wp-json\/wp\/v2\/product"}],"about":[{"href":"https:\/\/arduxop.com.br\/loja\/wp-json\/wp\/v2\/types\/product"}],"wp:featuredmedia":[{"embeddable":true,"href":"https:\/\/arduxop.com.br\/loja\/wp-json\/wp\/v2\/media\/8258"}],"wp:attachment":[{"href":"https:\/\/arduxop.com.br\/loja\/wp-json\/wp\/v2\/media?parent=8254"}],"wp:term":[{"taxonomy":"product_brand","embeddable":true,"href":"https:\/\/arduxop.com.br\/loja\/wp-json\/wp\/v2\/product_brand?post=8254"},{"taxonomy":"product_cat","embeddable":true,"href":"https:\/\/arduxop.com.br\/loja\/wp-json\/wp\/v2\/product_cat?post=8254"},{"taxonomy":"product_tag","embeddable":true,"href":"https:\/\/arduxop.com.br\/loja\/wp-json\/wp\/v2\/product_tag?post=8254"}],"curies":[{"name":"wp","href":"https:\/\/api.w.org\/{rel}","templated":true}]}}