{"id":6197,"date":"2019-08-05T15:46:52","date_gmt":"2019-08-05T18:46:52","guid":{"rendered":"https:\/\/arduxop.com.br\/loja\/?post_type=product&#038;p=6197"},"modified":"2024-07-25T07:55:09","modified_gmt":"2024-07-25T11:55:09","slug":"arduino-due-2","status":"publish","type":"product","link":"https:\/\/arduxop.com.br\/loja\/produto\/arduino-due-2\/","title":{"rendered":"Arduino Mega Due"},"content":{"rendered":"<div>O\u00a0<strong>Arduino Due\u00a0<\/strong> \u00e9 uma placa projetada com um microcontrolador Atmel SAM3X8E ARM Cortex-M3 , dotado de uma linguagem de programa\u00e7\u00e3o padr\u00e3o, com terminais para entrada e sa\u00edda de energia e acess\u00f3rios. O Arduino em si \u00e9 uma plataforma de prototipagem destinada a designers, t\u00e9cnicos, estudantes e cientistas, que desejam projetar e desenvolver objetos e ambientes interativos ou funcionais.<\/div>\n<div>Ele\u00a0\u00e9 uma das vers\u00f5es do Arduino, seu diferencial dos demais modelos deve-se ao fato de possuir maior capacidade de mem\u00f3ria, sendo o primeiro controlador da fam\u00edlia Arduino a se basear em um microcontrolador arm de 32 bits e maior quantidade de portas, tanto anal\u00f3gicas quanto digitais, possibilitando tamb\u00e9m a convers\u00e3o de sinais anal\u00f3gicos para digitais.<\/div>\n<h4>Detalhes f\u00edsicos<\/h4>\n<div>Ele conta ainda com alto poder de processamento e duas portas micro USB, uma para programa\u00e7\u00e3o e outra porta nativa para utiliza\u00e7\u00e3o USB, contando ainda com exclusivo bot\u00e3o \u201cerase\u201d, que apaga o programa interno de seu microcontrolador, necess\u00e1rio em casos de programa\u00e7\u00e3o via porta nativa em que ocorra algum erro durante a grava\u00e7\u00e3o.<\/div>\n<h4>Pinagem<\/h4>\n<div>\n<div>A\u00a0principal diferen\u00e7a que o Arduino Due apresenta, j\u00e1 que ao contrario das demais placas Arduino dispon\u00edveis, ele apresenta seu funcionamento atrav\u00e9s de uma tens\u00e3o de 3,3V ou seja, a tens\u00e3o aplicada sobre os pinos n\u00e3o pode ultrapassar de 3,3V, podendo ocasionar graves danos a placa caso isto ocorra.<br \/>\nOs 54 pinos digitais\u00a0presentes podem vir a ser utilizados como pinos de entrada ou pinos de sa\u00edda (pinout), possuindo ainda 12\u00a0entradas anal\u00f3gicas, as quais possuem unitariamente resolu\u00e7\u00e3o de 10 bits, onde por padr\u00e3o do fabricante disponibiliza tens\u00f5es de sa\u00edda de 0 a 5 V, permitindo capacidade superior com o uso do AREF e a fun\u00e7\u00e3o de programa\u00e7\u00e3o analogReference, al\u00e9m de 2 pinos anal\u00f3gicos de sa\u00edda.<br \/>\nPara maiores possibilidades, todos seus pinos est\u00e3o em local de f\u00e1cil acesso, permitindo que por meio de jumpers seja poss\u00edvel fazer as correspondentes liga\u00e7\u00e3o do projeto rob\u00f3tico, al\u00e9m da placa possuir estrutura de pinos muito bem organizada e amplamente diversificada.<\/div>\n<\/div>\n<div><\/div>\n<div><\/div>\n<h4>Alimenta\u00e7\u00e3o<\/h4>\n<div>A\u00a0alimenta\u00e7\u00e3o do arduino due\u00a0pode ser feita de 2 modos, via USB ou por meio de Fonte. Quando utilizado por meio USB deve-se ter maior cuidado com o uso de componentes e sensores externos, isso porque, a corrente das portas USB de computadores e notebooks tendem a ser muito baixas (cerca de 250mA), o que poderia ser pouco se o microcontrolador estivesse alimentando diversos sensores ou servomotores, exemplificativamente.<br \/>\nJ\u00e1 a alimenta\u00e7\u00e3o externa por meio de fontes ou baterias \u00e9 indicada para proporcionar maiores possibilidades ao programador, lembrando que a sele\u00e7\u00e3o da entrada de energia \u00e9 feita automaticamente pelo Arduino\u00a0Due.<br \/>\nPor meio do plug P4 \u00e9 poss\u00edvel oferecer tens\u00f5es entre 6 a 160 V DC gra\u00e7as ao regulador interno, no entanto \u00e9 importante observar algumas recomenda\u00e7\u00f5es, entre elas n\u00e3o fornecer menos que 7V para n\u00e3o deix\u00e1-lo inst\u00e1vel e nem tens\u00f5es superiores a 12V, isso porque o regulador pode sobre aquecer e acarretar em graves danos.<\/div>\n<div><\/div>\n<div><\/div>\n<h4>Comunica\u00e7\u00e3o<\/h4>\n<div>A conex\u00e3o \u00e9 muito simples, com o aux\u00edlio de um cabo USB do tipo AB macho conectado ao Due e a outra via conectada diretamente na porta USB do notebook ou computador ser\u00e1 a feita a liga\u00e7\u00e3o f\u00edsica, permitindo que a pequena placa seja reconhecida e seja poss\u00edvel fazer as correspondes altera\u00e7\u00f5es de programa\u00e7\u00e3o desejadas.<br \/>\nN\u00e3o podemos deixar de relembrar da presen\u00e7a de uma porta USB nativa que permite conex\u00e3o com perifericos (USB HOST), aumentando a aplicabilidade deste incrivel microcontrolador, ampliando as finalidades em projetos eletr\u00f4nicos.<br \/>\nCom o cabo USB e o computador tornasse simplificada a comunica\u00e7\u00e3o serial, isso desde que o usu\u00e1rio baixe o programa necess\u00e1rio e inicie a execu\u00e7\u00e3o dos respectivos comandos de carregamento de c\u00f3digos e bibliotecas.<\/div>\n<div><\/div>\n<div><\/div>\n<h4>Informa\u00e7\u00f5es adicionais<\/h4>\n<div>Importante destacar que o <strong>Arduino Due<\/strong>\u00a0aqui comercializado \u00e9 o modelo ORIGINAL, produzido na It\u00e1lia, com acabamento e pe\u00e7as de alt\u00edssima qualidade. \u00c9 destinado para profissionais que bucam maiores possibilidades de aplica\u00e7\u00e3o, al\u00e9m de projetos mais sofisticados.<\/div>\n<div><a name=\"caract\"><\/a><\/div>\n<div><b class=\"product_title_interno\">CARACTER\u00cdSTICAS:<\/b><\/div>\n<ul>\n<li>&#8211;\u00a0Arduino Due\u00a0Original;<\/li>\n<li>&#8211; Pa\u00eds de origem: It\u00e1lia;<\/li>\n<li>&#8211; Sistema microcontrolado;<\/li>\n<li>&#8211; Qualidade superior de acabamento;<\/li>\n<li>&#8211; Exclusivo bot\u00e3o \u201cerase\u201d;<\/li>\n<li>&#8211; Alto poder de processamento;<\/li>\n<li>&#8211; Duas portas USB para programa\u00e7\u00e3o e usos diversos;<\/li>\n<li>&#8211; Superior quantidade de portas se comparado a outras vers\u00f5es;<\/li>\n<li>&#8211; Maior capacidade de mem\u00f3ria;<\/li>\n<li>&#8211; Indicado para projetos maiores, que necessitam maior quantidade de acess\u00f3rios;<\/li>\n<li>&#8211; Acompanha termo de garantia e caixa original;<\/li>\n<li>&#8211; Garantia de 1 ano pelo Fabricante;<\/li>\n<li>&#8211; \u00d3timo rela\u00e7\u00e3o de custo x benef\u00edcio.<\/li>\n<\/ul>\n<p>&nbsp;<\/p>\n<p><b class=\"product_title_interno\">ESPECIFICA\u00c7\u00d5ES:<\/b><\/p>\n<ul>\n<li>&#8211; Marca: Arduino;<\/li>\n<li>&#8211; Modelo: Due;<\/li>\n<li>&#8211; Microcontrolador: Atmel SAM3X8E;<\/li>\n<li>&#8211; Tens\u00e3o de funcionamento: 3,3V;<\/li>\n<li>&#8211; Tens\u00e3o de entrada (recomendada): 7 a 12V;<\/li>\n<li>&#8211; Limite de tens\u00e3o: 6 a 16 V;<\/li>\n<li>&#8211; Sa\u00eddas digitais I\/O Pin: 54 (dos quais 12 oferecem sa\u00edda PWM);<\/li>\n<li>&#8211; Pinos de entrada anal\u00f3gica: 12;<\/li>\n<li>&#8211; Pinos de sa\u00edda anal\u00f3gica: 2 (DAC);<\/li>\n<li>&#8211; Corrente DC total nos pinos: 130mA;<\/li>\n<li>&#8211; Corrente DC por sa\u00edda anal\u00f3gica Pin: 800mA;<\/li>\n<li>&#8211; Flash memory: 512kb toda dispon\u00edvel para os aplicativos do usu\u00e1rio;<\/li>\n<li>&#8211; SRAM: 96 KB (dois bancos: 64KB e 32KB);<\/li>\n<li>&#8211; Clock Speed: 84MHz;<\/li>\n<li>&#8211; Dimens\u00f5es: 104x53x12mm;<\/li>\n<li>&#8211; Peso: 36g;<\/li>\n<li>&#8211; Peso com embalagem: 46g.<\/li>\n<\/ul>\n<p class=\"responsive-video-wrap clr\"><iframe title=\"Arduino Due R3 Review - Myduino.com\" width=\"1200\" height=\"900\" src=\"https:\/\/www.youtube.com\/embed\/9mgf-_F4Y0s?start=115&#038;feature=oembed\" frameborder=\"0\" allow=\"accelerometer; autoplay; clipboard-write; encrypted-media; gyroscope; picture-in-picture\" allowfullscreen><\/iframe><\/p>\n<p class=\"responsive-video-wrap clr\"><iframe title=\"Arduino Due vs Arduino Mega 2560 Pi Benchmark DIY project from banggood.com\" width=\"1200\" height=\"675\" src=\"https:\/\/www.youtube.com\/embed\/KgfDEyBONzQ?feature=oembed\" frameborder=\"0\" allow=\"accelerometer; autoplay; clipboard-write; encrypted-media; gyroscope; picture-in-picture\" allowfullscreen><\/iframe><\/p>\n","protected":false},"excerpt":{"rendered":"<p>O Arduino Due \u00e9 uma placa baseada no microcontrolador Atmel SAM3X8E ARM Cortex-M3 CPU, sendo o primeiro Arduino com um microcontrolador core ARM de 32-bit.<\/p>\n","protected":false},"featured_media":3034,"template":"","meta":[],"product_brand":[],"product_cat":[49],"product_tag":[],"class_list":{"0":"post-6197","1":"product","2":"type-product","3":"status-publish","4":"has-post-thumbnail","6":"product_cat-microprocessadores","8":"entry","9":"has-media","11":"first","12":"outofstock","13":"sale","14":"shipping-taxable","15":"purchasable","16":"product-type-simple","17":"has-product-nav","18":"col","19":"span_1_of_3","20":"owp-content-center","21":"owp-thumbs-layout-horizontal","22":"owp-btn-normal","23":"owp-tabs-layout-horizontal"},"_links":{"self":[{"href":"https:\/\/arduxop.com.br\/loja\/wp-json\/wp\/v2\/product\/6197","targetHints":{"allow":["GET"]}}],"collection":[{"href":"https:\/\/arduxop.com.br\/loja\/wp-json\/wp\/v2\/product"}],"about":[{"href":"https:\/\/arduxop.com.br\/loja\/wp-json\/wp\/v2\/types\/product"}],"wp:featuredmedia":[{"embeddable":true,"href":"https:\/\/arduxop.com.br\/loja\/wp-json\/wp\/v2\/media\/3034"}],"wp:attachment":[{"href":"https:\/\/arduxop.com.br\/loja\/wp-json\/wp\/v2\/media?parent=6197"}],"wp:term":[{"taxonomy":"product_brand","embeddable":true,"href":"https:\/\/arduxop.com.br\/loja\/wp-json\/wp\/v2\/product_brand?post=6197"},{"taxonomy":"product_cat","embeddable":true,"href":"https:\/\/arduxop.com.br\/loja\/wp-json\/wp\/v2\/product_cat?post=6197"},{"taxonomy":"product_tag","embeddable":true,"href":"https:\/\/arduxop.com.br\/loja\/wp-json\/wp\/v2\/product_tag?post=6197"}],"curies":[{"name":"wp","href":"https:\/\/api.w.org\/{rel}","templated":true}]}}