{"id":5990,"date":"2019-08-02T11:57:51","date_gmt":"2019-08-02T14:57:51","guid":{"rendered":"https:\/\/arduxop.com.br\/loja\/?post_type=product&#038;p=5990"},"modified":"2024-07-25T07:55:12","modified_gmt":"2024-07-25T11:55:12","slug":"painel-energia-solar-fotovoltaica","status":"publish","type":"product","link":"https:\/\/arduxop.com.br\/loja\/produto\/painel-energia-solar-fotovoltaica\/","title":{"rendered":"Painel Energia Solar Fotovoltaica"},"content":{"rendered":"<p>Caracter\u00edsticas:<br \/>\n250mA 5 V 1.25 W Painel Solar<br \/>\nAlta taxa de convers\u00e3o, a sa\u00edda de alta efici\u00eancia<br \/>\nExcelente efeito de luz fraca<br \/>\nAdequado para carregar celulares e baterias pequeno DC<br \/>\nConstruir o seu DIY modelos movidos, exposi\u00e7\u00e3o solar e brinquedos solares<\/p>\n<p>Pot\u00eancia: 1.25 W<br \/>\nTens\u00e3o: 5 V<br \/>\nMaterial: sil\u00edcio Monocristalino<br \/>\nTamanho: 110x70mm<br \/>\nPeso: 28g<\/p>\n","protected":false},"excerpt":{"rendered":"<p class=\"item-title__primary \">Painel Energia Solar Fotovoltaica 5v 1.25w 250ma 69&#215;110<\/p>\n","protected":false},"featured_media":6029,"template":"","meta":[],"product_brand":[],"product_cat":[411,185,187,194,197],"product_tag":[495,497,496],"class_list":{"0":"post-5990","1":"product","2":"type-product","3":"status-publish","4":"has-post-thumbnail","6":"product_cat-sem-categoria","7":"product_cat-fontes","8":"product_cat-pilhas-e-baterias","9":"product_cat-reguladores-de-tensao","10":"product_cat-volt-amperes","11":"product_tag-energia","12":"product_tag-fotovoltaica","13":"product_tag-solar","15":"entry","16":"has-media","18":"first","19":"outofstock","20":"shipping-taxable","21":"purchasable","22":"product-type-simple","23":"has-product-nav","24":"col","25":"span_1_of_3","26":"owp-content-center","27":"owp-thumbs-layout-horizontal","28":"owp-btn-normal","29":"owp-tabs-layout-horizontal"},"_links":{"self":[{"href":"https:\/\/arduxop.com.br\/loja\/wp-json\/wp\/v2\/product\/5990","targetHints":{"allow":["GET"]}}],"collection":[{"href":"https:\/\/arduxop.com.br\/loja\/wp-json\/wp\/v2\/product"}],"about":[{"href":"https:\/\/arduxop.com.br\/loja\/wp-json\/wp\/v2\/types\/product"}],"wp:featuredmedia":[{"embeddable":true,"href":"https:\/\/arduxop.com.br\/loja\/wp-json\/wp\/v2\/media\/6029"}],"wp:attachment":[{"href":"https:\/\/arduxop.com.br\/loja\/wp-json\/wp\/v2\/media?parent=5990"}],"wp:term":[{"taxonomy":"product_brand","embeddable":true,"href":"https:\/\/arduxop.com.br\/loja\/wp-json\/wp\/v2\/product_brand?post=5990"},{"taxonomy":"product_cat","embeddable":true,"href":"https:\/\/arduxop.com.br\/loja\/wp-json\/wp\/v2\/product_cat?post=5990"},{"taxonomy":"product_tag","embeddable":true,"href":"https:\/\/arduxop.com.br\/loja\/wp-json\/wp\/v2\/product_tag?post=5990"}],"curies":[{"name":"wp","href":"https:\/\/api.w.org\/{rel}","templated":true}]}}