{"id":5981,"date":"2019-08-01T15:26:27","date_gmt":"2019-08-01T19:26:27","guid":{"rendered":"https:\/\/arduxop.com.br\/loja\/?post_type=product&#038;p=5981"},"modified":"2024-07-25T07:55:12","modified_gmt":"2024-07-25T11:55:12","slug":"conversor-dc-dc-step-up","status":"publish","type":"product","link":"https:\/\/arduxop.com.br\/loja\/produto\/conversor-dc-dc-step-up\/","title":{"rendered":"Carregador e Regulador de Tens\u00e3o Dc Dc Step Up 134N3P"},"content":{"rendered":"<p>Conversor DC DC Step Up USB 5V bateria de litium com prote\u00e7\u00e3o para carregador 134N3P<\/p>\n<p>1. Tens\u00e3o de Entrada: 3.7 V ~ 5.5 V<br \/>2. Corrente De Carregamento: 1A (max)<br \/>3. Corrente de Sa\u00edda: 1A (max)<br \/>4. Output tens\u00e3o: 5 V<br \/>5. BAT Descarga Parada Tens\u00e3o: 2.9 V<br \/>6. Descarga Efici\u00eancia: 85% (entrada 3.7 V sa\u00edda 5 V\/1A)<\/p>\n<p>Caracter\u00edsticas:<br \/>1. indica\u00e7\u00e3o em Led de Carregamento e descarregamento;<br \/>2.Instalado internamente carregamento e descarregamento de pot\u00eancia MOS;<br \/>3. Preset 4.2 V tens\u00e3o de carregamento, precis\u00e3o \u00b1 1%;<br \/>4. Max 8uA corrente \u00e0 espera;<br \/>5. Integra\u00e7\u00e3o de gest\u00e3o gest\u00e3o de carregamento e descarregamento;<br \/>6. Inteligente controle de temperatura e prote\u00e7\u00e3o de superaquecimento;<br \/>7. Integra\u00e7\u00e3o sa\u00edda de prote\u00e7\u00e3o contra sobretens\u00e3o, curto circuito, prote\u00e7\u00e3o contra sobrecarga;<br \/>8. Integra\u00e7\u00e3o de sobrecarga e prote\u00e7\u00e3o overdischarging;<br \/>9. Support modo trickle e zero tens\u00e3o de carregamento.<\/p>\n<p>Carregando: a luz vermelha piscando<br \/>Carregado: luz vermelha para de piscar<\/p>\n","protected":false},"excerpt":{"rendered":"<p class=\"item-title__primary \">Conversor Dc Dc Step Up Usb 5v Bateria De Litium<\/p>\n","protected":false},"featured_media":5985,"template":"","meta":[],"product_brand":[],"product_cat":[627,185,194],"product_tag":[],"class_list":{"0":"post-5981","1":"product","2":"type-product","3":"status-publish","4":"has-post-thumbnail","6":"product_cat-conversores-de-tensao","7":"product_cat-fontes","8":"product_cat-reguladores-de-tensao","10":"entry","11":"has-media","13":"first","14":"instock","15":"shipping-taxable","16":"purchasable","17":"product-type-simple","18":"has-product-nav","19":"col","20":"span_1_of_3","21":"owp-content-center","22":"owp-thumbs-layout-horizontal","23":"owp-btn-normal","24":"owp-tabs-layout-horizontal"},"_links":{"self":[{"href":"https:\/\/arduxop.com.br\/loja\/wp-json\/wp\/v2\/product\/5981","targetHints":{"allow":["GET"]}}],"collection":[{"href":"https:\/\/arduxop.com.br\/loja\/wp-json\/wp\/v2\/product"}],"about":[{"href":"https:\/\/arduxop.com.br\/loja\/wp-json\/wp\/v2\/types\/product"}],"wp:featuredmedia":[{"embeddable":true,"href":"https:\/\/arduxop.com.br\/loja\/wp-json\/wp\/v2\/media\/5985"}],"wp:attachment":[{"href":"https:\/\/arduxop.com.br\/loja\/wp-json\/wp\/v2\/media?parent=5981"}],"wp:term":[{"taxonomy":"product_brand","embeddable":true,"href":"https:\/\/arduxop.com.br\/loja\/wp-json\/wp\/v2\/product_brand?post=5981"},{"taxonomy":"product_cat","embeddable":true,"href":"https:\/\/arduxop.com.br\/loja\/wp-json\/wp\/v2\/product_cat?post=5981"},{"taxonomy":"product_tag","embeddable":true,"href":"https:\/\/arduxop.com.br\/loja\/wp-json\/wp\/v2\/product_tag?post=5981"}],"curies":[{"name":"wp","href":"https:\/\/api.w.org\/{rel}","templated":true}]}}