{"id":4630,"date":"2019-06-25T14:53:59","date_gmt":"2019-06-25T17:53:59","guid":{"rendered":"https:\/\/arduxop.com.br\/loja\/?post_type=product&#038;p=4630"},"modified":"2026-02-24T16:49:30","modified_gmt":"2026-02-24T20:49:30","slug":"led-de-alta-potencia","status":"publish","type":"product","link":"https:\/\/arduxop.com.br\/loja\/produto\/led-de-alta-potencia\/","title":{"rendered":"Led de Alta Pot\u00eancia Branco ou Azul"},"content":{"rendered":"<p>&#8211; O LED Branco 10W \u00e9 um produto reconhecido pela sua alta capacidade e pot\u00eancia sobressalente quando comparado aos demais LEDs.<br \/>\n&#8211; Em uma compara\u00e7\u00e3o simples o LED Branco mostra-se um produto de \u00f3timo custo x benef\u00edcio, chegando inclusive a mostrar economia de mais de 90% no consumo de energia quando comparado com uma l\u00e2mpada hal\u00f3gena tradicional.<br \/>\n&#8211; Por ser de alta pot\u00eancia o LED Branco tem alto n\u00edvel de luminosidade, iluminando de forma eficiente ambientes escuros e destacando-se quando aplicado em projetos eletr\u00f4nicos.<br \/>\n&#8211; Com uma vida \u00fatil normal de at\u00e9 100.000 horas, isto \u00e9, 17 anos se usado 8 horas por dia ou 5.000 horas em processo de trabalho cont\u00ednuo e 1.000 horas se usado continuamente em alta pot\u00eancia, o LED Branco 10W mostra uma capacidade elevada de vida \u00fatil quando comparado com a maioria das l\u00e2mpadas LEDs dispon\u00edveis no mercado.<br \/>\n&#8211; A parte inferior do LED Branco \u00e9 produzida em alum\u00ednio, garantindo boa rigidez e maior durabilidade, podendo ser aplicado inclusive em ambientes \u00famidos.<br \/>\n&#8211; Garanta j\u00e1 seu LED Branco e tenha certeza de estar adquirindo um produto de qualidade superior com design arrojado e moderno.<\/p>\n<p>CARACTER\u00cdSTICAS:<br \/>\n&#8211; LED Branco 10W;<br \/>\n&#8211; Alta Pot\u00eancia;<br \/>\n&#8211; Econ\u00f4mia de energia de at\u00e9 90% quando comparado as l\u00e2mpadas hal\u00f3genas;<br \/>\n&#8211; Utilizado para ilumina\u00e7\u00e3o de ambientes internos e para aplica\u00e7\u00e3o em projetos;<br \/>\n&#8211; Base produzida em alum\u00ednio;<br \/>\n&#8211; Produto de boa rigidez e durabilidade;<br \/>\n&#8211; Vida \u00fatil normal de at\u00e9 100.000 horas;<br \/>\n&#8211; Pode ser aplicado em ambientes \u00famidos;<br \/>\n&#8211; Necess\u00e1rio uso de dissipador de calor;<br \/>\n&#8211; Produto de \u00f3timo custo x benef\u00edcio.<\/p>\n<p>ESPECIFICA\u00c7\u00d5ES:<br \/>\n&#8211; Marca: Epistar;<br \/>\n&#8211; Pot\u00eancia: 10W;<br \/>\n&#8211; Luminosidade: 900 a 1000lm;<br \/>\n&#8211; CCT: 6000 a 6500K;<br \/>\n&#8211; Temperatura de cor: Branco Frio;<br \/>\n&#8211; Tens\u00e3o de trabalho: 10 a 12VDC;<br \/>\n&#8211; Corrente de trabalho: 800 a 900mA;<br \/>\n&#8211; Dimens\u00f5es (CxLxE): 29x 20x 3,4mm<br \/>\n&#8211; Peso: 4g.<\/p>\n","protected":false},"excerpt":{"rendered":"<p class=\"item-title__primary \">Super Power Led 10w Branco ou Azul 6000~6500k!!!!<\/p>\n","protected":false},"featured_media":4638,"template":"","meta":[],"product_brand":[],"product_cat":[411],"product_tag":[],"class_list":{"0":"post-4630","1":"product","2":"type-product","3":"status-publish","4":"has-post-thumbnail","6":"product_cat-sem-categoria","8":"entry","9":"has-media","11":"first","12":"instock","13":"shipping-taxable","14":"purchasable","15":"product-type-simple","16":"has-product-nav","17":"col","18":"span_1_of_3","19":"owp-content-center","20":"owp-thumbs-layout-horizontal","21":"owp-btn-normal","22":"owp-tabs-layout-horizontal"},"_links":{"self":[{"href":"https:\/\/arduxop.com.br\/loja\/wp-json\/wp\/v2\/product\/4630","targetHints":{"allow":["GET"]}}],"collection":[{"href":"https:\/\/arduxop.com.br\/loja\/wp-json\/wp\/v2\/product"}],"about":[{"href":"https:\/\/arduxop.com.br\/loja\/wp-json\/wp\/v2\/types\/product"}],"wp:featuredmedia":[{"embeddable":true,"href":"https:\/\/arduxop.com.br\/loja\/wp-json\/wp\/v2\/media\/4638"}],"wp:attachment":[{"href":"https:\/\/arduxop.com.br\/loja\/wp-json\/wp\/v2\/media?parent=4630"}],"wp:term":[{"taxonomy":"product_brand","embeddable":true,"href":"https:\/\/arduxop.com.br\/loja\/wp-json\/wp\/v2\/product_brand?post=4630"},{"taxonomy":"product_cat","embeddable":true,"href":"https:\/\/arduxop.com.br\/loja\/wp-json\/wp\/v2\/product_cat?post=4630"},{"taxonomy":"product_tag","embeddable":true,"href":"https:\/\/arduxop.com.br\/loja\/wp-json\/wp\/v2\/product_tag?post=4630"}],"curies":[{"name":"wp","href":"https:\/\/api.w.org\/{rel}","templated":true}]}}