{"id":3857,"date":"2019-05-14T10:00:46","date_gmt":"2019-05-14T14:00:46","guid":{"rendered":"https:\/\/arduxop.com.br\/loja\/?post_type=product&#038;p=3857"},"modified":"2024-07-25T07:55:14","modified_gmt":"2024-07-25T11:55:14","slug":"celula-de-carga","status":"publish","type":"product","link":"https:\/\/arduxop.com.br\/loja\/produto\/celula-de-carga\/","title":{"rendered":"C\u00e9lula De Carga HX711 + 1Transdutor"},"content":{"rendered":"<p>Este \u00e9 um sensor de carga de meia-ponte, muito utilizado em balan\u00e7as. Quando a meia-ponte \u00e9 esticada, ela envia um sinal atrav\u00e9s do fio vermelho. Voc\u00ea pode usar v\u00e1rios sensores de carga simultaneamente para aumentar a capacidade. \u00c9 compat\u00edvel com as principais balan\u00e7as comerciais do mercado e muito utilizado em projetos com microcontroladores (MCU) como Arduino, PIC, Rasppberry PI em conjunto com HX711.<\/p>\n<p>&#8211; Compat\u00edvel com Arduino, raspberry, esp, PIC, ARM, AVR, entre outros;<br \/>&#8211; \u00c9 poss\u00edvel combinar diversos sensores para aumentar a capacidade de carga. At\u00e9 4 = 200 Kilos<br \/>&#8211; A tens\u00e3o de sa\u00edda varia conforme o peso;<br \/>&#8211; Fabricado em metal resistente;<br \/>&#8211; \u00c9 necess\u00e1rio utilizar um amplificador de sinal.<br \/>&#8211; \u00d3tima rela\u00e7\u00e3o custo x benef\u00edcio.<\/p>\n<p>Caracter\u00edsticas:<br \/>Dimens\u00f5es (mm): 28 * 28 * 8<br \/>Capacidade (kg): 50<br \/>Margem de erro (% F.S): 0.2<br \/>Sensibilidade de sa\u00edda (mv \/ v): 1,1 \u00b1 0,15<br \/>N\u00e3o linearidade (% F.S): 0.2<br \/>Repetibilidade (% F.S): 0,1<br \/>Histerese (% F.S): 0,2<br \/>Distor\u00e7\u00e3o (% F.S\/3min): 0,1<br \/>Zero desvio (% F.S\/1min): 0,1<br \/>Temp. Efeito em zero (% F.S\/10 \u00b0 C): 0,2<br \/>Temp. Efeito na sa\u00edda (% F.S\/10 \u00b0 C): = 0,15<br \/>Zero sa\u00edda (mV \/ V): \u00b1 0,3<br \/>Resist\u00eancia de entrada (O): 1000 \u00b1 50<br \/>Resist\u00eancia de Sa\u00edda (O): 1000 \u00b1 50<br \/>Resist\u00eancia de Isolamento (M O): = 2000 (100VDC)<br \/>Tens\u00e3o de excita\u00e7\u00e3o (V): 5 ~ 10<br \/>Temperatura de opera\u00e7\u00e3o (\u00b0 C): -10 ~ +50<br \/>Capacidade de sobrecarga (% F.S): 150<br \/>Pinagem: vermelho = Sig +; branco = Exc -; azul = Exc +Exc +<\/p>\n","protected":false},"excerpt":{"rendered":"<p>C\u00e9lula De Carga Sensor Peso + Hx711 24bits<\/p>\n","protected":false},"featured_media":1914,"template":"","meta":[],"product_brand":[],"product_cat":[45,196],"product_tag":[],"class_list":{"0":"post-3857","1":"product","2":"type-product","3":"status-publish","4":"has-post-thumbnail","6":"product_cat-componentes","7":"product_cat-medidores","9":"entry","10":"has-media","12":"first","13":"instock","14":"purchasable","15":"product-type-simple","16":"has-product-nav","17":"col","18":"span_1_of_3","19":"owp-content-center","20":"owp-thumbs-layout-horizontal","21":"owp-btn-normal","22":"owp-tabs-layout-horizontal"},"_links":{"self":[{"href":"https:\/\/arduxop.com.br\/loja\/wp-json\/wp\/v2\/product\/3857","targetHints":{"allow":["GET"]}}],"collection":[{"href":"https:\/\/arduxop.com.br\/loja\/wp-json\/wp\/v2\/product"}],"about":[{"href":"https:\/\/arduxop.com.br\/loja\/wp-json\/wp\/v2\/types\/product"}],"wp:featuredmedia":[{"embeddable":true,"href":"https:\/\/arduxop.com.br\/loja\/wp-json\/wp\/v2\/media\/1914"}],"wp:attachment":[{"href":"https:\/\/arduxop.com.br\/loja\/wp-json\/wp\/v2\/media?parent=3857"}],"wp:term":[{"taxonomy":"product_brand","embeddable":true,"href":"https:\/\/arduxop.com.br\/loja\/wp-json\/wp\/v2\/product_brand?post=3857"},{"taxonomy":"product_cat","embeddable":true,"href":"https:\/\/arduxop.com.br\/loja\/wp-json\/wp\/v2\/product_cat?post=3857"},{"taxonomy":"product_tag","embeddable":true,"href":"https:\/\/arduxop.com.br\/loja\/wp-json\/wp\/v2\/product_tag?post=3857"}],"curies":[{"name":"wp","href":"https:\/\/api.w.org\/{rel}","templated":true}]}}