{"id":3856,"date":"2019-05-14T09:45:29","date_gmt":"2019-05-14T12:45:29","guid":{"rendered":"https:\/\/arduxop.com.br\/loja\/?post_type=product&#038;p=3856"},"modified":"2024-07-25T07:55:15","modified_gmt":"2024-07-25T11:55:15","slug":"modulo-sensor-de-cor","status":"publish","type":"product","link":"https:\/\/arduxop.com.br\/loja\/produto\/modulo-sensor-de-cor\/","title":{"rendered":"Modulo Sensor De Cores"},"content":{"rendered":"<p>O sensor de cor TCS230 combina fotodiodos de sil\u00edcio configur\u00e1veis e um conversor de corrente para frequ\u00eancia em um \u00fanico circuito integrado monol\u00edtico CMOS.<\/p>\n<p>Caracter\u00edsticas T\u00e9cnicas:<\/p>\n<p>* Chip: TCS230;<\/p>\n<p>* Melhor dist\u00e2ncia de detec\u00e7\u00e3o: 1 cm;<\/p>\n<p>* Alimenta\u00e7\u00e3o: 3V ~ 5V;<\/p>\n<p>* Dimens\u00f5es: 2,4 cm X 3,1 cm.<\/p>\n<p>Exemplo de Uso:,<\/p>\n<p>http:\/\/imasters.com.br\/open-hardware-2\/biblioteca-arduino-pra-o-sensor-de-cor-tcs320-e-tcs3200\/ Biblioteca:,<\/p>\n<p>http:\/\/tuxti.com.br\/arquivos\/arduino\/sensores\/cor_tcs230_2\/bibliotecas_sensor_cor.zip<\/p>\n","protected":false},"excerpt":{"rendered":"<p>Modulo Sensor De Cores Rgb Tcs230<\/p>\n","protected":false},"featured_media":1836,"template":"","meta":[],"product_brand":[],"product_cat":[196,50,178],"product_tag":[486,487],"class_list":{"0":"post-3856","1":"product","2":"type-product","3":"status-publish","4":"has-post-thumbnail","6":"product_cat-medidores","7":"product_cat-modulos","8":"product_cat-sensores","9":"product_tag-cor","10":"product_tag-cores","12":"entry","13":"has-media","15":"first","16":"outofstock","17":"purchasable","18":"product-type-simple","19":"has-product-nav","20":"col","21":"span_1_of_3","22":"owp-content-center","23":"owp-thumbs-layout-horizontal","24":"owp-btn-normal","25":"owp-tabs-layout-horizontal","26":"has-no-thumbnails"},"_links":{"self":[{"href":"https:\/\/arduxop.com.br\/loja\/wp-json\/wp\/v2\/product\/3856","targetHints":{"allow":["GET"]}}],"collection":[{"href":"https:\/\/arduxop.com.br\/loja\/wp-json\/wp\/v2\/product"}],"about":[{"href":"https:\/\/arduxop.com.br\/loja\/wp-json\/wp\/v2\/types\/product"}],"wp:featuredmedia":[{"embeddable":true,"href":"https:\/\/arduxop.com.br\/loja\/wp-json\/wp\/v2\/media\/1836"}],"wp:attachment":[{"href":"https:\/\/arduxop.com.br\/loja\/wp-json\/wp\/v2\/media?parent=3856"}],"wp:term":[{"taxonomy":"product_brand","embeddable":true,"href":"https:\/\/arduxop.com.br\/loja\/wp-json\/wp\/v2\/product_brand?post=3856"},{"taxonomy":"product_cat","embeddable":true,"href":"https:\/\/arduxop.com.br\/loja\/wp-json\/wp\/v2\/product_cat?post=3856"},{"taxonomy":"product_tag","embeddable":true,"href":"https:\/\/arduxop.com.br\/loja\/wp-json\/wp\/v2\/product_tag?post=3856"}],"curies":[{"name":"wp","href":"https:\/\/api.w.org\/{rel}","templated":true}]}}