{"id":3854,"date":"2019-05-14T09:42:14","date_gmt":"2019-05-14T12:42:14","guid":{"rendered":"https:\/\/arduxop.com.br\/loja\/?post_type=product&#038;p=3854"},"modified":"2024-07-25T07:55:16","modified_gmt":"2024-07-25T11:55:16","slug":"modulo-leitor-rfid-rc522-13-56mhz-2","status":"publish","type":"product","link":"https:\/\/arduxop.com.br\/loja\/produto\/modulo-leitor-rfid-rc522-13-56mhz-2\/","title":{"rendered":"M\u00f3dulo Leitor Rfid Rc522 13.56mhz"},"content":{"rendered":"<p>Adota o design dos circuito dos chips de leitura Philips MFRC522 , de baixo custo,f\u00e1cil de usar,\u00a0 adequado para o desenvolvimento de diversos equipamentos, desenvolvimento deaplica\u00e7\u00f5es avan\u00e7adas tais como usu\u00e1rios de leitores de terminal de cart\u00e3o de RF.Frequ\u00eancia de Opera\u00e7\u00e3o: 13.56MHz , utiliza tens\u00e3o de 3,3 V,atrav\u00e9s da interface SPI simples, e pode ser conectadofacilmente a um microcontrolador.Suporta Cart\u00f5es: mifare1 S50, mifare1 S70,mifare UltraLight, mifare Pro, mifare DesfireDimens\u00f5ess: 40mm \u00d7 60mm .Este kit acompanha:1 &#8211; M\u00f3dulo RFID-RC5221 &#8211; Tag (tipo chaveiro) Padr\u00e3o S501 &#8211; Cart\u00e3o em branco Padr\u00e3o S501 &#8211; Barra 1 x 8 de pinos\u00a0 lateral1 &#8211; Barra 1 x 8 de pinos frontal<\/p>\n","protected":false},"excerpt":{"rendered":"<p>Adota o design dos circuito dos chips de leitura Philips MFRC522 , de baixo custo,f\u00e1cil de usar,\u00a0 adequado para o desenvolvimento de diversos equipamentos, desenvolvimento deaplica\u00e7\u00f5es avan\u00e7adas tais como usu\u00e1rios de leitores de terminal de cart\u00e3o de RF.Frequ\u00eancia de Opera\u00e7\u00e3o: 13.56MHz , utiliza tens\u00e3o de 3,3 V,atrav\u00e9s da interface SPI simples, e pode ser conectadofacilmente [&hellip;]<\/p>\n","protected":false},"featured_media":1475,"template":"","meta":[],"product_brand":[],"product_cat":[195,48,50],"product_tag":[498],"class_list":{"0":"post-3854","1":"product","2":"type-product","3":"status-publish","4":"has-post-thumbnail","6":"product_cat-controle-remoto","7":"product_cat-kits","8":"product_cat-modulos","9":"product_tag-rfid","11":"entry","12":"has-media","14":"first","15":"outofstock","16":"purchasable","17":"product-type-simple","18":"has-product-nav","19":"col","20":"span_1_of_3","21":"owp-content-center","22":"owp-thumbs-layout-horizontal","23":"owp-btn-normal","24":"owp-tabs-layout-horizontal","25":"has-no-thumbnails"},"_links":{"self":[{"href":"https:\/\/arduxop.com.br\/loja\/wp-json\/wp\/v2\/product\/3854","targetHints":{"allow":["GET"]}}],"collection":[{"href":"https:\/\/arduxop.com.br\/loja\/wp-json\/wp\/v2\/product"}],"about":[{"href":"https:\/\/arduxop.com.br\/loja\/wp-json\/wp\/v2\/types\/product"}],"wp:featuredmedia":[{"embeddable":true,"href":"https:\/\/arduxop.com.br\/loja\/wp-json\/wp\/v2\/media\/1475"}],"wp:attachment":[{"href":"https:\/\/arduxop.com.br\/loja\/wp-json\/wp\/v2\/media?parent=3854"}],"wp:term":[{"taxonomy":"product_brand","embeddable":true,"href":"https:\/\/arduxop.com.br\/loja\/wp-json\/wp\/v2\/product_brand?post=3854"},{"taxonomy":"product_cat","embeddable":true,"href":"https:\/\/arduxop.com.br\/loja\/wp-json\/wp\/v2\/product_cat?post=3854"},{"taxonomy":"product_tag","embeddable":true,"href":"https:\/\/arduxop.com.br\/loja\/wp-json\/wp\/v2\/product_tag?post=3854"}],"curies":[{"name":"wp","href":"https:\/\/api.w.org\/{rel}","templated":true}]}}