{"id":3818,"date":"2019-04-23T15:53:14","date_gmt":"2019-04-23T19:53:14","guid":{"rendered":"https:\/\/arduxop.com.br\/loja\/?post_type=product&#038;p=3818"},"modified":"2024-07-25T07:55:17","modified_gmt":"2024-07-25T11:55:17","slug":"modulo-amplificador-e-decodificador-de-audio-mp3","status":"publish","type":"product","link":"https:\/\/arduxop.com.br\/loja\/produto\/modulo-amplificador-e-decodificador-de-audio-mp3\/","title":{"rendered":"M\u00f3dulo Amplificador e Decodificador de \u00c1udio MP3"},"content":{"rendered":"<p>\u00d3tima qualidade de som. A bordo 2W mono (5V pot\u00eancia de at\u00e9 3W) \u00e9 diretamente ligado ao Alto-falante (recomenda\u00e7\u00e3o alto-falantes de 4\u03a9 3W), 3,5 mm banhado a Ouro fone de ouvido podendo se conectar a fones de ouvido<br \/>Possui porta Micro USB para cart\u00f5es de dados(16G), e porta USB para leitura de pendrives (32G), executando automaticamente leitura de musicas no formato mp3.<br \/>Terminais borne para liga\u00e7\u00e3o no auto-falante.<br \/>M\u00f3dulo projetado para facilitar a modifica\u00e7\u00e3o<br \/>Faixa de pot\u00eancia: 3,7 ~ 5,5 V<br \/>Tamanho do produto: 47 mm * 34 mm\/18,50*13,38&#8243;<\/p>\n<p><strong>Vis\u00e3o geral do produto:<\/strong><\/p>\n<p>Modo de reprodu\u00e7\u00e3o; Power ON modo de cart\u00e3o TF Padr\u00e3o, se o cart\u00e3o Micro SD n\u00e3o estiver conectado saltar automaticamente para o USB Pendrive, ambos dispositivos est\u00e3o instalados, e voc\u00ea pode tamb\u00e9m configurar manualmente o modo de reprodu\u00e7\u00e3o. Para mais detalhes por favor, veja a chave de opera\u00e7\u00e3o Instru\u00e7\u00f5es<br \/>Bot\u00f5es pode ser ajustado para cima e para baixo para can\u00e7\u00f5es de controle, volume para cima e para baixo, Pausar ou reproduzir, modo de comuta\u00e7\u00e3o. For detalhes, consulte as instru\u00e7\u00f5es de opera\u00e7\u00e3o-chave<br \/>Pressione o bot\u00e3o menu entrar no \u00fanico\/ALL m\u00fasica modo de reprodu\u00e7\u00e3o. O modo padr\u00e3o \u00e9 o Todos os modo de m\u00fasica quando ligar. Pressing o bot\u00e3o repeat pode substituir a circula\u00e7\u00e3o Modo<\/p>\n<p><strong>Instru\u00e7\u00f5es de opera\u00e7\u00e3o-chave:<\/strong><\/p>\n<p><strong>&#8220;PREV\/V-&#8221; bot\u00e3o:<\/strong> &#8220;pressione&#8221; para comuta\u00e7\u00e3o da m\u00fasica anterior, &#8220;pressione e segure&#8221; para o volume baixo<br \/><strong>&#8220;Next\/v + +&#8221; bot\u00e3o: <\/strong>&#8220;pressione&#8221; para comuta\u00e7\u00e3o da m\u00fasica seguinte, &#8220;pressione e segure&#8221; para aumentar o volume<br \/><strong>&#8220;P\/P\/mode&#8221; bot\u00e3o:<\/strong> &#8220;pressione&#8221; para o Play\/Pause, ou &#8220;pressione e segure&#8221; para alternar a execu\u00e7\u00e3o entre o pendrive ou o cart\u00e3o micro SD<br \/><strong>&#8220;Repetir&#8221; bot\u00e3o:<\/strong> &#8220;pressione&#8221; para o modo &#8220;single\/all m\u00fasica&#8221; (n\u00e3o pressione e segure)<\/p>\n<p><strong>OBS:<\/strong> Se voc\u00ea usar o modo de Pendrive, recomenda-se a tens\u00e3o de fornecimento de 5V, pois em alguns casos o pendrive n\u00e3o suporta 3,7V como tens\u00e3o de alimenta\u00e7\u00e3o.<\/p>\n","protected":false},"excerpt":{"rendered":"<p><\/p>\n","protected":false},"featured_media":3819,"template":"","meta":[],"product_brand":[],"product_cat":[50],"product_tag":[447],"class_list":{"0":"post-3818","1":"product","2":"type-product","3":"status-publish","4":"has-post-thumbnail","6":"product_cat-modulos","7":"product_tag-mp3","9":"entry","10":"has-media","12":"first","13":"instock","14":"shipping-taxable","15":"purchasable","16":"product-type-simple","17":"has-product-nav","18":"col","19":"span_1_of_3","20":"owp-content-center","21":"owp-thumbs-layout-horizontal","22":"owp-btn-normal","23":"owp-tabs-layout-horizontal","24":"has-no-thumbnails"},"_links":{"self":[{"href":"https:\/\/arduxop.com.br\/loja\/wp-json\/wp\/v2\/product\/3818","targetHints":{"allow":["GET"]}}],"collection":[{"href":"https:\/\/arduxop.com.br\/loja\/wp-json\/wp\/v2\/product"}],"about":[{"href":"https:\/\/arduxop.com.br\/loja\/wp-json\/wp\/v2\/types\/product"}],"wp:featuredmedia":[{"embeddable":true,"href":"https:\/\/arduxop.com.br\/loja\/wp-json\/wp\/v2\/media\/3819"}],"wp:attachment":[{"href":"https:\/\/arduxop.com.br\/loja\/wp-json\/wp\/v2\/media?parent=3818"}],"wp:term":[{"taxonomy":"product_brand","embeddable":true,"href":"https:\/\/arduxop.com.br\/loja\/wp-json\/wp\/v2\/product_brand?post=3818"},{"taxonomy":"product_cat","embeddable":true,"href":"https:\/\/arduxop.com.br\/loja\/wp-json\/wp\/v2\/product_cat?post=3818"},{"taxonomy":"product_tag","embeddable":true,"href":"https:\/\/arduxop.com.br\/loja\/wp-json\/wp\/v2\/product_tag?post=3818"}],"curies":[{"name":"wp","href":"https:\/\/api.w.org\/{rel}","templated":true}]}}