{"id":3810,"date":"2019-04-23T16:22:33","date_gmt":"2019-04-23T20:22:33","guid":{"rendered":"https:\/\/arduxop.com.br\/loja\/?post_type=product&#038;p=3810"},"modified":"2024-07-25T07:55:17","modified_gmt":"2024-07-25T11:55:17","slug":"modulo-sensor-optico-reflexivo-tcrt5000","status":"publish","type":"product","link":"https:\/\/arduxop.com.br\/loja\/produto\/modulo-sensor-optico-reflexivo-tcrt5000\/","title":{"rendered":"M\u00f3dulo Sensor \u00d3ptico Reflexivo TCRT5000"},"content":{"rendered":"<p>Esse m\u00f3dulo \u00e9 baseado no sensor segue faixa inframervelho TCRT5000 que \u00e9 composto por dois LEDs, um emissor e um receptor infravermelho. O Emissor emite a luz infravermelha, quando a luz n\u00e3o \u00e9 refletida ou \u00e9 refletida de volta, mas a intensidade n\u00e3o \u00e9 suficientemente forte, o fototransistor n\u00e3o conduz (desligado), dessa forma, a sa\u00edda do m\u00f3dulo \u00e9 baixo. Se existir objetos na \u00e1rea de detec\u00e7\u00e3o, e a intensidade dos raios infravermelhos refletidos \u00e9 forte o suficiente para saturar o fototransistor, a sa\u00edda do m\u00f3dulo \u00e9 alta. Essa placa ser\u00e1 muito \u00fatil para confec\u00e7\u00e3o de pequenos circuitos em PCB, de forma simples e r\u00e1pida.<\/p>\n<p>Este M\u00f3dulo Sensor \u00d3ptico conta ainda com um potenci\u00f4metro para ajuste da sensibilidade do sensor, o que facilita bastante a constru\u00e7\u00e3o do prot\u00f3tipo ganhando-se tempo j\u00e1 que n\u00e3o h\u00e1 a necessidade de implementar este ajuste no software do microcontrolador.<\/p>\n<p>Com esse tipo de sensor, podemos detectar se uma superf\u00edcie \u00e9 escura ou clara, j\u00e1 que superf\u00edcies escuras quase n\u00e3o refletem a luz e as claras refletem quase toda a luz incidente. Assim, pode ser usado em projetos de rob\u00f3tica para detec\u00e7\u00e3o de linhas e de obst\u00e1culos entre outras aplica\u00e7\u00f5es.<\/p>\n<p><strong>Especifica\u00e7\u00f5es:<\/strong><\/p>\n<p>&#8211; Sensor reflexivo infravermelho TCRT5000;<br \/>&#8211; Dist\u00e2ncia de detec\u00e7\u00e3o: 1mm ~ 8 mm;<br \/>&#8211; Tens\u00e3o de trabalho: 3.3V-5V;<br \/>&#8211; Sa\u00edda Digital: TTL;<br \/>&#8211; Dimens\u00e3o: 32mm x 14 mm;<br \/>&#8211; Utiliza comparador de tens\u00e3o LM393<\/p>\n","protected":false},"excerpt":{"rendered":"<p><\/p>\n","protected":false},"featured_media":3811,"template":"","meta":[],"product_brand":[],"product_cat":[50,178],"product_tag":[421],"class_list":{"0":"post-3810","1":"product","2":"type-product","3":"status-publish","4":"has-post-thumbnail","6":"product_cat-modulos","7":"product_cat-sensores","8":"product_tag-trilha","10":"entry","11":"has-media","13":"first","14":"instock","15":"shipping-taxable","16":"purchasable","17":"product-type-simple","18":"has-product-nav","19":"col","20":"span_1_of_3","21":"owp-content-center","22":"owp-thumbs-layout-horizontal","23":"owp-btn-normal","24":"owp-tabs-layout-horizontal"},"_links":{"self":[{"href":"https:\/\/arduxop.com.br\/loja\/wp-json\/wp\/v2\/product\/3810","targetHints":{"allow":["GET"]}}],"collection":[{"href":"https:\/\/arduxop.com.br\/loja\/wp-json\/wp\/v2\/product"}],"about":[{"href":"https:\/\/arduxop.com.br\/loja\/wp-json\/wp\/v2\/types\/product"}],"wp:featuredmedia":[{"embeddable":true,"href":"https:\/\/arduxop.com.br\/loja\/wp-json\/wp\/v2\/media\/3811"}],"wp:attachment":[{"href":"https:\/\/arduxop.com.br\/loja\/wp-json\/wp\/v2\/media?parent=3810"}],"wp:term":[{"taxonomy":"product_brand","embeddable":true,"href":"https:\/\/arduxop.com.br\/loja\/wp-json\/wp\/v2\/product_brand?post=3810"},{"taxonomy":"product_cat","embeddable":true,"href":"https:\/\/arduxop.com.br\/loja\/wp-json\/wp\/v2\/product_cat?post=3810"},{"taxonomy":"product_tag","embeddable":true,"href":"https:\/\/arduxop.com.br\/loja\/wp-json\/wp\/v2\/product_tag?post=3810"}],"curies":[{"name":"wp","href":"https:\/\/api.w.org\/{rel}","templated":true}]}}