{"id":3805,"date":"2019-04-22T11:39:48","date_gmt":"2019-04-22T14:39:48","guid":{"rendered":"https:\/\/arduxop.com.br\/loja\/?post_type=product&#038;p=3805"},"modified":"2024-07-25T07:55:18","modified_gmt":"2024-07-25T11:55:18","slug":"detectores-de-gases","status":"publish","type":"product","link":"https:\/\/arduxop.com.br\/loja\/produto\/detectores-de-gases\/","title":{"rendered":"Detectores de Gases"},"content":{"rendered":"<p><img fetchpriority=\"high\" decoding=\"async\" class=\"aligncenter size-full wp-image-3807\" src=\"https:\/\/arduxop.com.br\/loja\/wp-content\/uploads\/2019\/04\/kit-sensor-de-gas-mq-2-mq-3-mq-4-mq-5-mq-6-mq-7-mq-8-mq-9-mq-D_NQ_NP_909588-MLB27682186704_072018-O.jpg\" alt=\"\" width=\"500\" height=\"452\" srcset=\"https:\/\/arduxop.com.br\/loja\/wp-content\/uploads\/2019\/04\/kit-sensor-de-gas-mq-2-mq-3-mq-4-mq-5-mq-6-mq-7-mq-8-mq-9-mq-D_NQ_NP_909588-MLB27682186704_072018-O.jpg 500w, https:\/\/arduxop.com.br\/loja\/wp-content\/uploads\/2019\/04\/kit-sensor-de-gas-mq-2-mq-3-mq-4-mq-5-mq-6-mq-7-mq-8-mq-9-mq-D_NQ_NP_909588-MLB27682186704_072018-O-350x316.jpg 350w, https:\/\/arduxop.com.br\/loja\/wp-content\/uploads\/2019\/04\/kit-sensor-de-gas-mq-2-mq-3-mq-4-mq-5-mq-6-mq-7-mq-8-mq-9-mq-D_NQ_NP_909588-MLB27682186704_072018-O-64x58.jpg 64w, https:\/\/arduxop.com.br\/loja\/wp-content\/uploads\/2019\/04\/kit-sensor-de-gas-mq-2-mq-3-mq-4-mq-5-mq-6-mq-7-mq-8-mq-9-mq-D_NQ_NP_909588-MLB27682186704_072018-O-300x271.jpg 300w\" sizes=\"(max-width: 500px) 100vw, 500px\" \/><\/p>\n<p>Temos a linha completa de Detectores de Gases<\/p>\n<p>\u2013 Modelo: MQ-2<br \/>\n\u2013 Detec\u00e7\u00e3o de gases inflam\u00e1veis: GLP, Metano, Propano, Butano, Hidrog\u00eanio,<\/p>\n<p>Especifica\u00e7\u00f5es:<br \/>\n&#8211; Modelo: MQ-3<br \/>\n&#8211; Detec\u00e7\u00e3o de gases como \u00c1lcool e Etanol<\/p>\n<p>Especifica\u00e7\u00f5es:<br \/>\n\u2013 Modelo: MQ-4<br \/>\n\u2013 Detec\u00e7\u00e3o de gases: Metano, Propano e Butano.<\/p>\n<p>Especifica\u00e7\u00f5es:<br \/>\n\u2013 Sensor MQ-5<br \/>\n\u2013 Alimenta\u00e7\u00e3o: 5VDC<br \/>\n\u2013 Alta sensibilidade para GLP (g\u00e1s de cozinha) e g\u00e1s natural<br \/>\n\u2013 Baixa sensibilidade para \u00e1lcool e fuma\u00e7a<\/p>\n<p>Especifica\u00e7\u00f5es:<br \/>\n\u2013 Sensor MQ-6<br \/>\n\u2013 Alta sensibilidade para GLP (g\u00e1s de cozinha), isobutano e propano<br \/>\n\u2013 Baixa sensibilidade para \u00e1lcool e fuma\u00e7a<\/p>\n<p>Especifica\u00e7\u00f5es:<br \/>\n\u2013 Sensor MQ-7<br \/>\n\u2013 Detec\u00e7\u00e3o de gases inflam\u00e1veis: Mon\u00f3xido de Carbono.<\/p>\n<p>Especifica\u00e7\u00f5es:<br \/>\n\u2013 Sensor MQ-8<\/p>\n<p>Especifica\u00e7\u00f5es:<br \/>\n\u2013 Sensor MQ-8<br \/>\n\u2013 Alta sensibilidade para Hidrog\u00eanio (H2)<br \/>\n\u2013 Baixa sensibilidade para g\u00e1s de cozinha, \u00e1lcool e fuma\u00e7a<\/p>\n<p>Especifica\u00e7\u00f5es:<br \/>\n\u2013 Sensor MQ-9<br \/>\n\u2013 Mon\u00f3xido de Carbono, metano e propano.<\/p>\n<p>Especifica\u00e7\u00f5es:<br \/>\n\u2013 Sensor MQ-135<br \/>\n\u2013 Alimenta\u00e7\u00e3o: 5VDC<br \/>\n\u2013 Detec\u00e7\u00e3o de gases t\u00f3xicos como am\u00f4nia, di\u00f3xido de carbono, benzeno, \u00f3xido n\u00edtrico, fuma\u00e7a e \u00e1lcool<\/p>\n<hr \/>\n<p><span style=\"color: #ff0000;\">ATEN\u00c7\u00c3O: OS PRE\u00c7OS S\u00c3O UNIT\u00c1RIOS<\/span><\/p>\n","protected":false},"excerpt":{"rendered":"<p>Por favor consulte disponibilidade. Pre\u00e7os Unit\u00e1rios<\/p>\n","protected":false},"featured_media":3806,"template":"","meta":[],"product_brand":[],"product_cat":[178],"product_tag":[397,476,482,484,474,449,483,481,480,471,475,478,472,479,485,473,477],"class_list":{"0":"post-3805","1":"product","2":"type-product","3":"status-publish","4":"has-post-thumbnail","6":"product_cat-sensores","7":"product_tag-alcool","8":"product_tag-alcool-etanol","9":"product_tag-amonia","10":"product_tag-benzeno","11":"product_tag-butano","12":"product_tag-carbono","13":"product_tag-dioxido-de-carbono","14":"product_tag-fumaca","15":"product_tag-gas-de-cozinha","16":"product_tag-glp","17":"product_tag-hidrogenio","18":"product_tag-isobutano","19":"product_tag-metano","20":"product_tag-monoxido-de-carbono","21":"product_tag-oxido-nitrico","22":"product_tag-propano","23":"product_tag-propano-e-butano","25":"entry","26":"has-media","28":"first","29":"instock","30":"shipping-taxable","31":"purchasable","32":"product-type-simple","33":"has-product-nav","34":"col","35":"span_1_of_3","36":"owp-content-center","37":"owp-thumbs-layout-horizontal","38":"owp-btn-normal","39":"owp-tabs-layout-horizontal","40":"has-no-thumbnails"},"_links":{"self":[{"href":"https:\/\/arduxop.com.br\/loja\/wp-json\/wp\/v2\/product\/3805","targetHints":{"allow":["GET"]}}],"collection":[{"href":"https:\/\/arduxop.com.br\/loja\/wp-json\/wp\/v2\/product"}],"about":[{"href":"https:\/\/arduxop.com.br\/loja\/wp-json\/wp\/v2\/types\/product"}],"wp:featuredmedia":[{"embeddable":true,"href":"https:\/\/arduxop.com.br\/loja\/wp-json\/wp\/v2\/media\/3806"}],"wp:attachment":[{"href":"https:\/\/arduxop.com.br\/loja\/wp-json\/wp\/v2\/media?parent=3805"}],"wp:term":[{"taxonomy":"product_brand","embeddable":true,"href":"https:\/\/arduxop.com.br\/loja\/wp-json\/wp\/v2\/product_brand?post=3805"},{"taxonomy":"product_cat","embeddable":true,"href":"https:\/\/arduxop.com.br\/loja\/wp-json\/wp\/v2\/product_cat?post=3805"},{"taxonomy":"product_tag","embeddable":true,"href":"https:\/\/arduxop.com.br\/loja\/wp-json\/wp\/v2\/product_tag?post=3805"}],"curies":[{"name":"wp","href":"https:\/\/api.w.org\/{rel}","templated":true}]}}