{"id":3761,"date":"2018-04-08T17:39:04","date_gmt":"2018-04-08T20:39:04","guid":{"rendered":"https:\/\/arduxop.com.br\/loja\/?post_type=product&#038;p=3761"},"modified":"2024-07-25T07:56:02","modified_gmt":"2024-07-25T11:56:02","slug":"regulador-de-tensao-step-down-5v-usb","status":"publish","type":"product","link":"https:\/\/arduxop.com.br\/loja\/produto\/regulador-de-tensao-step-down-5v-usb\/","title":{"rendered":"Regulador De Tens\u00e3o Step-down (5v Usb)"},"content":{"rendered":"<div class=\"description-box-mobile-size\">\n<div>O <strong><a class=\"anchorlink\" href=\"https:\/\/www.usinainfo.com.br\/reguladores-de-tensao-454\" data-randanchor=\"5e28d450ae078\">Regulador de Tens\u00e3o<\/a> 5V<\/strong>\u00a0<strong>USB\u00a0KIS3R33S<\/strong> \u00e9 um produto desenvolvido para aplica\u00e7\u00e3o em projetos eletr\u00f4nicos rob\u00f3ticos ou de automa\u00e7\u00e3o, onde \u00e9 necess\u00e1rio uma tens\u00e3o regulada espec\u00edfica, de forma a alimentar os circuitos ou produtos eletr\u00f4nicos.<\/div>\n<div>Ele\u00a0trabalha com tens\u00f5es de entrada de 7V a 24V, oferecendo em sua porta USB f\u00eamea tens\u00e3o regulada de 5V e corrente m\u00e1xima de 3A, permitindo a conex\u00e3o do <a class=\"anchorlink\" href=\"https:\/\/www.usinainfo.com.br\/arduino-74\" data-randanchor=\"5e28d450b19d5\">Arduino<\/a> ou de um smartphone, por exemplo.<\/div>\n<div>Na pr\u00e1tica o Regulador de Tens\u00e3o 5V pode ser utilizado junto a um painel solar (fotovoltaico) e uma bateria, de forma a regular a tens\u00e3o de sa\u00edda para 5V, devendo o usu\u00e1rio observar as especifica\u00e7\u00f5es m\u00e1ximas suportadas pelo regulador.<\/div>\n<div>O\u00a0Conversor Step Down KIS3R33S tamb\u00e9m pode ser utilizado para reduzir a tens\u00e3o oferecida por baterias de maior tens\u00e3o, permitindo a libera\u00e7\u00e3o de 5V regulada diretamente na conex\u00e3o dupla USB.<\/div>\n<div>A aplicabilidade final do Regulador de Tens\u00e3o 5V USB vai depender da sua necessidade de colocar uma porta USB em qualquer ambiente, alimentada da forma que melhor lhe convir.<\/div>\n<\/div>\n<div class=\"description-box-mobile-size\">\n<p><a name=\"caract\"><\/a><\/p>\n<p class=\"product_title_interno font-weight-bold m-0 p-0\">CARACTER\u00cdSTICAS:<\/p>\n<p>&#8211; Regulador de Tens\u00e3o 5V USB;<br \/>\n&#8211;\u00a0Conversor Step Down KIS3R33S;<br \/>\n&#8211; Indicado para projeto com painel solar;<br \/>\n&#8211; Step Down (para menos);<br \/>\n&#8211; Entrada de energia de 7 a 24 VDC;<br \/>\n&#8211; Sa\u00edda de energia na Porta USB de 5V;<br \/>\n&#8211; Ideal para utiliza\u00e7\u00e3o com pain\u00e9is solares;<br \/>\n&#8211; Pode ser utilizado para alimentar o Arduino ou um smartphone;<br \/>\n&#8211; Excelente funcionalidade;<br \/>\n&#8211; Simplificada utiliza\u00e7\u00e3o.<\/p>\n<\/div>\n<div class=\"description-box-mobile-size\">\n<p class=\"product_title_interno font-weight-bold mt-3 p-0\">ESPECIFICA\u00c7\u00d5ES:<\/p>\n<p>&#8211; Modelo: KIS3R33S;<br \/>\n&#8211; Tens\u00e3o de entrada: 7V a 24V DC;<br \/>\n&#8211; Tens\u00e3o de sa\u00edda USB: ~5V DC;<br \/>\n&#8211; Corrente m\u00e1x. de sa\u00edda do regulador: 3A;<br \/>\n&#8211; Efici\u00eancia de convers\u00e3o: 96% (MAX);<br \/>\n&#8211; Frequ\u00eancia de comuta\u00e7\u00e3o: 340KHz;<br \/>\n&#8211; Ondula\u00e7\u00e3o de sa\u00edda: 30mV (m\u00e1x.);<br \/>\n&#8211; Regula\u00e7\u00e3o da carga: \u00b1 0,5%;<br \/>\n&#8211; Regula\u00e7\u00e3o de tens\u00e3o: \u00b1 2,5%;<br \/>\n&#8211; Temperatura de opera\u00e7\u00e3o: -40 a +85 \u00b0C;<br \/>\n&#8211; Dimens\u00f5es (CxLxA): ~63x19x17mm;<br \/>\n&#8211; Peso com embalagem: 16g.<\/p>\n<\/div>\n","protected":false},"excerpt":{"rendered":"<p class=\"item-title__primary \">M\u00f3dulo Regulador De Tens\u00e3o Step-down (5v Usb) &#8211; Kis3r33s<\/p>\n","protected":false},"featured_media":3762,"template":"","meta":[],"product_brand":[],"product_cat":[627,50,194],"product_tag":[],"class_list":{"0":"post-3761","1":"product","2":"type-product","3":"status-publish","4":"has-post-thumbnail","6":"product_cat-conversores-de-tensao","7":"product_cat-modulos","8":"product_cat-reguladores-de-tensao","10":"entry","11":"has-media","13":"first","14":"instock","15":"shipping-taxable","16":"purchasable","17":"product-type-simple","18":"has-product-nav","19":"col","20":"span_1_of_3","21":"owp-content-center","22":"owp-thumbs-layout-horizontal","23":"owp-btn-normal","24":"owp-tabs-layout-horizontal"},"_links":{"self":[{"href":"https:\/\/arduxop.com.br\/loja\/wp-json\/wp\/v2\/product\/3761","targetHints":{"allow":["GET"]}}],"collection":[{"href":"https:\/\/arduxop.com.br\/loja\/wp-json\/wp\/v2\/product"}],"about":[{"href":"https:\/\/arduxop.com.br\/loja\/wp-json\/wp\/v2\/types\/product"}],"wp:featuredmedia":[{"embeddable":true,"href":"https:\/\/arduxop.com.br\/loja\/wp-json\/wp\/v2\/media\/3762"}],"wp:attachment":[{"href":"https:\/\/arduxop.com.br\/loja\/wp-json\/wp\/v2\/media?parent=3761"}],"wp:term":[{"taxonomy":"product_brand","embeddable":true,"href":"https:\/\/arduxop.com.br\/loja\/wp-json\/wp\/v2\/product_brand?post=3761"},{"taxonomy":"product_cat","embeddable":true,"href":"https:\/\/arduxop.com.br\/loja\/wp-json\/wp\/v2\/product_cat?post=3761"},{"taxonomy":"product_tag","embeddable":true,"href":"https:\/\/arduxop.com.br\/loja\/wp-json\/wp\/v2\/product_tag?post=3761"}],"curies":[{"name":"wp","href":"https:\/\/api.w.org\/{rel}","templated":true}]}}