{"id":3756,"date":"2019-04-08T17:34:25","date_gmt":"2019-04-08T20:34:25","guid":{"rendered":"https:\/\/arduxop.com.br\/loja\/?post_type=product&#038;p=3756"},"modified":"2024-07-25T07:55:19","modified_gmt":"2024-07-25T11:55:19","slug":"carregador-balanceador-de-baterias-3s","status":"publish","type":"product","link":"https:\/\/arduxop.com.br\/loja\/produto\/carregador-balanceador-de-baterias-3s\/","title":{"rendered":"Carregador Balanceador de Baterias 3S"},"content":{"rendered":"<p>M\u00f3dulo BMS 3S 10A p\/ Baterias Litio. 3 c\u00e9lulas em s\u00e9rie, com tens\u00e3o de sa\u00edda nominal de 11.1V (12.6V com as baterias 100% carregadas)<br \/>\nDimens\u00f5es: 53 * 17 * 4.0mm<\/p>\n","protected":false},"excerpt":{"rendered":"<p>Modulo Bms 3s 10a 11.1v 12.6v Baterias 18650<\/p>\n","protected":false},"featured_media":3757,"template":"","meta":[],"product_brand":[],"product_cat":[187],"product_tag":[],"class_list":{"0":"post-3756","1":"product","2":"type-product","3":"status-publish","4":"has-post-thumbnail","6":"product_cat-pilhas-e-baterias","8":"entry","9":"has-media","11":"first","12":"outofstock","13":"shipping-taxable","14":"purchasable","15":"product-type-simple","16":"has-product-nav","17":"col","18":"span_1_of_3","19":"owp-content-center","20":"owp-thumbs-layout-horizontal","21":"owp-btn-normal","22":"owp-tabs-layout-horizontal"},"_links":{"self":[{"href":"https:\/\/arduxop.com.br\/loja\/wp-json\/wp\/v2\/product\/3756","targetHints":{"allow":["GET"]}}],"collection":[{"href":"https:\/\/arduxop.com.br\/loja\/wp-json\/wp\/v2\/product"}],"about":[{"href":"https:\/\/arduxop.com.br\/loja\/wp-json\/wp\/v2\/types\/product"}],"wp:featuredmedia":[{"embeddable":true,"href":"https:\/\/arduxop.com.br\/loja\/wp-json\/wp\/v2\/media\/3757"}],"wp:attachment":[{"href":"https:\/\/arduxop.com.br\/loja\/wp-json\/wp\/v2\/media?parent=3756"}],"wp:term":[{"taxonomy":"product_brand","embeddable":true,"href":"https:\/\/arduxop.com.br\/loja\/wp-json\/wp\/v2\/product_brand?post=3756"},{"taxonomy":"product_cat","embeddable":true,"href":"https:\/\/arduxop.com.br\/loja\/wp-json\/wp\/v2\/product_cat?post=3756"},{"taxonomy":"product_tag","embeddable":true,"href":"https:\/\/arduxop.com.br\/loja\/wp-json\/wp\/v2\/product_tag?post=3756"}],"curies":[{"name":"wp","href":"https:\/\/api.w.org\/{rel}","templated":true}]}}