{"id":3725,"date":"2019-04-03T17:10:36","date_gmt":"2019-04-03T21:10:36","guid":{"rendered":"https:\/\/arduxop.com.br\/loja\/?post_type=product&#038;p=3725"},"modified":"2024-07-25T07:55:23","modified_gmt":"2024-07-25T11:55:23","slug":"regulador-conversor-step-up","status":"publish","type":"product","link":"https:\/\/arduxop.com.br\/loja\/produto\/regulador-conversor-step-up\/","title":{"rendered":"Regulador Conversor Step Up"},"content":{"rendered":"<p>Caracter\u00edsticas:<br \/>&#8211; Tens\u00e3o de entrada: 3V \u00e0 32V<br \/>&#8211; Tens\u00e3o de sa\u00edda: Ajust\u00e1vel de 5V \u00e0 35V (sempre maior que a tens\u00e3o de entrada)<br \/>&#8211; Corrente de Entrada: M\u00e1ximo 4A<br \/>&#8211; Corrente de sa\u00edda: Nominal: 2A, M\u00e1ximo 4A (Para consumo acima de 15W utilizar dissipador no m\u00f3dulo)<br \/>&#8211; Efici\u00eancia de convers\u00e3o: 83% (minima), 88% (tipica), 92% (m\u00e1xima)<br \/>&#8211; Temperatura de trabalho: -40 \u00b0C &#8211; +85 \u00b0C<br \/>&#8211; Acr\u00e9scimo de Temperatura em plena carga: 40\u00baC<br \/>&#8211; Dimens\u00f5es: 43mm x 21mm x 14mm;<br \/>&#8211; Peso: 30 gr;<\/p>\n<p>&#8211; O M\u00f3dulo Regulador de Tens\u00e3o Ajust\u00e1vel XL6009 \u00e9 um produto desenvolvido para aplica\u00e7\u00e3o em projetos eletr\u00f4nicos onde s\u00e3o necess\u00e1rias diferentes tens\u00f5es e correntes para acionamento de componentes eletr\u00f4nicos.<br \/>&#8211; Composto pelo regulador XL6009, o M\u00f3dulo Regulador de Tens\u00e3o trabalha com tens\u00f5es de entrada de 2V a 24V, oferecendo em suas sa\u00eddas tens\u00f5es de 3,5 a 32V que podem ser ajustadas conforme sua necessidade, por meio de um trimpot.<br \/>&#8211; O M\u00f3dulo Regulador de Tens\u00e3o XL6009 \u00e9 ideal para alimenta\u00e7\u00e3o de motores, rel\u00e9s, displays, microcontroladores ou outros circuitos el\u00e9tricos que operem dentro das faixas de tens\u00f5es e correntes especificadas.<br \/>&#8211; A principal e crucial diferen\u00e7a deste Regulador de Tens\u00e3o XL6009 para os demais, \u00e9 sua capacidade de ajustar a tens\u00e3o de sa\u00edda para mais (Step Up) do que a tens\u00e3o de entrada, o que quer dizer exemplificativamente que, se entrar com 5V no m\u00f3dulo, esta tens\u00e3o poder\u00e1 ser aumentada para 35V, ou como melhor lhe interessar, por meio do trimpot.<br \/>&#8211; Muito pr\u00e1tico, o Regulador de Tens\u00e3o XL6009 mostra-se muito util para utiliza\u00e7\u00e3o junto de mini paineis solares ou pilhas e baterias de baixa tens\u00e3o, os quais poderam ter sua tens\u00e3o de sa\u00edda dobrada, triplicada ou at\u00e9 mais, apresentando alta efici\u00eancia de convers\u00e3o.<\/p>\n<p>CARACTER\u00cdSTICAS:<br \/>&#8211; Regulador de Tens\u00e3o Ajust\u00e1vel XL6009;<br \/>&#8211; Trimpot para ajuste da tens\u00e3o de sa\u00edda;<br \/>&#8211; Ajuste da tens\u00e3o de sa\u00edda para mais (Step Up);<br \/>&#8211; Ideal para alimenta\u00e7\u00e3o de motores, rel\u00e9s, displays, microcontroladores, entre outros circuitos;<br \/>&#8211; Tens\u00e3o est\u00e1vel;<br \/>&#8211; Compacto;<br \/>&#8211; F\u00e1cil de utilizar.<\/p>\n","protected":false},"excerpt":{"rendered":"<p class=\"item-title__primary \">Regulador Conversor Ajust\u00e1vel Dc-dc Xl6009 Step Up<\/p>\n","protected":false},"featured_media":3727,"template":"","meta":[],"product_brand":[],"product_cat":[627,185,194,197],"product_tag":[465,464,466],"class_list":{"0":"post-3725","1":"product","2":"type-product","3":"status-publish","4":"has-post-thumbnail","6":"product_cat-conversores-de-tensao","7":"product_cat-fontes","8":"product_cat-reguladores-de-tensao","9":"product_cat-volt-amperes","10":"product_tag-step","11":"product_tag-step-up","12":"product_tag-stepup","14":"entry","15":"has-media","17":"first","18":"instock","19":"shipping-taxable","20":"purchasable","21":"product-type-simple","22":"has-product-nav","23":"col","24":"span_1_of_3","25":"owp-content-center","26":"owp-thumbs-layout-horizontal","27":"owp-btn-normal","28":"owp-tabs-layout-horizontal"},"_links":{"self":[{"href":"https:\/\/arduxop.com.br\/loja\/wp-json\/wp\/v2\/product\/3725","targetHints":{"allow":["GET"]}}],"collection":[{"href":"https:\/\/arduxop.com.br\/loja\/wp-json\/wp\/v2\/product"}],"about":[{"href":"https:\/\/arduxop.com.br\/loja\/wp-json\/wp\/v2\/types\/product"}],"wp:featuredmedia":[{"embeddable":true,"href":"https:\/\/arduxop.com.br\/loja\/wp-json\/wp\/v2\/media\/3727"}],"wp:attachment":[{"href":"https:\/\/arduxop.com.br\/loja\/wp-json\/wp\/v2\/media?parent=3725"}],"wp:term":[{"taxonomy":"product_brand","embeddable":true,"href":"https:\/\/arduxop.com.br\/loja\/wp-json\/wp\/v2\/product_brand?post=3725"},{"taxonomy":"product_cat","embeddable":true,"href":"https:\/\/arduxop.com.br\/loja\/wp-json\/wp\/v2\/product_cat?post=3725"},{"taxonomy":"product_tag","embeddable":true,"href":"https:\/\/arduxop.com.br\/loja\/wp-json\/wp\/v2\/product_tag?post=3725"}],"curies":[{"name":"wp","href":"https:\/\/api.w.org\/{rel}","templated":true}]}}