{"id":3710,"date":"2019-03-30T10:36:17","date_gmt":"2019-03-30T13:36:17","guid":{"rendered":"https:\/\/arduxop.com.br\/loja\/?post_type=product&#038;p=3710"},"modified":"2024-07-25T07:55:25","modified_gmt":"2024-07-25T11:55:25","slug":"suporte-para-4-baterias-18650-em-serie","status":"publish","type":"product","link":"https:\/\/arduxop.com.br\/loja\/produto\/suporte-para-4-baterias-18650-em-serie\/","title":{"rendered":"Suporte para 4 Baterias 18650 em S\u00e9rie"},"content":{"rendered":"<p>O suporte para 4 Baterias 18650 em S\u00e9rie \u00e9 uma excelente alternativa de fonte de alimenta\u00e7\u00e3o para projetos eletr\u00f4nicos.<br \/>\nAcomoda quatro baterias no tamanho padr\u00e3o 18650 (18mm de di\u00e2metro x 650mm de comprimento). Neste modelo, as baterias ficam em s\u00e9rie ( a tens\u00e3o de sa\u00edda \u00e9 a soma das quatro baterias ).<br \/>\nO Suporte j\u00e1 possui fios interligados, al\u00e9m de travas que prendem a bateria de forma segura.<\/p>\n<p><strong>Especifica\u00e7\u00f5es:<\/strong><\/p>\n<p>&#8211; Tens\u00e3o: 14,8V (4 Baterias 18650 &#8211; 3,7V)<br \/>\n&#8211; Dimens\u00f5es: 80 x 75 x 20 mm (C-L-A)<br \/>\n&#8211; Cor: Preta<br \/>\n&#8211; Material: Pl\u00e1stico<br \/>\n&#8211; Capacidade: Quatro Baterias 18650<br \/>\n&#8211; Peso: 20g<\/p>\n","protected":false},"excerpt":{"rendered":"<p>O suporte para 4 Baterias 18650 em S\u00e9rie \u00e9 uma excelente alternativa de fonte de alimenta\u00e7\u00e3o para projetos eletr\u00f4nicos. Acomoda quatro baterias no tamanho padr\u00e3o 18650 (18mm de di\u00e2metro x 650mm de comprimento). Neste modelo, as baterias ficam em s\u00e9rie ( a tens\u00e3o de sa\u00edda \u00e9 a soma das quatro baterias ). O Suporte j\u00e1 [&hellip;]<\/p>\n","protected":false},"featured_media":3712,"template":"","meta":[],"product_brand":[],"product_cat":[187],"product_tag":[],"class_list":{"0":"post-3710","1":"product","2":"type-product","3":"status-publish","4":"has-post-thumbnail","6":"product_cat-pilhas-e-baterias","8":"entry","9":"has-media","11":"first","12":"outofstock","13":"shipping-taxable","14":"purchasable","15":"product-type-simple","16":"has-product-nav","17":"col","18":"span_1_of_3","19":"owp-content-center","20":"owp-thumbs-layout-horizontal","21":"owp-btn-normal","22":"owp-tabs-layout-horizontal"},"_links":{"self":[{"href":"https:\/\/arduxop.com.br\/loja\/wp-json\/wp\/v2\/product\/3710","targetHints":{"allow":["GET"]}}],"collection":[{"href":"https:\/\/arduxop.com.br\/loja\/wp-json\/wp\/v2\/product"}],"about":[{"href":"https:\/\/arduxop.com.br\/loja\/wp-json\/wp\/v2\/types\/product"}],"wp:featuredmedia":[{"embeddable":true,"href":"https:\/\/arduxop.com.br\/loja\/wp-json\/wp\/v2\/media\/3712"}],"wp:attachment":[{"href":"https:\/\/arduxop.com.br\/loja\/wp-json\/wp\/v2\/media?parent=3710"}],"wp:term":[{"taxonomy":"product_brand","embeddable":true,"href":"https:\/\/arduxop.com.br\/loja\/wp-json\/wp\/v2\/product_brand?post=3710"},{"taxonomy":"product_cat","embeddable":true,"href":"https:\/\/arduxop.com.br\/loja\/wp-json\/wp\/v2\/product_cat?post=3710"},{"taxonomy":"product_tag","embeddable":true,"href":"https:\/\/arduxop.com.br\/loja\/wp-json\/wp\/v2\/product_tag?post=3710"}],"curies":[{"name":"wp","href":"https:\/\/api.w.org\/{rel}","templated":true}]}}