{"id":3647,"date":"2019-03-01T15:34:46","date_gmt":"2019-03-01T19:34:46","guid":{"rendered":"https:\/\/arduxop.com.br\/loja\/?post_type=product&#038;p=3647"},"modified":"2025-02-24T15:32:07","modified_gmt":"2025-02-24T19:32:07","slug":"leitor-micro-sd-card","status":"publish","type":"product","link":"https:\/\/arduxop.com.br\/loja\/produto\/leitor-micro-sd-card\/","title":{"rendered":"Leitor Micro SD Card"},"content":{"rendered":"<section class=\"main-section item-description \">\n<div id=\"description-includes\" class=\"item-description__content \">\n<div class=\"item-description__text\">\n<p>M\u00f3dulo SD Leitor para Cart\u00e3o SD\/Card ideal para Arduino Pic Atmel Avr<br \/>\nIdeal para desenvolver aplica\u00e7\u00f5es onde h\u00e1 a necessidade de gravar informa\u00e7\u00f5es tais como estados dos pinos<br \/>\nde entrada\/saida, valores medidos por sensores de temperatura,umidade etc. Ap\u00f3s, estes dados poder\u00e3o ser lidos pelo pr\u00f3prio microcontrolador ou pelo PC.<\/p>\n<p>CARACTER\u00cdSTICAS:<br \/>\nNovo e de alta qualidade<br \/>\nTens\u00e3o de entrada: 3.3 V\/5 V<br \/>\nCom todos os SD SPI Pinos para fora: MOSI, SCK, MISO e CS, para posterior conex\u00e3o<br \/>\nAtrav\u00e9s da programa\u00e7\u00e3o, voc\u00ea pode ler e escrever para o cart\u00e3o SD usando o arduino<br \/>\nFazer a sua aplica\u00e7\u00e3o SD mais f\u00e1cil e simples<br \/>\nPinos SPI: MOSI, SCK, MISO e CS<br \/>\nDimens\u00f5es: 48mm * 29mm<\/p>\n<\/div>\n<\/div>\n<\/section>\n","protected":false},"excerpt":{"rendered":"<p class=\"item-title__primary \">M\u00f3dulo Cart\u00e3o Micro Sd Arduino Sd Card Pic Leitor Gravador<\/p>\n","protected":false},"featured_media":3649,"template":"","meta":[],"product_brand":[],"product_cat":[50],"product_tag":[461,460,448,457,458,459],"class_list":{"0":"post-3647","1":"product","2":"type-product","3":"status-publish","4":"has-post-thumbnail","6":"product_cat-modulos","7":"product_tag-card","8":"product_tag-cartao","9":"product_tag-gravador","10":"product_tag-leitor","11":"product_tag-sd-card","12":"product_tag-sdcard","14":"entry","15":"has-media","17":"first","18":"instock","19":"shipping-taxable","20":"purchasable","21":"product-type-simple","22":"has-product-nav","23":"col","24":"span_1_of_3","25":"owp-content-center","26":"owp-thumbs-layout-horizontal","27":"owp-btn-normal","28":"owp-tabs-layout-horizontal"},"_links":{"self":[{"href":"https:\/\/arduxop.com.br\/loja\/wp-json\/wp\/v2\/product\/3647","targetHints":{"allow":["GET"]}}],"collection":[{"href":"https:\/\/arduxop.com.br\/loja\/wp-json\/wp\/v2\/product"}],"about":[{"href":"https:\/\/arduxop.com.br\/loja\/wp-json\/wp\/v2\/types\/product"}],"wp:featuredmedia":[{"embeddable":true,"href":"https:\/\/arduxop.com.br\/loja\/wp-json\/wp\/v2\/media\/3649"}],"wp:attachment":[{"href":"https:\/\/arduxop.com.br\/loja\/wp-json\/wp\/v2\/media?parent=3647"}],"wp:term":[{"taxonomy":"product_brand","embeddable":true,"href":"https:\/\/arduxop.com.br\/loja\/wp-json\/wp\/v2\/product_brand?post=3647"},{"taxonomy":"product_cat","embeddable":true,"href":"https:\/\/arduxop.com.br\/loja\/wp-json\/wp\/v2\/product_cat?post=3647"},{"taxonomy":"product_tag","embeddable":true,"href":"https:\/\/arduxop.com.br\/loja\/wp-json\/wp\/v2\/product_tag?post=3647"}],"curies":[{"name":"wp","href":"https:\/\/api.w.org\/{rel}","templated":true}]}}