{"id":3634,"date":"2019-02-27T16:33:45","date_gmt":"2019-02-27T20:33:45","guid":{"rendered":"https:\/\/arduxop.com.br\/loja\/?post_type=product&#038;p=3634"},"modified":"2024-07-25T07:55:31","modified_gmt":"2024-07-25T11:55:31","slug":"sensor-de-pressao-barometro-bmp180","status":"publish","type":"product","link":"https:\/\/arduxop.com.br\/loja\/produto\/sensor-de-pressao-barometro-bmp180\/","title":{"rendered":"Sensor de Press\u00e3o Bar\u00f4metro BMP180"},"content":{"rendered":"<div class=\"product-description\">\n<div>O Sensor de Press\u00e3o Barom\u00e9trica BMP180 \u00e9 utilizado em projetos que envolvem aperfei\u00e7oamento da navega\u00e7\u00e3o GPS, incluindo c\u00e1lculo de posi\u00e7\u00e3o e detec\u00e7\u00e3o de inclina\u00e7\u00e3o, sendo utilizado ainda medir altitudes, al\u00e9m de aplica\u00e7\u00e3o em pequenas esta\u00e7\u00f5es meteorol\u00f3gicas com Arduino.<\/div>\n<div>Possui 4 pinos para conex\u00e3o com o Arduino (se for o microcontrolador escolhido), contando ainda com perfura\u00e7\u00e3o na placa para fixa\u00e7\u00e3o.<br \/>O Sensor de Press\u00e3o Barom\u00e9trica BMP180 \u00e9 uma vers\u00e3o melhorada do chip BMP085, trabalhando com os mesmos protocolos, atuando em escalas de press\u00e3o de 300-1100hPa, podendo inclusive ser utilizado para medir temperaturas na faixa de 0\u00b0 a 65\u00b0C, o que vem a diferenci\u00e1-lo de outros modelos de sensores que n\u00e3o possuem essa capacidade extra.<\/div>\n<p><strong>Especifica\u00e7\u00f5es:<\/strong><\/p>\n<p><span id=\"product_specification\">&#8211; Modelo: GY-68<br \/>&#8211; M\u00f3dulo: BMP180<br \/>&#8211; Tens\u00e3o de opera\u00e7\u00e3o: 1,8 a 3,6V<br \/>&#8211; Faixa de medi\u00e7\u00e3o: 300 a 1100hPa<br \/>&#8211; Altitude: -0,5km a +9km<br \/>&#8211; Temperatura de opera\u00e7\u00e3o: -40\u00b0 a 85\u00b0C (precis\u00e3o total 0\u00b0 a 85\u00b0C)<br \/>&#8211; Faixa de medi\u00e7\u00e3o de temperatura: 0\u00b0 a 65\u00b0C<br \/>&#8211; Resolu\u00e7\u00e3o: 0,06hPa (Alt. 50cm)<br \/>&#8211; Consumo corrente: 5uA<br \/>&#8211; Tempo de rea\u00e7\u00e3o: 7,5ms<br \/>&#8211; Peso: 0,3g<\/span><br \/>&#8211; Dimens\u00f5es: 13x10x1 mm (C-L-A)<\/p>\n<\/div>\n<div class=\"product-description\"><\/div>\n","protected":false},"excerpt":{"rendered":"<p class=\"product-title\">M\u00f3dulo Sensor de Press\u00e3o Bar\u00f4metro BMP180<\/p>\n","protected":false},"featured_media":3635,"template":"","meta":[],"product_brand":[],"product_cat":[50,178],"product_tag":[],"class_list":{"0":"post-3634","1":"product","2":"type-product","3":"status-publish","4":"has-post-thumbnail","6":"product_cat-modulos","7":"product_cat-sensores","9":"entry","10":"has-media","12":"first","13":"instock","14":"shipping-taxable","15":"purchasable","16":"product-type-simple","17":"has-product-nav","18":"col","19":"span_1_of_3","20":"owp-content-center","21":"owp-thumbs-layout-horizontal","22":"owp-btn-normal","23":"owp-tabs-layout-horizontal"},"_links":{"self":[{"href":"https:\/\/arduxop.com.br\/loja\/wp-json\/wp\/v2\/product\/3634","targetHints":{"allow":["GET"]}}],"collection":[{"href":"https:\/\/arduxop.com.br\/loja\/wp-json\/wp\/v2\/product"}],"about":[{"href":"https:\/\/arduxop.com.br\/loja\/wp-json\/wp\/v2\/types\/product"}],"wp:featuredmedia":[{"embeddable":true,"href":"https:\/\/arduxop.com.br\/loja\/wp-json\/wp\/v2\/media\/3635"}],"wp:attachment":[{"href":"https:\/\/arduxop.com.br\/loja\/wp-json\/wp\/v2\/media?parent=3634"}],"wp:term":[{"taxonomy":"product_brand","embeddable":true,"href":"https:\/\/arduxop.com.br\/loja\/wp-json\/wp\/v2\/product_brand?post=3634"},{"taxonomy":"product_cat","embeddable":true,"href":"https:\/\/arduxop.com.br\/loja\/wp-json\/wp\/v2\/product_cat?post=3634"},{"taxonomy":"product_tag","embeddable":true,"href":"https:\/\/arduxop.com.br\/loja\/wp-json\/wp\/v2\/product_tag?post=3634"}],"curies":[{"name":"wp","href":"https:\/\/api.w.org\/{rel}","templated":true}]}}