{"id":3632,"date":"2019-02-27T16:23:24","date_gmt":"2019-02-27T20:23:24","guid":{"rendered":"https:\/\/arduxop.com.br\/loja\/?post_type=product&#038;p=3632"},"modified":"2024-07-25T07:55:31","modified_gmt":"2024-07-25T11:55:31","slug":"modulo-wifi-esp8266-esp-12e","status":"publish","type":"product","link":"https:\/\/arduxop.com.br\/loja\/produto\/modulo-wifi-esp8266-esp-12e\/","title":{"rendered":"M\u00f3dulo WiFi ESP8266 ESP-12E"},"content":{"rendered":"<p>O m\u00f3dulo NodeMcu ESP-12E \u00e9 uma placa de desenvolvimento que combina o chip ESP8266, uma interface usb-serial e um regulador de tens\u00e3o 3.3V. A programa\u00e7\u00e3o pode ser feita usando LUA ou a IDE do Arduino, utilizando a comunica\u00e7\u00e3o via cabo micro-usb.<\/p>\n<p>Possui antena embutida e conector micro-usb para conex\u00e3o ao computador, al\u00e9m de 11 pinos de I\/O e conversor anal\u00f3gico-digital.<\/p>\n<p>Um grande vantagem do M\u00f3dulo WiFi ESP8266 NodeMcu Amica ESP-12E \u00e9 compat\u00edvel com qualquer protoboard, diferente da <a href=\"http:\/\/www.institutodigital.com.br\/pd-365bc8-modulo-wifi-esp8266-nodemcu-esp-12e-v3-ch340g.html?ct=&amp;p=1&amp;s=1\" data-mce-href=\"http:\/\/www.institutodigital.com.br\/pd-365bc8-modulo-wifi-esp8266-nodemcu-esp-12e-v3-ch340g.html?ct=&amp;p=1&amp;s=1\">M\u00f3dulo WiFi ESP8266 NodeMcu LoLin ESP-12E &#8211; CH340G<\/a><br data-mce-bogus=\"1\"><\/p>\n<p><strong>Especifica\u00e7\u00f5es:<\/strong><\/p>\n<p>&#8211; Driver CP2102<br \/>&#8211; M\u00f3dulo NodeMcu Lua ESP-12E<br \/>&#8211; Antena embutida<br \/>&#8211; Wireless padr\u00e3o 802.11 b\/g\/n<br \/>&#8211; Conector micro-usb<br \/>&#8211; GPIO com fun\u00e7\u00f5es de PWM, I2C, SPI, etc<br \/>&#8211; Tens\u00e3o de opera\u00e7\u00e3o: 4,5 ~ 9V<br \/>&#8211; Taxa de transfer\u00eancia: 110-460800bps<br \/>&#8211; Modos de opera\u00e7\u00e3o: STA\/AP\/STA+AP<br \/>&#8211; Suporta 5 conex\u00f5es TCP\/IP<br \/>&#8211; Portas GPIO: 11<br \/>&#8211; Suporta Upgrade remoto de firmware<br \/>&#8211; Conversor anal\u00f3gico digital (ADC)<br \/>&#8211; Dist\u00e2ncia entre pinos: 2,54mm<br \/>&#8211; Dimens\u00f5es: 49 x 25,5 x 7 mm<\/p>\n<p><strong>OBS:<br \/>&#8211; Este m\u00f3dulo N\u00c3O acompanha cabo de comunica\u00e7\u00e3o USB<\/strong><br \/><strong>&#8211; Este m\u00f3dulo N\u00c3O \u00e9 compat\u00edvel com a <\/strong><a href=\"http:\/\/www.institutodigital.com.br\/pd-3ab69d-placa-base-para-nodemcu-v3-esp8266-esp-12e.html?ct=&amp;p=1&amp;s=1\" data-mce-href=\"http:\/\/www.institutodigital.com.br\/pd-3ab69d-placa-base-para-nodemcu-v3-esp8266-esp-12e.html?ct=&amp;p=1&amp;s=1\">Placa Base para ESP8266 NodeMcu LoLin ESP-12E &#8211; CH340G<\/a><br data-mce-bogus=\"1\"><\/p>\n","protected":false},"excerpt":{"rendered":"<p class=\"product-title\">M\u00f3dulo WiFi ESP8266 NodeMcu Amica ESP-12E<\/p>\n","protected":false},"featured_media":3633,"template":"","meta":[],"product_brand":[],"product_cat":[210,49,180],"product_tag":[453,456,454,455,278],"class_list":{"0":"post-3632","1":"product","2":"type-product","3":"status-publish","4":"has-post-thumbnail","6":"product_cat-comunicacoes","7":"product_cat-microprocessadores","8":"product_cat-wifi","9":"product_tag-453","10":"product_tag-esp-12e","11":"product_tag-esp12e","12":"product_tag-wi-fi","13":"product_tag-wifi","15":"entry","16":"has-media","18":"first","19":"outofstock","20":"shipping-taxable","21":"purchasable","22":"product-type-simple","23":"has-product-nav","24":"col","25":"span_1_of_3","26":"owp-content-center","27":"owp-thumbs-layout-horizontal","28":"owp-btn-normal","29":"owp-tabs-layout-horizontal","30":"has-no-thumbnails"},"_links":{"self":[{"href":"https:\/\/arduxop.com.br\/loja\/wp-json\/wp\/v2\/product\/3632","targetHints":{"allow":["GET"]}}],"collection":[{"href":"https:\/\/arduxop.com.br\/loja\/wp-json\/wp\/v2\/product"}],"about":[{"href":"https:\/\/arduxop.com.br\/loja\/wp-json\/wp\/v2\/types\/product"}],"wp:featuredmedia":[{"embeddable":true,"href":"https:\/\/arduxop.com.br\/loja\/wp-json\/wp\/v2\/media\/3633"}],"wp:attachment":[{"href":"https:\/\/arduxop.com.br\/loja\/wp-json\/wp\/v2\/media?parent=3632"}],"wp:term":[{"taxonomy":"product_brand","embeddable":true,"href":"https:\/\/arduxop.com.br\/loja\/wp-json\/wp\/v2\/product_brand?post=3632"},{"taxonomy":"product_cat","embeddable":true,"href":"https:\/\/arduxop.com.br\/loja\/wp-json\/wp\/v2\/product_cat?post=3632"},{"taxonomy":"product_tag","embeddable":true,"href":"https:\/\/arduxop.com.br\/loja\/wp-json\/wp\/v2\/product_tag?post=3632"}],"curies":[{"name":"wp","href":"https:\/\/api.w.org\/{rel}","templated":true}]}}