{"id":3628,"date":"2019-02-27T17:16:39","date_gmt":"2019-02-27T20:16:39","guid":{"rendered":"https:\/\/arduxop.com.br\/loja\/?post_type=product&#038;p=3628"},"modified":"2024-07-25T07:55:28","modified_gmt":"2024-07-25T11:55:28","slug":"shield-teclado-touch-mega","status":"publish","type":"product","link":"https:\/\/arduxop.com.br\/loja\/produto\/shield-teclado-touch-mega\/","title":{"rendered":"Shield Teclado Touch Mega"},"content":{"rendered":"<p>&#8211;\u00a0 Compat\u00edvel com Arduino MEGA<br \/>\n&#8211; Tens\u00e3o de funcionamento do TFT01 LCD = 3.3V<br \/>\n&#8211; Ele fornece uma solu\u00e7\u00e3o para facilitar a conex\u00e3o com o m\u00f3dulo display TFT<br \/>\n&#8211; Suporte de 2,4 &#8220;e 3,2&#8221; m\u00f3dulo de display TFT<br \/>\n&#8211; Suporte a 8 bits e modo de 16 bits<br \/>\n&#8211; Suporte a cart\u00e3o SD e fun\u00e7\u00e3o de toque<\/p>\n","protected":false},"excerpt":{"rendered":"<p class=\"product-title\">Aten\u00e7\u00e3o, n\u00e3o \u00e9 o teclado, \u00e9 apenas o shield<\/p>\n","protected":false},"featured_media":3630,"template":"","meta":[],"product_brand":[],"product_cat":[183,233,189],"product_tag":[],"class_list":{"0":"post-3628","1":"product","2":"type-product","3":"status-publish","4":"has-post-thumbnail","6":"product_cat-displays","7":"product_cat-lcd","8":"product_cat-teclados","10":"entry","11":"has-media","13":"first","14":"instock","15":"shipping-taxable","16":"purchasable","17":"product-type-simple","18":"has-product-nav","19":"col","20":"span_1_of_3","21":"owp-content-center","22":"owp-thumbs-layout-horizontal","23":"owp-btn-normal","24":"owp-tabs-layout-horizontal"},"_links":{"self":[{"href":"https:\/\/arduxop.com.br\/loja\/wp-json\/wp\/v2\/product\/3628","targetHints":{"allow":["GET"]}}],"collection":[{"href":"https:\/\/arduxop.com.br\/loja\/wp-json\/wp\/v2\/product"}],"about":[{"href":"https:\/\/arduxop.com.br\/loja\/wp-json\/wp\/v2\/types\/product"}],"wp:featuredmedia":[{"embeddable":true,"href":"https:\/\/arduxop.com.br\/loja\/wp-json\/wp\/v2\/media\/3630"}],"wp:attachment":[{"href":"https:\/\/arduxop.com.br\/loja\/wp-json\/wp\/v2\/media?parent=3628"}],"wp:term":[{"taxonomy":"product_brand","embeddable":true,"href":"https:\/\/arduxop.com.br\/loja\/wp-json\/wp\/v2\/product_brand?post=3628"},{"taxonomy":"product_cat","embeddable":true,"href":"https:\/\/arduxop.com.br\/loja\/wp-json\/wp\/v2\/product_cat?post=3628"},{"taxonomy":"product_tag","embeddable":true,"href":"https:\/\/arduxop.com.br\/loja\/wp-json\/wp\/v2\/product_tag?post=3628"}],"curies":[{"name":"wp","href":"https:\/\/api.w.org\/{rel}","templated":true}]}}