{"id":3623,"date":"2019-02-27T17:06:49","date_gmt":"2019-02-27T21:06:49","guid":{"rendered":"https:\/\/arduxop.com.br\/loja\/?post_type=product&#038;p=3623"},"modified":"2024-07-25T07:55:28","modified_gmt":"2024-07-25T11:55:28","slug":"modulo-detector-e-sensor-de-nivel-de-agua","status":"publish","type":"product","link":"https:\/\/arduxop.com.br\/loja\/produto\/modulo-detector-e-sensor-de-nivel-de-agua\/","title":{"rendered":"M\u00f3dulo Detector e Sensor de Nivel de \u00c1gua"},"content":{"rendered":"<p>Sensor amplamente utilizado na detec\u00e7\u00e3o das chuva, de n\u00edvel da \u00e1gua, etc. Alta sensibilidade, basta uma gota para alterar a sa\u00edda. Testes feitos em laborat\u00f3rio, alimentando o m\u00f3dulo com 5v, o valor da sa\u00edda variou entre pr\u00f3ximo a 2V (apenas a ponta submersa), at\u00e9 3,5V (com toda a regi\u00e3o sens\u00edvel submersa).<\/p>\n<p>A sa\u00edda \u00e9 &#8220;zero&#8221; indica total aus\u00eancia de \u00e1gua.<\/p>\n<p>Pode ser usado em uma porta digital j\u00e1 que a maioria dos microcontroladores reconhece essa faixa 2 a 3,5V. Quando houver \u00e1gua a sa\u00edda ir\u00e1 para n\u00edvel alto.<\/p>\n<p>Pode ser usado para leitura atrav\u00e9s de uma porta anal\u00f3gica (ADC) para, por exemplo, detectar a varia\u00e7\u00e3o de n\u00edvel nos 4cm da \u00e1rea sens\u00edvel.<br \/>Lembramos que os pinos do Sensor de N\u00edvel e Profundidade de \u00c1gua n\u00e3o devem ser submergidos na \u00e1gua, sob risco de curto-circuito. Para facilitar a instala\u00e7\u00e3o existem duas perfura\u00e7\u00f5es para fixa\u00e7\u00e3o do sensor em diversos locais.<\/p>\n<p><strong>Especifica\u00e7\u00f5es:<\/strong><\/p>\n<p>&#8211; Tens\u00e3o de funcionamento: 3V a 5V DC;<br \/>&#8211; Corrente de trabalho: &gt;20mA, baixo consumo de energia;<br \/>&#8211; Sa\u00edda: Anal\u00f3gica;<br \/>&#8211; Sinal de sa\u00edda: 0 ~ 3.5V;<br \/>&#8211; Temperatura de opera\u00e7\u00e3o: 10\u00ba ~ 30\u00baC;<br \/>&#8211; Umidade: 10%-90% sem condensa\u00e7\u00e3o;<br \/>&#8211; \u00c1rea de detec\u00e7\u00e3o: 40mm \u00d7 16mm;<br \/>&#8211; Dimens\u00f5es: 62mm \u00d7 20mm x 8mm.<\/p>\n","protected":false},"excerpt":{"rendered":"<p class=\"product-title\">M\u00f3dulo Detector e Sensor de Nivel de \u00c1gua<\/p>\n","protected":false},"featured_media":3624,"template":"","meta":[],"product_brand":[],"product_cat":[178],"product_tag":[446,452],"class_list":{"0":"post-3623","1":"product","2":"type-product","3":"status-publish","4":"has-post-thumbnail","6":"product_cat-sensores","7":"product_tag-agua","8":"product_tag-liquido","10":"entry","11":"has-media","13":"first","14":"instock","15":"shipping-taxable","16":"purchasable","17":"product-type-simple","18":"has-product-nav","19":"col","20":"span_1_of_3","21":"owp-content-center","22":"owp-thumbs-layout-horizontal","23":"owp-btn-normal","24":"owp-tabs-layout-horizontal"},"_links":{"self":[{"href":"https:\/\/arduxop.com.br\/loja\/wp-json\/wp\/v2\/product\/3623","targetHints":{"allow":["GET"]}}],"collection":[{"href":"https:\/\/arduxop.com.br\/loja\/wp-json\/wp\/v2\/product"}],"about":[{"href":"https:\/\/arduxop.com.br\/loja\/wp-json\/wp\/v2\/types\/product"}],"wp:featuredmedia":[{"embeddable":true,"href":"https:\/\/arduxop.com.br\/loja\/wp-json\/wp\/v2\/media\/3624"}],"wp:attachment":[{"href":"https:\/\/arduxop.com.br\/loja\/wp-json\/wp\/v2\/media?parent=3623"}],"wp:term":[{"taxonomy":"product_brand","embeddable":true,"href":"https:\/\/arduxop.com.br\/loja\/wp-json\/wp\/v2\/product_brand?post=3623"},{"taxonomy":"product_cat","embeddable":true,"href":"https:\/\/arduxop.com.br\/loja\/wp-json\/wp\/v2\/product_cat?post=3623"},{"taxonomy":"product_tag","embeddable":true,"href":"https:\/\/arduxop.com.br\/loja\/wp-json\/wp\/v2\/product_tag?post=3623"}],"curies":[{"name":"wp","href":"https:\/\/api.w.org\/{rel}","templated":true}]}}