{"id":3616,"date":"2019-02-27T16:38:40","date_gmt":"2019-02-27T19:38:40","guid":{"rendered":"https:\/\/arduxop.com.br\/loja\/?post_type=product&#038;p=3616"},"modified":"2024-07-25T07:55:30","modified_gmt":"2024-07-25T11:55:30","slug":"modulo-sensor-de-chuva","status":"publish","type":"product","link":"https:\/\/arduxop.com.br\/loja\/produto\/modulo-sensor-de-chuva\/","title":{"rendered":"M\u00f3dulo Sensor de Chuva"},"content":{"rendered":"<div id=\"product-details-wrapper\">\n<table class=\"product-details-container\" width=\"100%\" cellspacing=\"0\" cellpadding=\"0\">\n<tbody>\n<tr valign=\"top\">\n<td class=\"product-details-container-td-description\">\n<div class=\"product-details-description-wrapper\">\n<div class=\"product-description\">\n<p>Este m\u00f3dulo \u00e9 um sensor de pingos de chuva ou neve. Sua placa \u00e9 revestida de uma malha condutora, quando um liquido condutor cai sobre a mesma, a corrente flui de uma malha para a outra. Dessa forma, o comparador LM393 coloca na sa\u00edda digital o valor l\u00f3gico alto quando n\u00e3o existe corrente ou coloca o valor l\u00f3gico baixo quando existe corrente, possue um LED indicador de status.<\/p>\n<p>Seu drive possue um potenci\u00f4metro de precis\u00e3o, que \u00e9 poss\u00edvel ajustar a sensibilidade do sensor, alterando o limite entre o sinal l\u00f3gico baixo e alto na sa\u00edda digital D0. Esse sensor tamb\u00e9m conta com uma sa\u00edda anal\u00f3gica, que pode ser usada quando se faz necess\u00e1rio uma maior precis\u00e3o.<\/p>\n<p><strong>Modo de conex\u00e3o:<\/strong><br \/>\nVCC: alimenta\u00e7\u00e3o positiva (3-5V)<br \/>\nGND: um negativo.<br \/>\nOD: TTL sinal de sa\u00edda de comuta\u00e7\u00e3o<br \/>\nAO: sa\u00edda de sinal anal\u00f3gico<\/p>\n<\/div>\n<div class=\"product-description\"><\/div>\n<\/div>\n<\/td>\n<\/tr>\n<\/tbody>\n<\/table>\n<\/div>\n<div class=\"sub-header\">Veja tamb\u00e9m<\/div>\n","protected":false},"excerpt":{"rendered":"<p class=\"product-title\">M\u00f3dulo Sensor de Chuva<\/p>\n","protected":false},"featured_media":3617,"template":"","meta":[],"product_brand":[],"product_cat":[50,178],"product_tag":[446,445],"class_list":{"0":"post-3616","1":"product","2":"type-product","3":"status-publish","4":"has-post-thumbnail","6":"product_cat-modulos","7":"product_cat-sensores","8":"product_tag-agua","9":"product_tag-chuva","11":"entry","12":"has-media","14":"first","15":"outofstock","16":"shipping-taxable","17":"purchasable","18":"product-type-simple","19":"has-product-nav","20":"col","21":"span_1_of_3","22":"owp-content-center","23":"owp-thumbs-layout-horizontal","24":"owp-btn-normal","25":"owp-tabs-layout-horizontal","26":"has-no-thumbnails"},"_links":{"self":[{"href":"https:\/\/arduxop.com.br\/loja\/wp-json\/wp\/v2\/product\/3616","targetHints":{"allow":["GET"]}}],"collection":[{"href":"https:\/\/arduxop.com.br\/loja\/wp-json\/wp\/v2\/product"}],"about":[{"href":"https:\/\/arduxop.com.br\/loja\/wp-json\/wp\/v2\/types\/product"}],"wp:featuredmedia":[{"embeddable":true,"href":"https:\/\/arduxop.com.br\/loja\/wp-json\/wp\/v2\/media\/3617"}],"wp:attachment":[{"href":"https:\/\/arduxop.com.br\/loja\/wp-json\/wp\/v2\/media?parent=3616"}],"wp:term":[{"taxonomy":"product_brand","embeddable":true,"href":"https:\/\/arduxop.com.br\/loja\/wp-json\/wp\/v2\/product_brand?post=3616"},{"taxonomy":"product_cat","embeddable":true,"href":"https:\/\/arduxop.com.br\/loja\/wp-json\/wp\/v2\/product_cat?post=3616"},{"taxonomy":"product_tag","embeddable":true,"href":"https:\/\/arduxop.com.br\/loja\/wp-json\/wp\/v2\/product_tag?post=3616"}],"curies":[{"name":"wp","href":"https:\/\/api.w.org\/{rel}","templated":true}]}}