{"id":3522,"date":"2018-11-28T10:12:48","date_gmt":"2018-11-28T13:12:48","guid":{"rendered":"https:\/\/arduxop.com.br\/loja\/?post_type=product&#038;p=3522"},"modified":"2025-11-28T15:05:34","modified_gmt":"2025-11-28T19:05:34","slug":"modulo-sensor-de-corrente-5a","status":"publish","type":"product","link":"https:\/\/arduxop.com.br\/loja\/produto\/modulo-sensor-de-corrente-5a\/","title":{"rendered":"M\u00f3dulo Sensor de Corrente ACS712 5A"},"content":{"rendered":"<p>M\u00f3dulo Sensor de Correntes, cont\u00ednuas (CC\/DC) ou alternadas (CA\/AC) at\u00e9 5A. Utiliza o CI ACS712T ELC-5A. Mede correntes at\u00e9 5A. Fornece um valor de tens\u00e3o proporcional correspondente ao valor da corrente. Voc\u00ea poder\u00e1 usar o canal an\u00e1logico\/digital do seu microcontrolador para fazer a leitura dos valores, ou um CLP que fa\u00e7a a leitura de 0V &#8211; 5V.<br \/>\nF\u00e1cil integra\u00e7\u00e3o com Arduino, PIC ou outros micro controladores.<br \/>\nPara que o m\u00f3dulo funcione corretamente a tens\u00e3o na sa\u00edda n\u00e3o pode ser menor ou igual a VCC\/2.<\/p>\n<p>Descri\u00e7\u00e3o T\u00e9cnica:<br \/>\na. Tempo de resposta: 5uS;<br \/>\nb. Largura de banda: 80Khz;<br \/>\nc. Margem de erro: 1.5% a 25\u00b0C;<br \/>\nd. Resist\u00eancia interna: 0.0012 ohm (1.2mili ohm);<br \/>\ne. Tens\u00e3o de isola\u00e7\u00e3o: 2.1KVRMS;<br \/>\nf. Tens\u00e3o de aliment\u00e7\u00e3o: 5V;<br \/>\ng. Dimens\u00f5es aproximadas: 3,1 x 1,3 cm;<br \/>\nh. Raz\u00e3o de sa\u00edda: 100mV por Ampere;<br \/>\ni. Leitura de corrente Cont\u00ednua ou Alternada;<br \/>\nj. Indicador led de funcionamento (Power On).<br \/>\nInstructables:<br \/>\n<a href=\"http:\/\/www.instructables.com\/id\/3D-Printed-Arduino-OLED-Watt-Meter\">http:\/\/www.instructables.com\/id\/3D-Printed-Arduino-OLED-Watt-Meter<\/a><\/p>\n","protected":false},"excerpt":{"rendered":"<p>5A AC\/DC M\u00f3dulo Acs712<\/p>\n","protected":false},"featured_media":1319,"template":"","meta":[],"product_brand":[],"product_cat":[196,50,178],"product_tag":[],"class_list":{"0":"post-3522","1":"product","2":"type-product","3":"status-publish","4":"has-post-thumbnail","6":"product_cat-medidores","7":"product_cat-modulos","8":"product_cat-sensores","10":"entry","11":"has-media","13":"first","14":"instock","15":"purchasable","16":"product-type-simple","17":"has-product-nav","18":"col","19":"span_1_of_3","20":"owp-content-center","21":"owp-thumbs-layout-horizontal","22":"owp-btn-normal","23":"owp-tabs-layout-horizontal"},"_links":{"self":[{"href":"https:\/\/arduxop.com.br\/loja\/wp-json\/wp\/v2\/product\/3522","targetHints":{"allow":["GET"]}}],"collection":[{"href":"https:\/\/arduxop.com.br\/loja\/wp-json\/wp\/v2\/product"}],"about":[{"href":"https:\/\/arduxop.com.br\/loja\/wp-json\/wp\/v2\/types\/product"}],"wp:featuredmedia":[{"embeddable":true,"href":"https:\/\/arduxop.com.br\/loja\/wp-json\/wp\/v2\/media\/1319"}],"wp:attachment":[{"href":"https:\/\/arduxop.com.br\/loja\/wp-json\/wp\/v2\/media?parent=3522"}],"wp:term":[{"taxonomy":"product_brand","embeddable":true,"href":"https:\/\/arduxop.com.br\/loja\/wp-json\/wp\/v2\/product_brand?post=3522"},{"taxonomy":"product_cat","embeddable":true,"href":"https:\/\/arduxop.com.br\/loja\/wp-json\/wp\/v2\/product_cat?post=3522"},{"taxonomy":"product_tag","embeddable":true,"href":"https:\/\/arduxop.com.br\/loja\/wp-json\/wp\/v2\/product_tag?post=3522"}],"curies":[{"name":"wp","href":"https:\/\/api.w.org\/{rel}","templated":true}]}}