{"id":3459,"date":"2018-11-13T09:26:00","date_gmt":"2018-11-13T12:26:00","guid":{"rendered":"https:\/\/arduxop.com.br\/loja\/?post_type=product&#038;p=3459"},"modified":"2024-07-25T07:55:34","modified_gmt":"2024-07-25T11:55:34","slug":"impressora-termica","status":"publish","type":"product","link":"https:\/\/arduxop.com.br\/loja\/produto\/impressora-termica\/","title":{"rendered":"Impressora T\u00e9rmica"},"content":{"rendered":"<p>A <strong>Mini Impressora T\u00e9rmica Arduino<\/strong> \u00e9 uma excelente op\u00e7\u00e3o para projetistas que desejam aumentar a intera\u00e7\u00e3o com seus projetos e o p\u00fablico, permitindo que por meio de microcontroladores sejam impressos dados de sensores, pequenas imagens, c\u00f3digos de barra, c\u00f3digos QR e caracteres diversos. Em geral, esse tipo de impressora \u00e9 utilizado de forma aut\u00f4noma para emiss\u00e3o de comprovantes de pagamento com cart\u00e3o de cr\u00e9dito, por exemplo.<br \/>O principal diferencial desse modelo de impressora deve-se ao fato de funcionar sem a necessidade de tinta, isso pois, trabalha com calor, produzindo imagens por meio do aquecimento do papel t\u00e9rmico em seu interior quando a cabe\u00e7a de impress\u00e3o t\u00e9rmica passa sobre o papel, tornado mais escuro o local desejado formanda os caracteres ou imagens.<br \/>Al\u00e9m da Mini Impressora T\u00e9rmica trabalhar com Arduino, ela pode operar tranquilamente com o Raspberry Pi ou qualquer outro microcontrolador que disponha do tipo de comunica\u00e7\u00e3o TTL com tens\u00e3o de n\u00edvel 3.3V-5V.<br \/>Importante destacar ainda alguns itens que acompanham, entre eles, um rolo de papel t\u00e9rmico de 57mm, um cabo utilizado para alimenta\u00e7\u00e3o (n\u00e3o acompanha fonte), um cabo para realizar a comunica\u00e7\u00e3o, dois suportes para prender em pain\u00e9is e 2 parafusos.<\/p>\n<p><img fetchpriority=\"high\" decoding=\"async\" class=\"alignleft size-full wp-image-3460\" src=\"https:\/\/arduxop.com.br\/loja\/wp-content\/uploads\/2018\/11\/Impressora-T\u00e9rmica-Arduino.gif\" alt=\"\" width=\"350\" height=\"263\" data-mce-src=\"https:\/\/arduxop.com.br\/loja\/wp-content\/uploads\/2018\/11\/Impressora-T\u00e9rmica-Arduino.gif\"><\/p>\n<p><span id=\"product_carac\"><b class=\"product_title_interno\">CARACTER\u00cdSTICAS:<\/b><br \/>&#8211; Mini Impressora T\u00e9rmica;<br \/>&#8211; Impressora T\u00e9rmica Arduino;<br \/>&#8211; Impressora T\u00e9rmica Raspberry Pi;<br \/>&#8211; Impress\u00e3o com texto pequeno, m\u00e9dio e grande;<br \/>&#8211; Texto em negrito e sublinhado;<br \/>&#8211; Compat\u00edvel com pequenas imagens, c\u00f3digos de barra, c\u00f3digos QR e outros;<br \/>&#8211; Ideal para impress\u00e3o de dados de sensores;<br \/>&#8211; Comunica\u00e7\u00e3o por padr\u00e3o TTL;<br \/>&#8211; Permite intera\u00e7\u00e3o com o p\u00fablico;<br \/>&#8211; N\u00e3o utiliza tinta;<\/span><\/p>\n<p>&#8211; Manual de uso em ingl\u00eas: <a href=\"https:\/\/www.usinainfo.com.br\/index.php?controller=attachment&amp;id_attachment=523\" target=\"_blank\" rel=\"noopener\" data-mce-href=\"https:\/\/www.usinainfo.com.br\/index.php?controller=attachment&amp;id_attachment=523\">Download AQUI<\/a>.<\/p>\n<p><span id=\"product_specification\"><b class=\"product_title_interno\">ESPECIFICA\u00c7\u00d5ES:<\/b><br \/>&#8211; Modelo: Mini Thermal Printer;<br \/>&#8211; Tens\u00e3o: 5 a 9VDC (Recomendamos Fonte de 2A);<br \/>&#8211; Velocidade de impress\u00e3o: 50-80mm\/s;<br \/>&#8211; Resolu\u00e7\u00e3o: 8 pontos\/mm, 384 pontos\/linha;<br \/>&#8211; Largura de impress\u00e3o efetiva: 48mm;<br \/>&#8211; Tipo de papel: papel t\u00e9rmico (acompanha);<br \/>&#8211; Largura do papel: 57,5 \u00b1 0,5 mm;<br \/>&#8211; Di\u00e2metro do rolo de papel m\u00e1x.: 39mm;<br \/>&#8211; Protocolo: TTL Serial;<br \/>&#8211; Temperatura de funcionamento: 5\u00b0C a 50\u00b0C;<br \/>&#8211; Umidade de opera\u00e7\u00e3o: 10% ~ 80%;<br \/>&#8211; Portas: GND\/VCC\/GND\/RX\/TX;<br \/>&#8211; Comprimento dos conectores: 40cm;<br \/>&#8211; Dimens\u00f5es (CxLxA): 110x65x57mm;<br \/>&#8211; Peso: 200g.<\/span><\/p>\n","protected":false},"excerpt":{"rendered":"<p class=\"item-title__primary \">Mini Impressora T\u00e9rmica Para Arduino E Raspberry Pi<\/p>\n","protected":false},"featured_media":3464,"template":"","meta":[],"product_brand":[],"product_cat":[183,47],"product_tag":[],"class_list":{"0":"post-3459","1":"product","2":"type-product","3":"status-publish","4":"has-post-thumbnail","6":"product_cat-displays","7":"product_cat-diversos","9":"entry","10":"has-media","12":"first","13":"instock","14":"shipping-taxable","15":"purchasable","16":"product-type-simple","17":"has-product-nav","18":"col","19":"span_1_of_3","20":"owp-content-center","21":"owp-thumbs-layout-horizontal","22":"owp-btn-normal","23":"owp-tabs-layout-horizontal"},"_links":{"self":[{"href":"https:\/\/arduxop.com.br\/loja\/wp-json\/wp\/v2\/product\/3459","targetHints":{"allow":["GET"]}}],"collection":[{"href":"https:\/\/arduxop.com.br\/loja\/wp-json\/wp\/v2\/product"}],"about":[{"href":"https:\/\/arduxop.com.br\/loja\/wp-json\/wp\/v2\/types\/product"}],"wp:featuredmedia":[{"embeddable":true,"href":"https:\/\/arduxop.com.br\/loja\/wp-json\/wp\/v2\/media\/3464"}],"wp:attachment":[{"href":"https:\/\/arduxop.com.br\/loja\/wp-json\/wp\/v2\/media?parent=3459"}],"wp:term":[{"taxonomy":"product_brand","embeddable":true,"href":"https:\/\/arduxop.com.br\/loja\/wp-json\/wp\/v2\/product_brand?post=3459"},{"taxonomy":"product_cat","embeddable":true,"href":"https:\/\/arduxop.com.br\/loja\/wp-json\/wp\/v2\/product_cat?post=3459"},{"taxonomy":"product_tag","embeddable":true,"href":"https:\/\/arduxop.com.br\/loja\/wp-json\/wp\/v2\/product_tag?post=3459"}],"curies":[{"name":"wp","href":"https:\/\/api.w.org\/{rel}","templated":true}]}}