{"id":3438,"date":"2018-10-30T11:48:11","date_gmt":"2018-10-30T15:48:11","guid":{"rendered":"https:\/\/arduxop.com.br\/loja\/?post_type=product&#038;p=3438"},"modified":"2024-07-25T07:55:35","modified_gmt":"2024-07-25T11:55:35","slug":"interruptor-micro-switch","status":"publish","type":"product","link":"https:\/\/arduxop.com.br\/loja\/produto\/interruptor-micro-switch\/","title":{"rendered":"Interruptor Micro Switch"},"content":{"rendered":"<pre>A chave fim de curso ou interruptor micro switch tem vasta aplica\u00e7\u00e3o ndustrial, comercial ou dom\u00e9stico. \u00c9 um item muito importante e que todo desenvolvedor deve saber utillizar. Pode ser usada para acionamento de portas, janelas, elevadores, refinarias, inspe\u00e7\u00e3o de cargas, etc... \n\nCARACTER\u00cdSTICAS:\nP\u00f3los: SPDT\nTipo de a\u00e7\u00e3o: moment\u00e2nea\nTipo de contato: 1NA + 1NF\nMaterial: pl\u00e1stico e Metal\nCarga nominal AC: 1A 125 V\nTamanho da alavanca (Aprox.): 13x4mm\/0.5 \" x 0.2 \" (comprimento * largura)\nLargura do Pino(Aprox.): 0.7mm\/0.03 \"\nTamanho (Aprox.): 12x6x13mm\/0.5 \" x 0.2 \" x 0.5 \" (comprimento * largura * altura)\nCor: preto, branco, vermelho\n<\/pre>\n","protected":false},"excerpt":{"rendered":"<p class=\"product_name ms-vip-title\">Interruptor Micro Switch Chave Fim Curso Alavanca Haste Kw10<\/p>\n","protected":false},"featured_media":3441,"template":"","meta":[],"product_brand":[],"product_cat":[47,178],"product_tag":[],"class_list":{"0":"post-3438","1":"product","2":"type-product","3":"status-publish","4":"has-post-thumbnail","6":"product_cat-diversos","7":"product_cat-sensores","9":"entry","10":"has-media","12":"first","13":"instock","14":"shipping-taxable","15":"purchasable","16":"product-type-simple","17":"has-product-nav","18":"col","19":"span_1_of_3","20":"owp-content-center","21":"owp-thumbs-layout-horizontal","22":"owp-btn-normal","23":"owp-tabs-layout-horizontal"},"_links":{"self":[{"href":"https:\/\/arduxop.com.br\/loja\/wp-json\/wp\/v2\/product\/3438","targetHints":{"allow":["GET"]}}],"collection":[{"href":"https:\/\/arduxop.com.br\/loja\/wp-json\/wp\/v2\/product"}],"about":[{"href":"https:\/\/arduxop.com.br\/loja\/wp-json\/wp\/v2\/types\/product"}],"wp:featuredmedia":[{"embeddable":true,"href":"https:\/\/arduxop.com.br\/loja\/wp-json\/wp\/v2\/media\/3441"}],"wp:attachment":[{"href":"https:\/\/arduxop.com.br\/loja\/wp-json\/wp\/v2\/media?parent=3438"}],"wp:term":[{"taxonomy":"product_brand","embeddable":true,"href":"https:\/\/arduxop.com.br\/loja\/wp-json\/wp\/v2\/product_brand?post=3438"},{"taxonomy":"product_cat","embeddable":true,"href":"https:\/\/arduxop.com.br\/loja\/wp-json\/wp\/v2\/product_cat?post=3438"},{"taxonomy":"product_tag","embeddable":true,"href":"https:\/\/arduxop.com.br\/loja\/wp-json\/wp\/v2\/product_tag?post=3438"}],"curies":[{"name":"wp","href":"https:\/\/api.w.org\/{rel}","templated":true}]}}