{"id":3427,"date":"2018-10-29T17:11:22","date_gmt":"2018-10-29T19:11:22","guid":{"rendered":"https:\/\/arduxop.com.br\/loja\/?post_type=product&#038;p=3427"},"modified":"2024-07-25T07:55:36","modified_gmt":"2024-07-25T11:55:36","slug":"cabo-displayport","status":"publish","type":"product","link":"https:\/\/arduxop.com.br\/loja\/produto\/cabo-displayport\/","title":{"rendered":"Cabo Displayport"},"content":{"rendered":"<section class=\"main-section item-description \">\n<div id=\"description-includes\" class=\"item-description__content \">\n<div class=\"item-description__text\">\n<p>O cabo Displayport permite conectar seu computador a um monitor com conex\u00e3o DisplayPort. Este cabo ir\u00e1 transferir \u00e1udio sem compress\u00e3o e os sinais de v\u00eddeo em alta defini\u00e7\u00e3o. Suporta resolu\u00e7\u00f5es de HDTV at\u00e9 1080p e 2560&#215;1600 para computadores, f\u00e1cil uso plug and play.<\/p>\n<p>Caracteristicas:<\/p>\n<p>&#8211; Compat\u00edvel: UHD 4K 2K 3840 X 2160 &#8211; 8 Megapixels Full HD &#8211; 1080P &#8211; 1920 X 1080 &#8211; 2 Megapixels Compat\u00edvel: Largura de Banda: at\u00e9 21.6 a 26 GBPS Compat\u00edvel: Frequ\u00eancia M\u00e1xima Suportada: 50Hz, 60Hz, 75Hz, 120Hz at\u00e9 144Hz. Compat\u00edvel: Tecnologias propriet\u00e1rias Nvidia AMD G-Sync FreeSync Adaptive Sync V-Sync<br \/>\n&#8211; Suporta Monitor \/ TV Ultra Wide.<br \/>\n&#8211; Cabo Displayport 1.2A 20 Pinos Macho x Macho.<br \/>\n&#8211; Conectores: Displayport Macho x Displayport Macho.<br \/>\n&#8211; Conectores internos: 20 pinos.<br \/>\n&#8211; Compat\u00edvel com tecnologia Freesync. Compat\u00edvel com tecnologia G-Sync.<br \/>\n&#8211; Compat\u00edvel com tecnologia Adaptive Sync.<br \/>\n&#8211; Compat\u00edvel com tecnologia V-Sync.<br \/>\n&#8211; Compat\u00edvel com todas as marcas com conector displayport como DELL, Lenovo, HP, e todos outros dispositivos que tenham entrada Displayport<\/p>\n<\/div>\n<\/div>\n<\/section>\n","protected":false},"excerpt":{"rendered":"<p class=\"item-title__primary \">Cabo Displayport 1.2 4k 2m Blindado Altissima Qualidade<\/p>\n","protected":false},"featured_media":3434,"template":"","meta":[],"product_brand":[],"product_cat":[184],"product_tag":[],"class_list":{"0":"post-3427","1":"product","2":"type-product","3":"status-publish","4":"has-post-thumbnail","6":"product_cat-fios-e-cabos","8":"entry","9":"has-media","11":"first","12":"instock","13":"shipping-taxable","14":"purchasable","15":"product-type-simple","16":"has-product-nav","17":"col","18":"span_1_of_3","19":"owp-content-center","20":"owp-thumbs-layout-horizontal","21":"owp-btn-normal","22":"owp-tabs-layout-horizontal"},"_links":{"self":[{"href":"https:\/\/arduxop.com.br\/loja\/wp-json\/wp\/v2\/product\/3427","targetHints":{"allow":["GET"]}}],"collection":[{"href":"https:\/\/arduxop.com.br\/loja\/wp-json\/wp\/v2\/product"}],"about":[{"href":"https:\/\/arduxop.com.br\/loja\/wp-json\/wp\/v2\/types\/product"}],"wp:featuredmedia":[{"embeddable":true,"href":"https:\/\/arduxop.com.br\/loja\/wp-json\/wp\/v2\/media\/3434"}],"wp:attachment":[{"href":"https:\/\/arduxop.com.br\/loja\/wp-json\/wp\/v2\/media?parent=3427"}],"wp:term":[{"taxonomy":"product_brand","embeddable":true,"href":"https:\/\/arduxop.com.br\/loja\/wp-json\/wp\/v2\/product_brand?post=3427"},{"taxonomy":"product_cat","embeddable":true,"href":"https:\/\/arduxop.com.br\/loja\/wp-json\/wp\/v2\/product_cat?post=3427"},{"taxonomy":"product_tag","embeddable":true,"href":"https:\/\/arduxop.com.br\/loja\/wp-json\/wp\/v2\/product_tag?post=3427"}],"curies":[{"name":"wp","href":"https:\/\/api.w.org\/{rel}","templated":true}]}}