{"id":3410,"date":"2018-10-23T17:37:28","date_gmt":"2018-10-23T20:37:28","guid":{"rendered":"https:\/\/arduxop.com.br\/loja\/?post_type=product&#038;p=3410"},"modified":"2025-06-25T16:32:11","modified_gmt":"2025-06-25T20:32:11","slug":"voltimetro-digital-030v","status":"publish","type":"product","link":"https:\/\/arduxop.com.br\/loja\/produto\/voltimetro-digital-030v\/","title":{"rendered":"Volt\u00edmetro Digital 0~30v"},"content":{"rendered":"<p>Volt\u00edmetro Digital para Painel .<\/p>\n<p>Display na Cor Azul<\/p>\n<p>Tamanho: aprox 4,6 x 2,6 x 1,6 mm<br \/>\nprecis\u00e3o: + ou menos 1%<br \/>\nModo de exibi\u00e7\u00e3o: Display: LED de tr\u00eas d\u00edgitos<br \/>\nFaixa: DC 0 V-30 V\/DC<br \/>\nIntervalo de entrada de alimenta\u00e7\u00e3o: DC 4,5-30 V<br \/>\nCorrente de funcionamento: menos do que 20mA<br \/>\nCor da exposi\u00e7\u00e3o: Vermelho \/ Azul<br \/>\nTemperatura de armazenamento: +-10 \u00b0 C tem a 65 \u00b0C<br \/>\nCom 3 fios : Preto-Vermelho-Branco.<\/p>\n","protected":false},"excerpt":{"rendered":"<p class=\"item-title__primary \">Volt\u00edmetro Digital\u00a0 3 Fios 0~30v Dc Azul<\/p>\n","protected":false},"featured_media":3411,"template":"","meta":[],"product_brand":[],"product_cat":[196,197],"product_tag":[518],"class_list":{"0":"post-3410","1":"product","2":"type-product","3":"status-publish","4":"has-post-thumbnail","6":"product_cat-medidores","7":"product_cat-volt-amperes","8":"product_tag-voltimetro","10":"entry","11":"has-media","13":"first","14":"instock","15":"shipping-taxable","16":"purchasable","17":"product-type-simple","18":"has-product-nav","19":"col","20":"span_1_of_3","21":"owp-content-center","22":"owp-thumbs-layout-horizontal","23":"owp-btn-normal","24":"owp-tabs-layout-horizontal"},"_links":{"self":[{"href":"https:\/\/arduxop.com.br\/loja\/wp-json\/wp\/v2\/product\/3410","targetHints":{"allow":["GET"]}}],"collection":[{"href":"https:\/\/arduxop.com.br\/loja\/wp-json\/wp\/v2\/product"}],"about":[{"href":"https:\/\/arduxop.com.br\/loja\/wp-json\/wp\/v2\/types\/product"}],"wp:featuredmedia":[{"embeddable":true,"href":"https:\/\/arduxop.com.br\/loja\/wp-json\/wp\/v2\/media\/3411"}],"wp:attachment":[{"href":"https:\/\/arduxop.com.br\/loja\/wp-json\/wp\/v2\/media?parent=3410"}],"wp:term":[{"taxonomy":"product_brand","embeddable":true,"href":"https:\/\/arduxop.com.br\/loja\/wp-json\/wp\/v2\/product_brand?post=3410"},{"taxonomy":"product_cat","embeddable":true,"href":"https:\/\/arduxop.com.br\/loja\/wp-json\/wp\/v2\/product_cat?post=3410"},{"taxonomy":"product_tag","embeddable":true,"href":"https:\/\/arduxop.com.br\/loja\/wp-json\/wp\/v2\/product_tag?post=3410"}],"curies":[{"name":"wp","href":"https:\/\/api.w.org\/{rel}","templated":true}]}}