{"id":3358,"date":"2018-09-19T18:35:24","date_gmt":"2018-09-19T21:35:24","guid":{"rendered":"https:\/\/arduxop.com.br\/loja\/?post_type=product&#038;p=3358"},"modified":"2024-07-25T07:55:38","modified_gmt":"2024-07-25T11:55:38","slug":"sensor-de-inclinacao-e-vibracao","status":"publish","type":"product","link":"https:\/\/arduxop.com.br\/loja\/produto\/sensor-de-inclinacao-e-vibracao\/","title":{"rendered":"Sensor De Inclina\u00e7\u00e3o E Vibra\u00e7\u00e3o"},"content":{"rendered":"<pre>O sensor de inclina\u00e7\u00e3o e vibra\u00e7\u00e3o SW-200D \u00e9 a solu\u00e7\u00e3o de baixo custo ideal para projetos simples que requerem indica\u00e7\u00f5es de inclina\u00e7\u00e3o em rela\u00e7\u00e3o ao plano horizontal e\/ou analisar vibra\u00e7\u00f5es, por\u00e9m sem necessitar da precis\u00e3o e complexidade do girosc\u00f3pio e do aceler\u00f4metro.\r\nEste sensor pode ser utilizado horizontalmente para detec\u00e7\u00e3o de inclina\u00e7\u00e3o e verticalmente para detec\u00e7\u00e3o de vibra\u00e7\u00e3o. Possui uma ampla gama de aplica\u00e7\u00f5es, como rota\u00e7\u00e3o de c\u00e2meras digitais, dispositivos automotivos, aplica\u00e7\u00f5es el\u00e9tricas residenciais, aparelhos de comunica\u00e7\u00e3o, brinquedos, etc.\r\n\r\nPrincipais caracter\u00edsticas:\r\n- Sensor de inclina\u00e7\u00e3o com acionamento atrav\u00e9s do contato de dois elementos esf\u00e9ricos;\r\n- Quando a inclina\u00e7\u00e3o do terminal de cor prateada for superior a 10 graus para baixo em rela\u00e7\u00e3o ao plano horizontal, o sensor se comportar\u00e1 como um contato aberto, apresentando o status \"LOW\". Caso o terminal de cor dourada do sensor estiver com inclina\u00e7\u00e3o igual ou superior a 10 graus para baixo em rela\u00e7\u00e3o ao plano horizontal, o sensor ir\u00e1 fechar seu contato interno, apresentando o status \"HIGH\";\r\n- \u00c9 poss\u00edvel detectar vibra\u00e7\u00f5es com o sensor na posi\u00e7\u00e3o horizontal ou inclinado, com exce\u00e7\u00e3o de quando o terminal de cor prateada estiver voltado para baixo;\r\n- O sensor de inclina\u00e7\u00e3o e vibra\u00e7\u00e3o SW-200D \u00e9 hermeticamente fechado, garantindo sua prote\u00e7\u00e3o contra exposi\u00e7\u00e3o a \u00e1gua e poeira;\r\n- O sensor de inclina\u00e7\u00e3o e vibra\u00e7\u00e3o SW-200D possui vida \u00fatil garantida de 100.000 ciclos.\r\n\r\nDados t\u00e9cnicos:\r\n- Tens\u00e3o de trabalho: 12V\r\n- Corrente de trabalho: 20mA\r\n- Resist\u00eancia do circuito aberto: =10MO\r\n- Resist\u00eancia do circuito fechado: =10O\r\n- Tempo de condutividade: 2ms\r\n- Temperatura de opera\u00e7\u00e3o: -40\u00b0C a +80\u00b0C\r\n- Toler\u00e2ncia a umidade do ambiente: 25% a 80%<\/pre>\n","protected":false},"excerpt":{"rendered":"<p>Sensor De Inclina\u00e7\u00e3o E Vibra\u00e7\u00e3o Sw-200d<\/p>\n","protected":false},"featured_media":3359,"template":"","meta":[],"product_brand":[],"product_cat":[178],"product_tag":[441,440],"class_list":{"0":"post-3358","1":"product","2":"type-product","3":"status-publish","4":"has-post-thumbnail","6":"product_cat-sensores","7":"product_tag-inclinacao","8":"product_tag-vibracao","10":"entry","11":"has-media","13":"first","14":"instock","15":"shipping-taxable","16":"purchasable","17":"product-type-simple","18":"has-product-nav","19":"col","20":"span_1_of_3","21":"owp-content-center","22":"owp-thumbs-layout-horizontal","23":"owp-btn-normal","24":"owp-tabs-layout-horizontal"},"_links":{"self":[{"href":"https:\/\/arduxop.com.br\/loja\/wp-json\/wp\/v2\/product\/3358","targetHints":{"allow":["GET"]}}],"collection":[{"href":"https:\/\/arduxop.com.br\/loja\/wp-json\/wp\/v2\/product"}],"about":[{"href":"https:\/\/arduxop.com.br\/loja\/wp-json\/wp\/v2\/types\/product"}],"wp:featuredmedia":[{"embeddable":true,"href":"https:\/\/arduxop.com.br\/loja\/wp-json\/wp\/v2\/media\/3359"}],"wp:attachment":[{"href":"https:\/\/arduxop.com.br\/loja\/wp-json\/wp\/v2\/media?parent=3358"}],"wp:term":[{"taxonomy":"product_brand","embeddable":true,"href":"https:\/\/arduxop.com.br\/loja\/wp-json\/wp\/v2\/product_brand?post=3358"},{"taxonomy":"product_cat","embeddable":true,"href":"https:\/\/arduxop.com.br\/loja\/wp-json\/wp\/v2\/product_cat?post=3358"},{"taxonomy":"product_tag","embeddable":true,"href":"https:\/\/arduxop.com.br\/loja\/wp-json\/wp\/v2\/product_tag?post=3358"}],"curies":[{"name":"wp","href":"https:\/\/api.w.org\/{rel}","templated":true}]}}