{"id":3311,"date":"2018-08-31T12:38:48","date_gmt":"2018-08-31T15:38:48","guid":{"rendered":"https:\/\/arduxop.com.br\/loja\/?post_type=product&#038;p=3311"},"modified":"2024-07-25T07:55:39","modified_gmt":"2024-07-25T11:55:39","slug":"display-lcd-grafico-128x64-backlight-azul","status":"publish","type":"product","link":"https:\/\/arduxop.com.br\/loja\/produto\/display-lcd-grafico-128x64-backlight-azul\/","title":{"rendered":"Display Lcd Gr\u00e1fico 128&#215;64 Backlight Azul MT\u201312864J"},"content":{"rendered":"<p>O Display LCD gr\u00e1fico 128&#215;64 \u00e9 uma \u00f3tima op\u00e7\u00e3o para quem busca um display com um bom desempenho sem precisar gastar muito. A integra\u00e7\u00e3o com o ardu\u00edno se d\u00e1 de forma f\u00e1cil e pr\u00e1tica.<\/p>\n<p>Este display tem o modo paralelo e serial embutido.<\/p>\n<p>Especifica\u00e7\u00f5es:<br \/>\n&#8211; Este LCD possui o controlador ST7920<br \/>\n&#8211; N\u00famero de Caracteres: 128&#215;64<br \/>\n&#8211; Backlight: Azul<br \/>\n&#8211; VDD: 3-5,5V<br \/>\n&#8211; Clock: 2Mhz<br \/>\n&#8211; Dimens\u00e3o \u00c1rea vis\u00edvel: 70 x 38,8mm<br \/>\n&#8211; Dimens\u00e3o Ponto: 0,48 x 0,48mm<br \/>\n&#8211; Dimens\u00e3o Total: 93 x 70 x 13,5mm<\/p>\n<p>&nbsp;<\/p>\n<p class=\"responsive-video-wrap clr\"><iframe title=\"Display LCD Gr\u00e1fico 128x64 ST7920 com Arduino Uno\" width=\"1200\" height=\"675\" src=\"https:\/\/www.youtube.com\/embed\/7yUHWK1ZZ8E?feature=oembed\" frameborder=\"0\" allow=\"accelerometer; autoplay; clipboard-write; encrypted-media; gyroscope; picture-in-picture\" allowfullscreen><\/iframe><\/p>\n","protected":false},"excerpt":{"rendered":"<p>MT\u201312864J MT\u201312864A<\/p>\n","protected":false},"featured_media":3314,"template":"","meta":[],"product_brand":[],"product_cat":[183,233],"product_tag":[],"class_list":{"0":"post-3311","1":"product","2":"type-product","3":"status-publish","4":"has-post-thumbnail","6":"product_cat-displays","7":"product_cat-lcd","9":"entry","10":"has-media","12":"first","13":"instock","14":"shipping-taxable","15":"purchasable","16":"product-type-simple","17":"has-product-nav","18":"col","19":"span_1_of_3","20":"owp-content-center","21":"owp-thumbs-layout-horizontal","22":"owp-btn-normal","23":"owp-tabs-layout-horizontal"},"_links":{"self":[{"href":"https:\/\/arduxop.com.br\/loja\/wp-json\/wp\/v2\/product\/3311","targetHints":{"allow":["GET"]}}],"collection":[{"href":"https:\/\/arduxop.com.br\/loja\/wp-json\/wp\/v2\/product"}],"about":[{"href":"https:\/\/arduxop.com.br\/loja\/wp-json\/wp\/v2\/types\/product"}],"wp:featuredmedia":[{"embeddable":true,"href":"https:\/\/arduxop.com.br\/loja\/wp-json\/wp\/v2\/media\/3314"}],"wp:attachment":[{"href":"https:\/\/arduxop.com.br\/loja\/wp-json\/wp\/v2\/media?parent=3311"}],"wp:term":[{"taxonomy":"product_brand","embeddable":true,"href":"https:\/\/arduxop.com.br\/loja\/wp-json\/wp\/v2\/product_brand?post=3311"},{"taxonomy":"product_cat","embeddable":true,"href":"https:\/\/arduxop.com.br\/loja\/wp-json\/wp\/v2\/product_cat?post=3311"},{"taxonomy":"product_tag","embeddable":true,"href":"https:\/\/arduxop.com.br\/loja\/wp-json\/wp\/v2\/product_tag?post=3311"}],"curies":[{"name":"wp","href":"https:\/\/api.w.org\/{rel}","templated":true}]}}