{"id":3256,"date":"2018-08-13T17:13:34","date_gmt":"2018-08-13T20:13:34","guid":{"rendered":"https:\/\/arduxop.com.br\/loja\/?post_type=product&#038;p=3256"},"modified":"2024-07-25T07:55:41","modified_gmt":"2024-07-25T11:55:41","slug":"expansor-de-portas","status":"publish","type":"product","link":"https:\/\/arduxop.com.br\/loja\/produto\/expansor-de-portas\/","title":{"rendered":"Expansor de portas multiplexador"},"content":{"rendered":"<div class=\"product-description\">Esta \u00e9 uma placa muito \u00fatil de 16 canais multiplexadora\/demultiplexadora, que funciona com os sinais digitais e anal\u00f3gicos.<br \/>\nO Multiplexador equipado com o chip CD74HC4067 CMOS de alta velocidade \u00e9 um expansor de portas I\/O.<br \/>\nPara control\u00e1-lo, conecte 4 sa\u00eddas digitais aos pinos de sele\u00e7\u00e3o de endere\u00e7o do chip (S0-S3) e envie-lhe o endere\u00e7o bin\u00e1rio do canal desejado.<br \/>\nIsso permite que voc\u00ea conecte at\u00e9 16 sensores ao seu sistema usando apenas 5 pinos!<br \/>\nVoc\u00ea pode us\u00e1-lo para canalizar dados em s\u00e9rie de n\u00edvel TTL para ou de v\u00e1rios dispositivos. Por exemplo, voc\u00ea pode us\u00e1-lo para conectar os pinos TX de 16 dispositivos a um pino RX em seu microcontrolador.<strong>Especifica\u00e7\u00f5es:<\/strong>&#8211; Tens\u00e3o de opera\u00e7\u00e3o 2V ~ 6V<br \/>\n&#8211; Resist\u00eancia &#8220;On&#8221;: 70 Ohms @ 4.5V<br \/>\n&#8211; Ampla faixa de temperatura de funcionamento: -55C a 125C<\/div>\n<div class=\"product-description\">=================================================================<\/div>\n<div>\n<p>&#8211; O Multiplexador CD74HC4067 CMOS \u00e9 um m\u00f3dulo eletr\u00f4nico de grande praticidade e efici\u00eancia, sendo empregado especialmente em projetos que exigem maiores quantias de pinos do microcontrolador, vindo a multiplicar as conex\u00f5es.<br \/>\n&#8211; A conex\u00e3o do M\u00f3dulo Multiplexador CD74HC4067 CMOS junto ao Arduino e outros microcontroladores \u00e9 muito simples, utilizando 4 pinos digitais para controlar o fluxo de 1 pino para outros 16, permitindo ser utilizado em qualquer dire\u00e7\u00e3o, inclusive serial e outras interfaces digitais.<br \/>\n&#8211; O Multiplexador CD74HC4067 CMOS atua como um m\u00f3dulo 16 em 1, onde por meio dos 4 pinos digitais s\u00e3o definidos alto e baixo em um c\u00f3digo bin\u00e1rio (0 &#8211; 15), de forma a determinar onde o pino SIG est\u00e1 ligado.<br \/>\n&#8211; Muito mais que apenas ler sinais anal\u00f3gicos, o Multiplexador CD74HC4067 CMOS pode ser utilizado em qualquer dire\u00e7\u00e3o, de forma a apresentar diferentes modos de liga\u00e7\u00e3o e funcionalidades de acordo com a necessidade do programador.<\/p>\n<p>CARACTER\u00cdSTICAS:<br \/>\n&#8211; M\u00f3dulo Multiplexador CD74HC4067 CMOS;<br \/>\n&#8211; Compat\u00edvel com Arduino , Raspberry Pi, Pic e outros;<br \/>\n&#8211; Multiplica as conex\u00f5es do microcontrolador;<br \/>\n&#8211; Simples programa\u00e7\u00e3o;<br \/>\n&#8211; Poder ser utilizado em qualquer dire\u00e7\u00e3o;<br \/>\n&#8211; 16 Canais;<\/p>\n<p>ESPECIFICA\u00c7\u00d5ES:<br \/>\n&#8211; Ci: CD74HC4067;<br \/>\n&#8211; Tens\u00e3o de opera\u00e7\u00e3o: 2V a 6V;<br \/>\n&#8211; Resist\u00eancia &#8220;On&#8221;: 70 Ohms @ 4.5V;<br \/>\n&#8211; Temperatura de funcionamento: -55C a 125\u00b0C;<br \/>\n&#8211; Dimens\u00f5es (CxLxE): 40x18x2,2mm;<br \/>\n&#8211; Peso: 2g.<\/p>\n<\/div>\n","protected":false},"excerpt":{"rendered":"<p class=\"product-title\">M\u00f3dulo Divisor Multiplexador Digital D74HC4067<\/p>\n","protected":false},"featured_media":3259,"template":"","meta":[],"product_brand":[],"product_cat":[411,50],"product_tag":[],"class_list":{"0":"post-3256","1":"product","2":"type-product","3":"status-publish","4":"has-post-thumbnail","6":"product_cat-sem-categoria","7":"product_cat-modulos","9":"entry","10":"has-media","12":"first","13":"instock","14":"shipping-taxable","15":"purchasable","16":"product-type-simple","17":"has-product-nav","18":"col","19":"span_1_of_3","20":"owp-content-center","21":"owp-thumbs-layout-horizontal","22":"owp-btn-normal","23":"owp-tabs-layout-horizontal"},"_links":{"self":[{"href":"https:\/\/arduxop.com.br\/loja\/wp-json\/wp\/v2\/product\/3256","targetHints":{"allow":["GET"]}}],"collection":[{"href":"https:\/\/arduxop.com.br\/loja\/wp-json\/wp\/v2\/product"}],"about":[{"href":"https:\/\/arduxop.com.br\/loja\/wp-json\/wp\/v2\/types\/product"}],"wp:featuredmedia":[{"embeddable":true,"href":"https:\/\/arduxop.com.br\/loja\/wp-json\/wp\/v2\/media\/3259"}],"wp:attachment":[{"href":"https:\/\/arduxop.com.br\/loja\/wp-json\/wp\/v2\/media?parent=3256"}],"wp:term":[{"taxonomy":"product_brand","embeddable":true,"href":"https:\/\/arduxop.com.br\/loja\/wp-json\/wp\/v2\/product_brand?post=3256"},{"taxonomy":"product_cat","embeddable":true,"href":"https:\/\/arduxop.com.br\/loja\/wp-json\/wp\/v2\/product_cat?post=3256"},{"taxonomy":"product_tag","embeddable":true,"href":"https:\/\/arduxop.com.br\/loja\/wp-json\/wp\/v2\/product_tag?post=3256"}],"curies":[{"name":"wp","href":"https:\/\/api.w.org\/{rel}","templated":true}]}}