{"id":3230,"date":"2018-08-02T17:40:55","date_gmt":"2018-08-02T21:40:55","guid":{"rendered":"https:\/\/arduxop.com.br\/loja\/?post_type=product&#038;p=3230"},"modified":"2024-07-25T07:55:43","modified_gmt":"2024-07-25T11:55:43","slug":"3230","status":"publish","type":"product","link":"https:\/\/arduxop.com.br\/loja\/produto\/3230\/","title":{"rendered":"Transdutor Piezo"},"content":{"rendered":"<p>Descri\u00e7\u00e3o:<br \/>O Transdutor Piezoel\u00e9trico, tamb\u00e9m conhecido como Pastilha Piezoel\u00e9trica, trata-se de um tipo de sensor capaz de detectar toques e vibra\u00e7\u00f5es, utilizando as informa\u00e7\u00f5es da sua tens\u00e3o de sa\u00edda. A detec\u00e7\u00e3o dos toques por meio do Transdutor Piezoel\u00e9trico d\u00e1-se por meio das vibra\u00e7\u00f5es que s\u00e3o geradas pelo dedo durante o toque, podendo ser utilizado em variadas aplica\u00e7\u00f5es.<br \/>Possuindo m\u00faltiplas fun\u00e7\u00f5es, o Transdutor Piezoel\u00e9trico tamb\u00e9m pode ser utilizado como um pequeno transdutor de \u00e1udio, um tipo de buzzer.<br \/>Para utilizar o Transdutor Piezoel\u00e9trico em conjunto com o Arduino \u00e9 necess\u00e1rio aplicar um resistor de 1Mega Ohm em paralelo com a pastilha e conect\u00e1-lo junto a porta anal\u00f3gica do microcontrolador.<br \/>Se voc\u00ea precisa de um componente eletr\u00f4nicos com variadas possibilidades de aplica\u00e7\u00e3o, o Transdutor Piezoel\u00e9trico \u00e9 o mais indicado, mostrando-se muito funcional e confi\u00e1vel, ideal para utiliza\u00e7\u00e3o em v\u00e1rios tipos de projetos.<\/p>\n<p>Especifica\u00e7\u00f5es:<br \/>* Caracter\u00edsticas:<br \/>* Di\u00e2metro: 27mm<br \/>* Utilizado como sensor de vibra\u00e7\u00f5es<br \/>* Por meio das vibra\u00e7\u00f5es pode ser utilizado como sensor de toque<br \/>* Modulando determinada frequ\u00eancia gera ru\u00eddos, tipo um buzzer<br \/>* Necess\u00e1rio soldar fios para conex\u00e3o (explica\u00e7\u00e3o na descri\u00e7\u00e3o)<br \/>* O terminal positivo \u00e9 centro branco<br \/>* Tens\u00e3o de sa\u00edda vari\u00e1vel<br \/>* Deve ser utilizado junto a porta anal\u00f3gica do Arduino<br \/>* Peso: 0,8g<\/p>\n","protected":false},"excerpt":{"rendered":"<p>Pastilha Transdutor Piezo El\u00e9trico 27mm Piezoeletrico<\/p>\n","protected":false},"featured_media":3231,"template":"","meta":[],"product_brand":[],"product_cat":[190,178],"product_tag":[],"class_list":{"0":"post-3230","1":"product","2":"type-product","3":"status-publish","4":"has-post-thumbnail","6":"product_cat-buzzer","7":"product_cat-sensores","9":"entry","10":"has-media","12":"first","13":"instock","14":"shipping-taxable","15":"purchasable","16":"product-type-simple","17":"has-product-nav","18":"col","19":"span_1_of_3","20":"owp-content-center","21":"owp-thumbs-layout-horizontal","22":"owp-btn-normal","23":"owp-tabs-layout-horizontal"},"_links":{"self":[{"href":"https:\/\/arduxop.com.br\/loja\/wp-json\/wp\/v2\/product\/3230","targetHints":{"allow":["GET"]}}],"collection":[{"href":"https:\/\/arduxop.com.br\/loja\/wp-json\/wp\/v2\/product"}],"about":[{"href":"https:\/\/arduxop.com.br\/loja\/wp-json\/wp\/v2\/types\/product"}],"wp:featuredmedia":[{"embeddable":true,"href":"https:\/\/arduxop.com.br\/loja\/wp-json\/wp\/v2\/media\/3231"}],"wp:attachment":[{"href":"https:\/\/arduxop.com.br\/loja\/wp-json\/wp\/v2\/media?parent=3230"}],"wp:term":[{"taxonomy":"product_brand","embeddable":true,"href":"https:\/\/arduxop.com.br\/loja\/wp-json\/wp\/v2\/product_brand?post=3230"},{"taxonomy":"product_cat","embeddable":true,"href":"https:\/\/arduxop.com.br\/loja\/wp-json\/wp\/v2\/product_cat?post=3230"},{"taxonomy":"product_tag","embeddable":true,"href":"https:\/\/arduxop.com.br\/loja\/wp-json\/wp\/v2\/product_tag?post=3230"}],"curies":[{"name":"wp","href":"https:\/\/api.w.org\/{rel}","templated":true}]}}