{"id":3224,"date":"2018-08-02T18:31:20","date_gmt":"2018-08-02T21:31:20","guid":{"rendered":"https:\/\/arduxop.com.br\/loja\/?post_type=product&#038;p=3224"},"modified":"2024-07-25T07:55:42","modified_gmt":"2024-07-25T11:55:42","slug":"filamento-pla-175-mm","status":"publish","type":"product","link":"https:\/\/arduxop.com.br\/loja\/produto\/filamento-pla-175-mm\/","title":{"rendered":"Filamento Pla 1,75 Mm"},"content":{"rendered":"<p>O Filamento Pla \u00c9 Essencial Para Quem Busca Impress\u00e3o 3d Com Um Material De Qualidade E Resistente. Com<br \/>\nEle Voc\u00ea Pode Criar Objetos Tridimensionais Com Facilidade De Impress\u00e3o E Sem Cheiro De Pl\u00e1stico Queimado Du-<br \/>\nRante O Processo, J\u00e1 Que O Pla Emite Pouco Aroma No Ambiente. Uma Das Vantagens Do Pla \u00c9 A Fidelidade As<br \/>\nCores, Fazendo Com Que O Produto Produzido Atrav\u00e9s Dele Tenha Cores Detalhadas E Transl\u00facidas.<br \/>\nEspecifica\u00e7\u00f5es:<br \/>\nMaterial: Pl\u00e1stico Pla<br \/>\nCor: Marrom<br \/>\nDi\u00e2metro: 1,75 (1,68) Ou 3,00 (2,85) [Mm]<br \/>\nTemperatura De Opera\u00e7\u00e3o Do Hot-End: 190[\u00bac] &#8211; 230[\u00bac]<\/p>\n","protected":false},"excerpt":{"rendered":"<p class=\"item-title__primary \">Filamento Pla 1,75 Mm Marrom 1kg Para Impressora 3d<\/p>\n","protected":false},"featured_media":3227,"template":"","meta":[],"product_brand":[],"product_cat":[411],"product_tag":[],"class_list":{"0":"post-3224","1":"product","2":"type-product","3":"status-publish","4":"has-post-thumbnail","6":"product_cat-sem-categoria","8":"entry","9":"has-media","11":"first","12":"outofstock","13":"shipping-taxable","14":"purchasable","15":"product-type-simple","16":"has-product-nav","17":"col","18":"span_1_of_3","19":"owp-content-center","20":"owp-thumbs-layout-horizontal","21":"owp-btn-normal","22":"owp-tabs-layout-horizontal"},"_links":{"self":[{"href":"https:\/\/arduxop.com.br\/loja\/wp-json\/wp\/v2\/product\/3224","targetHints":{"allow":["GET"]}}],"collection":[{"href":"https:\/\/arduxop.com.br\/loja\/wp-json\/wp\/v2\/product"}],"about":[{"href":"https:\/\/arduxop.com.br\/loja\/wp-json\/wp\/v2\/types\/product"}],"wp:featuredmedia":[{"embeddable":true,"href":"https:\/\/arduxop.com.br\/loja\/wp-json\/wp\/v2\/media\/3227"}],"wp:attachment":[{"href":"https:\/\/arduxop.com.br\/loja\/wp-json\/wp\/v2\/media?parent=3224"}],"wp:term":[{"taxonomy":"product_brand","embeddable":true,"href":"https:\/\/arduxop.com.br\/loja\/wp-json\/wp\/v2\/product_brand?post=3224"},{"taxonomy":"product_cat","embeddable":true,"href":"https:\/\/arduxop.com.br\/loja\/wp-json\/wp\/v2\/product_cat?post=3224"},{"taxonomy":"product_tag","embeddable":true,"href":"https:\/\/arduxop.com.br\/loja\/wp-json\/wp\/v2\/product_tag?post=3224"}],"curies":[{"name":"wp","href":"https:\/\/api.w.org\/{rel}","templated":true}]}}