{"id":3221,"date":"2018-08-02T17:59:20","date_gmt":"2018-08-02T20:59:20","guid":{"rendered":"https:\/\/arduxop.com.br\/loja\/?post_type=product&#038;p=3221"},"modified":"2024-07-25T07:55:42","modified_gmt":"2024-07-25T11:55:42","slug":"timer-exatron","status":"publish","type":"product","link":"https:\/\/arduxop.com.br\/loja\/produto\/timer-exatron\/","title":{"rendered":"Timer Exatron"},"content":{"rendered":"<p>Timer Digital com Contagem de Segundos<\/p>\n<p>O Temporizador Digital Exatron \u00e9 um comando individual capaz de controlar a\u00e7\u00f5es de ligar e desligar cargas diversas com programa\u00e7\u00f5es que v\u00e3o desde semanais at\u00e9 segundos. Possui at\u00e9 9 programa\u00e7\u00f5es de controle autom\u00e1tico, al\u00e9m de possibilitar o acionamento ou desligamento da carga manualmente. Cont\u00e9m Fun\u00e7\u00e3o de Contagem Regressiva, onde \u00e9 programado um tempo para desligar a carga.<\/p>\n<p>Caracter\u00edsticas T\u00e9cnicas<\/p>\n<p>Tens\u00e3o: 127 \/ 220 VCA &#8211; Bivolt Autom\u00e1tico<br \/>\nFrequ\u00eancia: 50 \/ 60 Hz<br \/>\nConsumo Standby: 1,6 W<br \/>\nPlugue e tomada el\u00e9trica padr\u00e3o NBR14136<br \/>\nPrograma\u00e7\u00e3o: horas, minutos, segundos, di\u00e1ria e semanal<br \/>\nAt\u00e9 18 programa\u00e7\u00f5es por dia (9 ON e 9 OFF)<br \/>\nTemperatura ambiente de opera\u00e7\u00e3o: 0 a 40\u00baC<br \/>\nBateria interna recarreg\u00e1vel NI-MH 1,2 V 80 mA<\/p>\n","protected":false},"excerpt":{"rendered":"<p class=\"item-title__primary \">Timer Temporizador Digital Com Contagem De Segundos Exatron<\/p>\n","protected":false},"featured_media":3222,"template":"","meta":[],"product_brand":[],"product_cat":[47,411],"product_tag":[],"class_list":{"0":"post-3221","1":"product","2":"type-product","3":"status-publish","4":"has-post-thumbnail","6":"product_cat-diversos","7":"product_cat-sem-categoria","9":"entry","10":"has-media","12":"first","13":"instock","14":"shipping-taxable","15":"purchasable","16":"product-type-simple","17":"has-product-nav","18":"col","19":"span_1_of_3","20":"owp-content-center","21":"owp-thumbs-layout-horizontal","22":"owp-btn-normal","23":"owp-tabs-layout-horizontal"},"_links":{"self":[{"href":"https:\/\/arduxop.com.br\/loja\/wp-json\/wp\/v2\/product\/3221","targetHints":{"allow":["GET"]}}],"collection":[{"href":"https:\/\/arduxop.com.br\/loja\/wp-json\/wp\/v2\/product"}],"about":[{"href":"https:\/\/arduxop.com.br\/loja\/wp-json\/wp\/v2\/types\/product"}],"wp:featuredmedia":[{"embeddable":true,"href":"https:\/\/arduxop.com.br\/loja\/wp-json\/wp\/v2\/media\/3222"}],"wp:attachment":[{"href":"https:\/\/arduxop.com.br\/loja\/wp-json\/wp\/v2\/media?parent=3221"}],"wp:term":[{"taxonomy":"product_brand","embeddable":true,"href":"https:\/\/arduxop.com.br\/loja\/wp-json\/wp\/v2\/product_brand?post=3221"},{"taxonomy":"product_cat","embeddable":true,"href":"https:\/\/arduxop.com.br\/loja\/wp-json\/wp\/v2\/product_cat?post=3221"},{"taxonomy":"product_tag","embeddable":true,"href":"https:\/\/arduxop.com.br\/loja\/wp-json\/wp\/v2\/product_tag?post=3221"}],"curies":[{"name":"wp","href":"https:\/\/api.w.org\/{rel}","templated":true}]}}