{"id":3204,"date":"2018-07-23T16:51:07","date_gmt":"2018-07-23T19:51:07","guid":{"rendered":"https:\/\/arduxop.com.br\/loja\/?post_type=product&#038;p=3204"},"modified":"2024-07-25T07:55:45","modified_gmt":"2024-07-25T11:55:45","slug":"sensor-de-vibracao-sw-420","status":"publish","type":"product","link":"https:\/\/arduxop.com.br\/loja\/produto\/sensor-de-vibracao-sw-420\/","title":{"rendered":"Sensor De Vibra\u00e7\u00e3o Sw-420"},"content":{"rendered":"<p>Este Sensor de Vibra\u00e7\u00e3o SW-420 foi feito para detectar vibra\u00e7\u00f5es e suas aplica\u00e7\u00f5es s\u00e3o in\u00fameras, principalmente se voc\u00ea adora projetos com Arduino. Neste sensor quando a intensidade de vibra\u00e7\u00e3o est\u00e1 abaixo do valor ajustado no potenci\u00f4metro, a sa\u00edda fica em estado alto, e quando a intensidade de vibra\u00e7\u00e3o ultrapassa a faixa, a sa\u00edda fica em estado baixo.<\/p>\n<p>A sa\u00edda digital pode ser conectada diretamente a um microcontrolador como Arduino e sua sensibilidade pode ser ainda ajustada atrav\u00e9s do potenci\u00f4metro presente no sensor.<\/p>\n<p>Especifica\u00e7\u00f5es:<br \/>\n\u2013 Tens\u00e3o de Opera\u00e7\u00e3o: 3,3-5v<br \/>\n\u2013 Sa\u00edda Digital<br \/>\n\u2013 Comparador LM393<br \/>\n\u2013 F\u00e1cil instala\u00e7\u00e3o<br \/>\n\u2013 Led indicador para tens\u00e3o<br \/>\n\u2013 Led indicador para sa\u00edda digital<br \/>\n\u2013 Dimens\u00f5es: 32 x 14mm<\/p>\n<p>Pinagem:<br \/>\n\u2013 VCC: 3,3-5v<br \/>\n\u2013 GND: GND<br \/>\n\u2013 D0: Sa\u00edda Digital<\/p>\n<p>Acompanha:<br \/>\n01 \u2013 Sensor de Vibra\u00e7\u00e3o SW-420<\/p>\n","protected":false},"excerpt":{"rendered":"<p>Este Sensor de Vibra\u00e7\u00e3o SW-420 foi feito para detectar vibra\u00e7\u00f5es e suas aplica\u00e7\u00f5es s\u00e3o in\u00fameras, principalmente se voc\u00ea adora projetos com Arduino. Neste sensor quando a intensidade de vibra\u00e7\u00e3o est\u00e1 abaixo do valor ajustado no potenci\u00f4metro, a sa\u00edda fica em estado alto, e quando a intensidade de vibra\u00e7\u00e3o ultrapassa a faixa, a sa\u00edda fica em [&hellip;]<\/p>\n","protected":false},"featured_media":3207,"template":"","meta":[],"product_brand":[],"product_cat":[178],"product_tag":[],"class_list":{"0":"post-3204","1":"product","2":"type-product","3":"status-publish","4":"has-post-thumbnail","6":"product_cat-sensores","8":"entry","9":"has-media","11":"first","12":"instock","13":"shipping-taxable","14":"purchasable","15":"product-type-simple","16":"has-product-nav","17":"col","18":"span_1_of_3","19":"owp-content-center","20":"owp-thumbs-layout-horizontal","21":"owp-btn-normal","22":"owp-tabs-layout-horizontal"},"_links":{"self":[{"href":"https:\/\/arduxop.com.br\/loja\/wp-json\/wp\/v2\/product\/3204","targetHints":{"allow":["GET"]}}],"collection":[{"href":"https:\/\/arduxop.com.br\/loja\/wp-json\/wp\/v2\/product"}],"about":[{"href":"https:\/\/arduxop.com.br\/loja\/wp-json\/wp\/v2\/types\/product"}],"wp:featuredmedia":[{"embeddable":true,"href":"https:\/\/arduxop.com.br\/loja\/wp-json\/wp\/v2\/media\/3207"}],"wp:attachment":[{"href":"https:\/\/arduxop.com.br\/loja\/wp-json\/wp\/v2\/media?parent=3204"}],"wp:term":[{"taxonomy":"product_brand","embeddable":true,"href":"https:\/\/arduxop.com.br\/loja\/wp-json\/wp\/v2\/product_brand?post=3204"},{"taxonomy":"product_cat","embeddable":true,"href":"https:\/\/arduxop.com.br\/loja\/wp-json\/wp\/v2\/product_cat?post=3204"},{"taxonomy":"product_tag","embeddable":true,"href":"https:\/\/arduxop.com.br\/loja\/wp-json\/wp\/v2\/product_tag?post=3204"}],"curies":[{"name":"wp","href":"https:\/\/api.w.org\/{rel}","templated":true}]}}