{"id":3179,"date":"2018-07-16T12:39:56","date_gmt":"2018-07-16T15:39:56","guid":{"rendered":"https:\/\/arduxop.com.br\/loja\/?post_type=product&#038;p=3179"},"modified":"2024-07-25T07:55:46","modified_gmt":"2024-07-25T11:55:46","slug":"led-1w-100lm","status":"publish","type":"product","link":"https:\/\/arduxop.com.br\/loja\/produto\/led-1w-100lm\/","title":{"rendered":"Led 1W 100LM"},"content":{"rendered":"<p>O\u00a0<strong>LED\u00a0<\/strong>(Light Emitting Diode) \u00e9 um Diodo Emissor de Luz (um semicondutor). Transforma energia el\u00e9trica em luz. \u00c9 um componente do tipo bipolar, ou seja, com dois terminais, sendo um anodo e outro catodo.\u00a0Encontramos diversos tipos de Led no mercado, o mais usado \u00e9 o Led redondo (comum), neste o terminal maior \u00e9 o positivo (anodo) e o terminal menor, \u00e9 o negativo (catodo). Caso a liga\u00e7\u00e3o seja feita ao contr\u00e1rio, o LED n\u00e3o acender\u00e1. A tens\u00e3o do LED difere\u00a0dependendo\u00a0de sua cor: os LEDs vermelhos, verdes e amarelos precisam de uma tens\u00e3o entre os 2.2V e os 2.4V, enquanto os azuis e os brancos brilhantes necessitam de mais do que 3.4V. J\u00e1 no fluxo de corrente, a maioria dos LEDs precisam apenas de 20mAh, por isso recomendamos usar com um resistor.<br \/>\nQuanto maior for o \u00e2ngulo de vis\u00e3o, mais difuso \u00e9 o foco de luz emitido pelo LED, enquanto que um \u00e2ngulo de vis\u00e3o menor resulta num foco mais direcionado. Caso n\u00e3o obtenha o foco desejado, pode tamb\u00e9m optar pelo uso das Lentes Colimadoras, elas colimam, &#8220;focam&#8221;, toda a luz do seu LED fazendo um feixe estreito, concentrado e mais intenso.<\/p>\n<p>\u00b7\u00a0\u00a0\u00a0\u00a0\u00a0\u00a0\u00a0\u00a0\u00a0 <strong>Cor da luz: <\/strong>Branco<br \/>\n\u00b7\u00a0\u00a0\u00a0\u00a0\u00a0\u00a0\u00a0\u00a0\u00a0 <strong>Potencia:<\/strong> 1w<br \/>\n\u00b7\u00a0\u00a0\u00a0\u00a0\u00a0\u00a0\u00a0\u00a0\u00a0 <strong>Luminosidade: <\/strong>15 &#8211; 25 Lumens<br \/>\n\u00b7\u00a0\u00a0\u00a0\u00a0\u00a0\u00a0\u00a0\u00a0\u00a0 <strong>Tens\u00e3o (Voltagem): <\/strong>3.3 &#8211; 3.5V DC<br \/>\n\u00b7\u00a0\u00a0\u00a0\u00a0\u00a0\u00a0\u00a0\u00a0\u00a0 <strong>Amperagem: <\/strong>350 mah<br \/>\n\u00b7\u00a0\u00a0\u00a0\u00a0\u00a0\u00a0\u00a0\u00a0\u00a0 <strong>Angulo de ilumina\u00e7\u00e3o:<\/strong> 120\u00ba<\/p>\n","protected":false},"excerpt":{"rendered":"<p>Power Led 1W 100LM s\/ dissipador &#8211; Branco Frio<\/p>\n","protected":false},"featured_media":3180,"template":"","meta":[],"product_brand":[],"product_cat":[186],"product_tag":[],"class_list":{"0":"post-3179","1":"product","2":"type-product","3":"status-publish","4":"has-post-thumbnail","6":"product_cat-leds","8":"entry","9":"has-media","11":"first","12":"instock","13":"shipping-taxable","14":"purchasable","15":"product-type-simple","16":"has-product-nav","17":"col","18":"span_1_of_3","19":"owp-content-center","20":"owp-thumbs-layout-horizontal","21":"owp-btn-normal","22":"owp-tabs-layout-horizontal"},"_links":{"self":[{"href":"https:\/\/arduxop.com.br\/loja\/wp-json\/wp\/v2\/product\/3179","targetHints":{"allow":["GET"]}}],"collection":[{"href":"https:\/\/arduxop.com.br\/loja\/wp-json\/wp\/v2\/product"}],"about":[{"href":"https:\/\/arduxop.com.br\/loja\/wp-json\/wp\/v2\/types\/product"}],"wp:featuredmedia":[{"embeddable":true,"href":"https:\/\/arduxop.com.br\/loja\/wp-json\/wp\/v2\/media\/3180"}],"wp:attachment":[{"href":"https:\/\/arduxop.com.br\/loja\/wp-json\/wp\/v2\/media?parent=3179"}],"wp:term":[{"taxonomy":"product_brand","embeddable":true,"href":"https:\/\/arduxop.com.br\/loja\/wp-json\/wp\/v2\/product_brand?post=3179"},{"taxonomy":"product_cat","embeddable":true,"href":"https:\/\/arduxop.com.br\/loja\/wp-json\/wp\/v2\/product_cat?post=3179"},{"taxonomy":"product_tag","embeddable":true,"href":"https:\/\/arduxop.com.br\/loja\/wp-json\/wp\/v2\/product_tag?post=3179"}],"curies":[{"name":"wp","href":"https:\/\/api.w.org\/{rel}","templated":true}]}}