{"id":3155,"date":"2018-07-04T17:26:28","date_gmt":"2018-07-04T21:26:28","guid":{"rendered":"https:\/\/arduxop.com.br\/loja\/?post_type=product&#038;p=3155"},"modified":"2024-07-25T07:55:47","modified_gmt":"2024-07-25T11:55:47","slug":"pan-tilt-completo","status":"publish","type":"product","link":"https:\/\/arduxop.com.br\/loja\/produto\/pan-tilt-completo\/","title":{"rendered":"Pan Tilt completo"},"content":{"rendered":"<p>DESCRI\u00c7\u00c3O:<br \/>Pan Tilt Com 2 Servos foi projetada especialmente para a instala\u00e7\u00e3o de pequenas c\u00e2meras ou sensores em ve\u00edculos de aeromodelismo como, por exemplo, helic\u00f3pteros, avi\u00f5es, drones, ou at\u00e9 mesmo em projetos rob\u00f3ticos, ficando o local de instala\u00e7\u00e3o de livre escolha, de modo a proporcionar melhor visualiza\u00e7\u00e3o de locais desejados.<br \/>Muito funcional, o Pan Tilt Com 2 Servos permite maior liberdade de movimentos por meio da instala\u00e7\u00e3o de 2 micro servo motores, 1 deles possibilita giros horizontais e outro giros verticais. A Plataforma M\u00f3vel de c\u00e2mera para rob\u00f3tica \u2013 PAN TILT \u00e9 o produto ideal para voc\u00ea que deseja melhorar suas apresenta\u00e7\u00f5es ou aumentar a interatividade durante seus voos.<\/p>\n<p>CARACTER\u00cdSTICAS PAN TILT:<br \/>\u2022 Dimens\u00f5es: 36x28mm<br \/>\u2022 Dimens\u00f5es do encaixe da c\u00e2mera: 28x28mm \u00e1 30x30mm<br \/>\u2022 Placa montada: 30x30mm<br \/>\u2022 Peso: 8g (sem servos)<\/p>\n<p>CARACTER\u00cdSTICAS DO SERVO:<br \/>\u2022 Voltagem de Opera\u00e7\u00e3o: 3,0 &#8211; 7,2v<br \/>\u2022 Velocidade: 0,12 seg\/60Graus (4,8v) sem carga<br \/>\u2022 Corrente sem Carga Mec\u00e2nica (5V): 220 \u00b150mA<br \/>\u2022 Corrente com Eixo Travado (5V): 650 \u00b180mA<br \/>\u2022 Corrente em aberto (5V) : 6 \u00b110mA<br \/>\u2022 Torque: 1,2 kg.cm (4,8v) e 1,6 kg.cm (6,0v)<br \/>\u2022 Temperatura de Opera\u00e7\u00e3o: -30C ~ +60C<br \/>\u2022 Dimens\u00f5es: 32x30x12 mm<br \/>\u2022 Tipo de Engrenagem: Nylon<br \/>\u2022 Peso: 9 Gramas<\/p>\n<p>ACOMPANHA:<br \/>01 x Pan Tilt<br \/>02 x Servos SG90<\/p>\n<p><\/p>\n<p><p class=\"responsive-video-wrap clr\"><iframe title=\"Assembling a pan tilt camera mounting module\" width=\"1200\" height=\"675\" src=\"https:\/\/www.youtube.com\/embed\/HUTcWrGf2Hk?start=34&#038;feature=oembed\" frameborder=\"0\" allow=\"accelerometer; autoplay; clipboard-write; encrypted-media; gyroscope; picture-in-picture\" allowfullscreen><\/iframe><\/p><\/p>\n","protected":false},"excerpt":{"rendered":"<p class=\"item-title__primary \">Suporte Pan Tilt Fpv Arduino Drone Pic Com 2 Servos Sg90<\/p>\n","protected":false},"featured_media":3156,"template":"","meta":[],"product_brand":[],"product_cat":[195,409,192],"product_tag":[],"class_list":{"0":"post-3155","1":"product","2":"type-product","3":"status-publish","4":"has-post-thumbnail","6":"product_cat-controle-remoto","7":"product_cat-robotica","8":"product_cat-servos","10":"entry","11":"has-media","13":"first","14":"outofstock","15":"sale","16":"shipping-taxable","17":"purchasable","18":"product-type-simple","19":"has-product-nav","20":"col","21":"span_1_of_3","22":"owp-content-center","23":"owp-thumbs-layout-horizontal","24":"owp-btn-normal","25":"owp-tabs-layout-horizontal"},"_links":{"self":[{"href":"https:\/\/arduxop.com.br\/loja\/wp-json\/wp\/v2\/product\/3155","targetHints":{"allow":["GET"]}}],"collection":[{"href":"https:\/\/arduxop.com.br\/loja\/wp-json\/wp\/v2\/product"}],"about":[{"href":"https:\/\/arduxop.com.br\/loja\/wp-json\/wp\/v2\/types\/product"}],"wp:featuredmedia":[{"embeddable":true,"href":"https:\/\/arduxop.com.br\/loja\/wp-json\/wp\/v2\/media\/3156"}],"wp:attachment":[{"href":"https:\/\/arduxop.com.br\/loja\/wp-json\/wp\/v2\/media?parent=3155"}],"wp:term":[{"taxonomy":"product_brand","embeddable":true,"href":"https:\/\/arduxop.com.br\/loja\/wp-json\/wp\/v2\/product_brand?post=3155"},{"taxonomy":"product_cat","embeddable":true,"href":"https:\/\/arduxop.com.br\/loja\/wp-json\/wp\/v2\/product_cat?post=3155"},{"taxonomy":"product_tag","embeddable":true,"href":"https:\/\/arduxop.com.br\/loja\/wp-json\/wp\/v2\/product_tag?post=3155"}],"curies":[{"name":"wp","href":"https:\/\/api.w.org\/{rel}","templated":true}]}}