{"id":3144,"date":"2018-06-29T10:47:09","date_gmt":"2018-06-29T14:47:09","guid":{"rendered":"https:\/\/arduxop.com.br\/loja\/?post_type=product&#038;p=3144"},"modified":"2024-07-25T07:55:48","modified_gmt":"2024-07-25T11:55:48","slug":"conversor-de-tensao-dc-dc-step-down-mini-360-2","status":"publish","type":"product","link":"https:\/\/arduxop.com.br\/loja\/produto\/conversor-de-tensao-dc-dc-step-down-mini-360-2\/","title":{"rendered":"Conversor De Tens\u00e3o Dc\/dc &#8211; Step Down &#8211; Mini-360."},"content":{"rendered":"<p>Conversor DC\/DC Step Down \u00a0 \u00a0 \u00a0 \u00a0 \u00a0 Este \u00e9 um exelente conversor DC\/DC tem um \u00f3timo rendimento e f\u00e1cil aplica\u00e7\u00e3o em projetos onde se deseja um baixo consumo de energia. Ideal para estudantes, hobbystas e profissionais iniciantes na \u00e1rea da eletr\u00f4nica. Suas principais caracter\u00edsticas s\u00e3o: &#8211; Tens\u00e3o de entrada: 4,5V \u00e0 23V; &#8211; Tens\u00e3o de sa\u00edda: Ajust\u00e1vel de 1,0V \u00e0 17V (sempre menor que a tens\u00e3o de entrada); &#8211; Corrente de sa\u00edda Nominal: 1,8A (Pico 3,0A); &#8211; Pot\u00eancia M\u00e1xima: 10W; &#8211; Efici\u00eancia de convers\u00e3o: 86% (minima), 90% (tipica), 96% (m\u00e1xima); &#8211; Ripple de sa\u00edda: 30mV (Sem Carga); &#8211; Temperatura de trabalho: -40 \u00b0C &#8211; +85\u00a0\u00b0C; &#8211; Dimens\u00f5es: 17mm x 11mm x 4mm; &#8211; Peso: 30 gr; &gt; &gt; &gt; &gt; &gt; &gt; &gt; &gt; &gt;\u00a0Este m\u00f3dulo N\u00c3O funciona como elevador de tens\u00e3o &lt; &lt; &lt; &lt; &lt; &lt; &lt; &lt; &lt;<\/p>\n","protected":false},"excerpt":{"rendered":"<p><br data-mce-bogus=\"1\"><\/p>\n","protected":false},"featured_media":1968,"template":"","meta":[],"product_brand":[],"product_cat":[185,194],"product_tag":[],"class_list":{"0":"post-3144","1":"product","2":"type-product","3":"status-publish","4":"has-post-thumbnail","6":"product_cat-fontes","7":"product_cat-reguladores-de-tensao","9":"entry","10":"has-media","12":"first","13":"instock","14":"featured","15":"sold-individually","16":"purchasable","17":"product-type-simple","18":"has-product-nav","19":"col","20":"span_1_of_3","21":"owp-content-center","22":"owp-thumbs-layout-horizontal","23":"owp-btn-normal","24":"owp-tabs-layout-horizontal"},"_links":{"self":[{"href":"https:\/\/arduxop.com.br\/loja\/wp-json\/wp\/v2\/product\/3144","targetHints":{"allow":["GET"]}}],"collection":[{"href":"https:\/\/arduxop.com.br\/loja\/wp-json\/wp\/v2\/product"}],"about":[{"href":"https:\/\/arduxop.com.br\/loja\/wp-json\/wp\/v2\/types\/product"}],"wp:featuredmedia":[{"embeddable":true,"href":"https:\/\/arduxop.com.br\/loja\/wp-json\/wp\/v2\/media\/1968"}],"wp:attachment":[{"href":"https:\/\/arduxop.com.br\/loja\/wp-json\/wp\/v2\/media?parent=3144"}],"wp:term":[{"taxonomy":"product_brand","embeddable":true,"href":"https:\/\/arduxop.com.br\/loja\/wp-json\/wp\/v2\/product_brand?post=3144"},{"taxonomy":"product_cat","embeddable":true,"href":"https:\/\/arduxop.com.br\/loja\/wp-json\/wp\/v2\/product_cat?post=3144"},{"taxonomy":"product_tag","embeddable":true,"href":"https:\/\/arduxop.com.br\/loja\/wp-json\/wp\/v2\/product_tag?post=3144"}],"curies":[{"name":"wp","href":"https:\/\/api.w.org\/{rel}","templated":true}]}}