{"id":3143,"date":"2018-06-29T11:05:23","date_gmt":"2018-06-29T14:05:23","guid":{"rendered":"https:\/\/arduxop.com.br\/loja\/?post_type=product&#038;p=3143"},"modified":"2024-07-25T07:55:48","modified_gmt":"2024-07-25T11:55:48","slug":"sensor-temperatura-mlx90614-2","status":"publish","type":"product","link":"https:\/\/arduxop.com.br\/loja\/produto\/sensor-temperatura-mlx90614-2\/","title":{"rendered":"Sensor Temperatura Mlx90614"},"content":{"rendered":"<p>SENSOR DE TEMPERATURA INFRAVERMELHO MLX90614<\/p>\n<p>Medir a temperatura usando o Arduino \u00e9 algo bem simples e conhecido, agora medir a temperatura de um objeto sem toc\u00e1-lo, apenas apontando o sensor para ele, \u00e9 surpreendente. Isso \u00e9 poss\u00edvel usando o sensor MLX90614, que identifica a quantidade de luz infravermelha, ou radia\u00e7\u00e3o infravermelha, que sai de um determinado objeto.<\/p>\n<p>O MLX90614 \u00e9 um sensor infravermelho capaz de medir a temperaturas de -70\u00b0C at\u00e9 382,2\u00b0C, com resolu\u00e7\u00e3o de 17bits, ou seja, ele \u00e9 capaz medir a varia\u00e7\u00e3o de temperatura sem contato com o objeto com uma resolu\u00e7\u00e3o de 0.0034\u00b0C .<\/p>\n<p>O sensor MLX90614 \u00e9 um dispositivo I2C, igual a outros sensores, por\u00e9m n\u00e3o funciona com a biblioteca Wire, sendo necess\u00e1rio uma biblioteca especifica. <a href=\"https:\/\/github.com\/adafruit\/Adafruit-MLX90614-Library\">AQUI<\/a><\/p>\n<p>https:\/\/www.alldatasheet.com\/datasheet-pdf\/pdf\/885635\/MELEXIS\/MLX90614ESF-BCC-000-TU.html<\/p>\n<p>Itens Inclusos:<\/p>\n<p>&#8211; 1 Unidade Sensor de Temperatura MLX90614 &#8211; GY-906.<br \/>\n&#8211; 1 Barra de terminais<\/p>\n<p class=\"responsive-video-wrap clr\"><iframe title=\"TERM\u00d4METRO INFRAVERMELHO COM ARDUINO\" width=\"1200\" height=\"675\" src=\"https:\/\/www.youtube.com\/embed\/pdEbI-VYTxE?feature=oembed\" frameborder=\"0\" allow=\"accelerometer; autoplay; clipboard-write; encrypted-media; gyroscope; picture-in-picture\" allowfullscreen><\/iframe><\/p>\n","protected":false},"excerpt":{"rendered":"<p class=\"item-title__primary \">M\u00f3dulo Sensor Temperatura Infra Mlx90614 Gy-906<\/p>\n","protected":false},"featured_media":3141,"template":"","meta":[],"product_brand":[],"product_cat":[178],"product_tag":[435,434,269],"class_list":{"0":"post-3143","1":"product","2":"type-product","3":"status-publish","4":"has-post-thumbnail","6":"product_cat-sensores","7":"product_tag-gy-906","8":"product_tag-gy906","9":"product_tag-temperatura","11":"entry","12":"has-media","14":"first","15":"instock","16":"featured","17":"shipping-taxable","18":"purchasable","19":"product-type-simple","20":"has-product-nav","21":"col","22":"span_1_of_3","23":"owp-content-center","24":"owp-thumbs-layout-horizontal","25":"owp-btn-normal","26":"owp-tabs-layout-horizontal","27":"has-no-thumbnails"},"_links":{"self":[{"href":"https:\/\/arduxop.com.br\/loja\/wp-json\/wp\/v2\/product\/3143","targetHints":{"allow":["GET"]}}],"collection":[{"href":"https:\/\/arduxop.com.br\/loja\/wp-json\/wp\/v2\/product"}],"about":[{"href":"https:\/\/arduxop.com.br\/loja\/wp-json\/wp\/v2\/types\/product"}],"wp:featuredmedia":[{"embeddable":true,"href":"https:\/\/arduxop.com.br\/loja\/wp-json\/wp\/v2\/media\/3141"}],"wp:attachment":[{"href":"https:\/\/arduxop.com.br\/loja\/wp-json\/wp\/v2\/media?parent=3143"}],"wp:term":[{"taxonomy":"product_brand","embeddable":true,"href":"https:\/\/arduxop.com.br\/loja\/wp-json\/wp\/v2\/product_brand?post=3143"},{"taxonomy":"product_cat","embeddable":true,"href":"https:\/\/arduxop.com.br\/loja\/wp-json\/wp\/v2\/product_cat?post=3143"},{"taxonomy":"product_tag","embeddable":true,"href":"https:\/\/arduxop.com.br\/loja\/wp-json\/wp\/v2\/product_tag?post=3143"}],"curies":[{"name":"wp","href":"https:\/\/api.w.org\/{rel}","templated":true}]}}