{"id":3120,"date":"2018-06-25T12:23:17","date_gmt":"2018-06-25T15:23:17","guid":{"rendered":"https:\/\/arduxop.com.br\/loja\/?post_type=product&#038;p=3120"},"modified":"2024-07-25T07:55:49","modified_gmt":"2024-07-25T11:55:49","slug":"sensor-de-pressao-umidade-e-temperatura-bme280","status":"publish","type":"product","link":"https:\/\/arduxop.com.br\/loja\/produto\/sensor-de-pressao-umidade-e-temperatura-bme280\/","title":{"rendered":"Sensor de Press\u00e3o, Umidade e Temperatura BME280"},"content":{"rendered":"<div>&#8211; O <strong>Sensor de Press\u00e3o BME280<\/strong> \u00e9 um exclusivo modelo capaz de realizar a medi\u00e7\u00e3o de press\u00e3o atmosf\u00e9rica, umidade e temperatura, tamb\u00e9m conhecido como bar\u00f4metro \u00e9 um m\u00f3dulo digital de alta capacidade e resolu\u00e7\u00e3o, utilizado nas mais diversas aplica\u00e7\u00f5es junto a microcontroladores, entre eles, o Arduino.<\/div>\n<div>&#8211; Utilizado em projetos de esta\u00e7\u00f5es meteorol\u00f3gicas e aperfei\u00e7oamento de navega\u00e7\u00e3o GPS, ele apresenta grande potencial e mostra ser um produto de grande aux\u00edlio para projetistas que procuram um exclusivo produto capaz de executar as tr\u00eas funcionalidades principais sem ocupar muito espa\u00e7o.<\/div>\n<div>&#8211; Atrav\u00e9s de seu padr\u00e3o de conex\u00e3o por I2C, o <strong>Sensor de Press\u00e3o BME280<\/strong> aumenta a sua praticidade de utiliza\u00e7\u00e3o, al\u00e9m de contribuir na maior precis\u00e3o da obten\u00e7\u00e3o de resultados.<\/div>\n<div>&#8211; Desenvolvido com base no sensor Bosh ME280, o Sensor possui design simplificado com pequenas dimens\u00f5e que tornam este pequeno m\u00f3dulo um produto de f\u00e1cil adapta\u00e7\u00e3o nos mais diversificados projetos, al\u00e9m de contar com 2 exclusivos furos para melhorar a fixa\u00e7\u00e3o do mesmo junto aos mais diversificados projetos.<\/div>\n<p><a name=\"caract\"><\/a><\/p>\n<p><span id=\"product_carac\"><b class=\"product_title_interno\">CARACTER\u00cdSTICAS:<\/b><br \/>\n&#8211; Sensor de Press\u00e3o BME280;<br \/>\n&#8211; Sensor de Umidade;<br \/>\n&#8211; Sensor de Temperatura;<br \/>\n&#8211; Produto pequeno de f\u00e1cil utiliza\u00e7\u00e3o;<br \/>\n&#8211; Sistema de comunica\u00e7\u00e3o I2C;<br \/>\n&#8211; Compat\u00edvel com diversos modelos de microcontroladores;<br \/>\n&#8211; Acompanha barra de pinos 180\u00ba;<br \/>\n&#8211; Datasheet BME280: <strong><a href=\"https:\/\/www.usinainfo.com.br\/index.php?controller=attachment&amp;id_attachment=429\" target=\"_blank\" rel=\"noopener noreferrer\">Download AQUI<\/a><\/strong>. <\/span><\/p>\n<p><span id=\"product_specification\"><b class=\"product_title_interno\">ESPECIFICA\u00c7\u00d5ES:<\/b><br \/>\n&#8211; Modelo:BME280;<br \/>\n&#8211; Tens\u00e3o de opera\u00e7\u00e3o: 1,8 a 3,6VDC;<br \/>\n&#8211; Faixa de Umidade: 0 a 100%;<br \/>\n&#8211; Faixa de Temperatura: -40 a 85\u00baC;<br \/>\n&#8211; Faixa de Press\u00e3o: 300 a 1100hPa;<br \/>\n&#8211; Precis\u00e3o da umidade: 0,008%;<br \/>\n&#8211; Precis\u00e3o da temperatura: 0,01\u00baC;<br \/>\n&#8211; Precis\u00e3o da press\u00e3o: +\/- 1Pa;<br \/>\n&#8211; Comunica\u00e7\u00e3o: I2C (at\u00e9 3,4MHz) e SPI (at\u00e9 10MHz);<br \/>\n&#8211; Dimens\u00f5es (CxLxA): 15,5&#215;11,5&#215;2,5mm;<br \/>\n&#8211; Peso: 1,5g.<\/span><\/p>\n","protected":false},"excerpt":{"rendered":"<p>Sensor de Press\u00e3o, Umidade e Temperatura BME280<\/p>\n","protected":false},"featured_media":3121,"template":"","meta":[],"product_brand":[],"product_cat":[178],"product_tag":[429,427,428,430,432,431],"class_list":{"0":"post-3120","1":"product","2":"type-product","3":"status-publish","4":"has-post-thumbnail","6":"product_cat-sensores","7":"product_tag-bme280","8":"product_tag-bmp180","9":"product_tag-bmp280","10":"product_tag-cjmcu280","11":"product_tag-pressao","12":"product_tag-temperatura-umidade","14":"entry","15":"has-media","17":"first","18":"instock","19":"shipping-taxable","20":"purchasable","21":"product-type-simple","22":"has-product-nav","23":"col","24":"span_1_of_3","25":"owp-content-center","26":"owp-thumbs-layout-horizontal","27":"owp-btn-normal","28":"owp-tabs-layout-horizontal"},"_links":{"self":[{"href":"https:\/\/arduxop.com.br\/loja\/wp-json\/wp\/v2\/product\/3120","targetHints":{"allow":["GET"]}}],"collection":[{"href":"https:\/\/arduxop.com.br\/loja\/wp-json\/wp\/v2\/product"}],"about":[{"href":"https:\/\/arduxop.com.br\/loja\/wp-json\/wp\/v2\/types\/product"}],"wp:featuredmedia":[{"embeddable":true,"href":"https:\/\/arduxop.com.br\/loja\/wp-json\/wp\/v2\/media\/3121"}],"wp:attachment":[{"href":"https:\/\/arduxop.com.br\/loja\/wp-json\/wp\/v2\/media?parent=3120"}],"wp:term":[{"taxonomy":"product_brand","embeddable":true,"href":"https:\/\/arduxop.com.br\/loja\/wp-json\/wp\/v2\/product_brand?post=3120"},{"taxonomy":"product_cat","embeddable":true,"href":"https:\/\/arduxop.com.br\/loja\/wp-json\/wp\/v2\/product_cat?post=3120"},{"taxonomy":"product_tag","embeddable":true,"href":"https:\/\/arduxop.com.br\/loja\/wp-json\/wp\/v2\/product_tag?post=3120"}],"curies":[{"name":"wp","href":"https:\/\/api.w.org\/{rel}","templated":true}]}}