{"id":2945,"date":"2018-05-02T08:49:45","date_gmt":"2018-05-02T11:49:45","guid":{"rendered":"https:\/\/arduxop.com.br\/loja\/?post_type=product&#038;p=2945"},"modified":"2024-07-25T07:55:51","modified_gmt":"2024-07-25T11:55:51","slug":"amplificador-operacional-lm358","status":"publish","type":"product","link":"https:\/\/arduxop.com.br\/loja\/produto\/amplificador-operacional-lm358\/","title":{"rendered":"Amplificador Operacional Lm358"},"content":{"rendered":"<p>Este m\u00f3dulo amplificador \u00e9 baseado no LM358 amplificador operacional, que \u00e9 um de alto ganho, Compensa\u00e7\u00e3o de freq\u00fc\u00eancia amplificador operacional projetado para operar a partir de uma \u00fanica fonte de alimenta\u00e7\u00e3o ao longo de uma ampla gama de tens\u00f5es. Ele \u00e9 usado em circuitos amplificadores operacionais convencional que precisa ser operado a partir de uma \u00fanica fonte de trilho.<\/p>\n<p>Descri\u00e7\u00e3o do produto:<\/p>\n<p>1 &#8211; chip LM358;<\/p>\n<p>2 &#8211; 100 vezes de ganho no seu projeto de circuito;<\/p>\n<p>3 &#8211; Amplia\u00e7\u00e3o ajust\u00e1vel;<\/p>\n<p>4 &#8211; Led de energia a bordo;<\/p>\n<p>5 &#8211; O pino principal pode ser diretamente de entrada e sa\u00edda de sinais;<\/p>\n<p>6 &#8211; Tens\u00e3o de funcionamento: 5 ~ 12 v;<\/p>\n<p>7 &#8211; Tamanho da placa: 32.7 (mm) x13.3 (mm);<\/p>\n","protected":false},"excerpt":{"rendered":"<p>M\u00f3dulo Amplificador Operacional Lm358 Ganho De 100 Vezes<\/p>\n","protected":false},"featured_media":2949,"template":"","meta":[],"product_brand":[],"product_cat":[45,47,411],"product_tag":[],"class_list":{"0":"post-2945","1":"product","2":"type-product","3":"status-publish","4":"has-post-thumbnail","6":"product_cat-componentes","7":"product_cat-diversos","8":"product_cat-sem-categoria","10":"entry","11":"has-media","13":"first","14":"instock","15":"shipping-taxable","16":"purchasable","17":"product-type-simple","18":"has-product-nav","19":"col","20":"span_1_of_3","21":"owp-content-center","22":"owp-thumbs-layout-horizontal","23":"owp-btn-normal","24":"owp-tabs-layout-horizontal"},"_links":{"self":[{"href":"https:\/\/arduxop.com.br\/loja\/wp-json\/wp\/v2\/product\/2945","targetHints":{"allow":["GET"]}}],"collection":[{"href":"https:\/\/arduxop.com.br\/loja\/wp-json\/wp\/v2\/product"}],"about":[{"href":"https:\/\/arduxop.com.br\/loja\/wp-json\/wp\/v2\/types\/product"}],"wp:featuredmedia":[{"embeddable":true,"href":"https:\/\/arduxop.com.br\/loja\/wp-json\/wp\/v2\/media\/2949"}],"wp:attachment":[{"href":"https:\/\/arduxop.com.br\/loja\/wp-json\/wp\/v2\/media?parent=2945"}],"wp:term":[{"taxonomy":"product_brand","embeddable":true,"href":"https:\/\/arduxop.com.br\/loja\/wp-json\/wp\/v2\/product_brand?post=2945"},{"taxonomy":"product_cat","embeddable":true,"href":"https:\/\/arduxop.com.br\/loja\/wp-json\/wp\/v2\/product_cat?post=2945"},{"taxonomy":"product_tag","embeddable":true,"href":"https:\/\/arduxop.com.br\/loja\/wp-json\/wp\/v2\/product_tag?post=2945"}],"curies":[{"name":"wp","href":"https:\/\/api.w.org\/{rel}","templated":true}]}}