{"id":2902,"date":"2018-04-19T10:27:56","date_gmt":"2018-04-19T13:27:56","guid":{"rendered":"https:\/\/arduxop.com.br\/loja\/?post_type=product&#038;p=2902"},"modified":"2024-07-25T07:55:55","modified_gmt":"2024-07-25T11:55:55","slug":"carregador-duplo-18650","status":"publish","type":"product","link":"https:\/\/arduxop.com.br\/loja\/produto\/carregador-duplo-18650\/","title":{"rendered":"Carregador Duplo 18650"},"content":{"rendered":"<p>Comprimento do Fio: 0,5 metros<\/p>\n<p>Molas Resistentes,<\/p>\n<p>Led indicador de Carga<br \/>\nEspecifica\u00e7\u00f5es do Carregador<br \/>\nBivolt 110\/220VInput AC 100-240VOut Put 3.7v\/3000mA<\/p>\n<p>Led indicativo de Carga, (Laranja carregando, verde carga completa)Corte Autom\u00e1tico de carga ao terminar<\/p>\n<p>Exclusiva Fun\u00e7\u00e3o de Recupera\u00e7\u00e3o de baterias totalmente descarregadas:Voc\u00ea pode deixar sua bateria descarregar 100% sem problemas.<\/p>\n","protected":false},"excerpt":{"rendered":"<p class=\"item-title__primary \">Carregador Duplo Para Bateria Li-ion 18650 3,7v-4.2v<\/p>\n","protected":false},"featured_media":2903,"template":"","meta":[],"product_brand":[],"product_cat":[187],"product_tag":[],"class_list":{"0":"post-2902","1":"product","2":"type-product","3":"status-publish","4":"has-post-thumbnail","6":"product_cat-pilhas-e-baterias","8":"entry","9":"has-media","11":"first","12":"instock","13":"shipping-taxable","14":"purchasable","15":"product-type-simple","16":"has-product-nav","17":"col","18":"span_1_of_3","19":"owp-content-center","20":"owp-thumbs-layout-horizontal","21":"owp-btn-normal","22":"owp-tabs-layout-horizontal","23":"has-no-thumbnails"},"_links":{"self":[{"href":"https:\/\/arduxop.com.br\/loja\/wp-json\/wp\/v2\/product\/2902","targetHints":{"allow":["GET"]}}],"collection":[{"href":"https:\/\/arduxop.com.br\/loja\/wp-json\/wp\/v2\/product"}],"about":[{"href":"https:\/\/arduxop.com.br\/loja\/wp-json\/wp\/v2\/types\/product"}],"wp:featuredmedia":[{"embeddable":true,"href":"https:\/\/arduxop.com.br\/loja\/wp-json\/wp\/v2\/media\/2903"}],"wp:attachment":[{"href":"https:\/\/arduxop.com.br\/loja\/wp-json\/wp\/v2\/media?parent=2902"}],"wp:term":[{"taxonomy":"product_brand","embeddable":true,"href":"https:\/\/arduxop.com.br\/loja\/wp-json\/wp\/v2\/product_brand?post=2902"},{"taxonomy":"product_cat","embeddable":true,"href":"https:\/\/arduxop.com.br\/loja\/wp-json\/wp\/v2\/product_cat?post=2902"},{"taxonomy":"product_tag","embeddable":true,"href":"https:\/\/arduxop.com.br\/loja\/wp-json\/wp\/v2\/product_tag?post=2902"}],"curies":[{"name":"wp","href":"https:\/\/api.w.org\/{rel}","templated":true}]}}