{"id":2888,"date":"2018-04-17T14:57:37","date_gmt":"2018-04-17T17:57:37","guid":{"rendered":"https:\/\/arduxop.com.br\/loja\/?post_type=product&#038;p=2888"},"modified":"2024-07-25T07:55:56","modified_gmt":"2024-07-25T11:55:56","slug":"bateria-3-7v-li-ion-18650-recarregavel","status":"publish","type":"product","link":"https:\/\/arduxop.com.br\/loja\/produto\/bateria-3-7v-li-ion-18650-recarregavel\/","title":{"rendered":"Bateria 3.7v Li-ion 18650 Recarregavel"},"content":{"rendered":"<p>Bateria 3.7v Li-ion 18650 Recarreg\u00e1vel<\/p>\n<p>ATEN\u00c7\u00c3O &#8211; A FOTO \u00c9 MERAMENTE ILUSTRATIVA<\/p>\n","protected":false},"excerpt":{"rendered":"<p class=\"item-title__primary \">Bateria 3.7v Li-ion 18650 Recarreg\u00e1vel<\/p>\n","protected":false},"featured_media":2891,"template":"","meta":[],"product_brand":[],"product_cat":[187],"product_tag":[],"class_list":{"0":"post-2888","1":"product","2":"type-product","3":"status-publish","4":"has-post-thumbnail","6":"product_cat-pilhas-e-baterias","8":"entry","9":"has-media","11":"first","12":"outofstock","13":"shipping-taxable","14":"purchasable","15":"product-type-simple","16":"has-product-nav","17":"col","18":"span_1_of_3","19":"owp-content-center","20":"owp-thumbs-layout-horizontal","21":"owp-btn-normal","22":"owp-tabs-layout-horizontal"},"_links":{"self":[{"href":"https:\/\/arduxop.com.br\/loja\/wp-json\/wp\/v2\/product\/2888","targetHints":{"allow":["GET"]}}],"collection":[{"href":"https:\/\/arduxop.com.br\/loja\/wp-json\/wp\/v2\/product"}],"about":[{"href":"https:\/\/arduxop.com.br\/loja\/wp-json\/wp\/v2\/types\/product"}],"wp:featuredmedia":[{"embeddable":true,"href":"https:\/\/arduxop.com.br\/loja\/wp-json\/wp\/v2\/media\/2891"}],"wp:attachment":[{"href":"https:\/\/arduxop.com.br\/loja\/wp-json\/wp\/v2\/media?parent=2888"}],"wp:term":[{"taxonomy":"product_brand","embeddable":true,"href":"https:\/\/arduxop.com.br\/loja\/wp-json\/wp\/v2\/product_brand?post=2888"},{"taxonomy":"product_cat","embeddable":true,"href":"https:\/\/arduxop.com.br\/loja\/wp-json\/wp\/v2\/product_cat?post=2888"},{"taxonomy":"product_tag","embeddable":true,"href":"https:\/\/arduxop.com.br\/loja\/wp-json\/wp\/v2\/product_tag?post=2888"}],"curies":[{"name":"wp","href":"https:\/\/api.w.org\/{rel}","templated":true}]}}