{"id":2847,"date":"2018-04-10T17:32:55","date_gmt":"2018-04-10T21:32:55","guid":{"rendered":"https:\/\/arduxop.com.br\/loja\/?post_type=product&#038;p=2847"},"modified":"2024-07-25T07:55:58","modified_gmt":"2024-07-25T11:55:58","slug":"sensor-nivel-agua","status":"publish","type":"product","link":"https:\/\/arduxop.com.br\/loja\/produto\/sensor-nivel-agua\/","title":{"rendered":"Sensor N\u00edvel \u00c1gua"},"content":{"rendered":"<p>Este sensor de n\u00edvel \u00e9 uma chave ON\/OFF (Liga\/desliga) que muda o estado de aberto para fechado quando a \u00e1gua atinge certo n\u00edvel e abre quando o n\u00edvel da \u00e1gua fica abaixo de outro determinado n\u00edvel. Este sensor pode chavear diretamente cargas de at\u00e9 10W 220VDC, como bobinas de contatores ou pequenas l\u00e2mpadas de sinaliza\u00e7\u00e3o.<\/p>\n<p>Este sensor de n\u00edvel utiliza um sensor magn\u00e9tico e N\u00c3O merc\u00fario que seria prejudicial \u00e0 sa\u00fade.<\/p>\n<p>Pode ser usado para o controle autom\u00e1tico de n\u00edvel da \u00e1gua em caixas d&#8217;agua, tanques, aqu\u00e1rios, vazilhas de \u00e1gua de animais e etc.<\/p>\n<p>CARACTER\u00cdSTICAS:<\/p>\n<p>Comprimento do cabo: 36cm<\/p>\n<p>M\u00e1xima pot\u00eancia da carga: 10W<\/p>\n<p>M\u00e1xima tens\u00e3o: 220VDC<\/p>\n<p>M\u00e1xima corrente de chaveamento: 0.5A<\/p>\n<p>M\u00e1xima corrente de carga: 1A<\/p>\n<p>Resist\u00eancia do contato: 0.1 O<\/p>\n<p>Temperatura de trabalho: -10\u00b0C ~ + 60\u00b0C<\/p>\n","protected":false},"excerpt":{"rendered":"<p class=\"item-title__primary \">Sensor B\u00f3ia N\u00edvel \u00c1gua<\/p>\n","protected":false},"featured_media":2849,"template":"","meta":[],"product_brand":[],"product_cat":[178],"product_tag":[],"class_list":{"0":"post-2847","1":"product","2":"type-product","3":"status-publish","4":"has-post-thumbnail","6":"product_cat-sensores","8":"entry","9":"has-media","11":"first","12":"instock","13":"shipping-taxable","14":"purchasable","15":"product-type-simple","16":"has-product-nav","17":"col","18":"span_1_of_3","19":"owp-content-center","20":"owp-thumbs-layout-horizontal","21":"owp-btn-normal","22":"owp-tabs-layout-horizontal"},"_links":{"self":[{"href":"https:\/\/arduxop.com.br\/loja\/wp-json\/wp\/v2\/product\/2847","targetHints":{"allow":["GET"]}}],"collection":[{"href":"https:\/\/arduxop.com.br\/loja\/wp-json\/wp\/v2\/product"}],"about":[{"href":"https:\/\/arduxop.com.br\/loja\/wp-json\/wp\/v2\/types\/product"}],"wp:featuredmedia":[{"embeddable":true,"href":"https:\/\/arduxop.com.br\/loja\/wp-json\/wp\/v2\/media\/2849"}],"wp:attachment":[{"href":"https:\/\/arduxop.com.br\/loja\/wp-json\/wp\/v2\/media?parent=2847"}],"wp:term":[{"taxonomy":"product_brand","embeddable":true,"href":"https:\/\/arduxop.com.br\/loja\/wp-json\/wp\/v2\/product_brand?post=2847"},{"taxonomy":"product_cat","embeddable":true,"href":"https:\/\/arduxop.com.br\/loja\/wp-json\/wp\/v2\/product_cat?post=2847"},{"taxonomy":"product_tag","embeddable":true,"href":"https:\/\/arduxop.com.br\/loja\/wp-json\/wp\/v2\/product_tag?post=2847"}],"curies":[{"name":"wp","href":"https:\/\/api.w.org\/{rel}","templated":true}]}}