{"id":2838,"date":"2018-04-10T17:01:50","date_gmt":"2018-04-10T20:01:50","guid":{"rendered":"https:\/\/arduxop.com.br\/loja\/?post_type=product&#038;p=2838"},"modified":"2024-07-25T07:55:59","modified_gmt":"2024-07-25T11:55:59","slug":"sensor-hall-fluxo-vazao-agua-03-a-6l","status":"publish","type":"product","link":"https:\/\/arduxop.com.br\/loja\/produto\/sensor-hall-fluxo-vazao-agua-03-a-6l\/","title":{"rendered":"Sensor Vaz\u00e3o \u00c1gua"},"content":{"rendered":"<p>Este sensor de fluxo comumente usado em dispositivos como cafeteiras para medir precisamente o fluido. Uso principal para aquecedores de \u00e1gua, m\u00e1quinas de cart\u00e3o de cr\u00e9dito, m\u00e1quinas de venda de \u00e1gua e outros dispositivos de medi\u00e7\u00e3o de fluxo! Este dispositivo deve ser instalado verticalmente, ent\u00e3o o fluido flui atrav\u00e9s dele.<br \/>\n*<br \/>\n*<br \/>\nESPECIFICA\u00c7\u00d5ES:<br \/>\nTaxa de fluxo mensur\u00e1vel: 0,3 a 6 litros\/minuto;<br \/>\nPress\u00e3o mensur\u00e1vel do Liquido: 0.8 MPa;<br \/>\nDi\u00e2metro do bico de entrada e sa\u00edda: 1\/4&#8243; (Mangueira 6 ou 6.35mm );<br \/>\nTemperatura: -25 a +80\u00b0 C;<br \/>\nPress\u00e3o m\u00e1xima permitida: 0,8 MPa;<br \/>\nFaixa de umidade operacional: 35% ~ 90% RH (sem geada);<br \/>\nTemperatura de funcionamento: = 80\u00b0C;<br \/>\nCapacidade de carga: = 10 mA (5 VDC);<br \/>\nGama de tens\u00e3o de trabalho: 5 a 18 VDC;<br \/>\nCorrente m\u00e1xima de opera\u00e7\u00e3o: 15 mA (5 VDC);<br \/>\nDimens\u00f5es: 5.7 x 4 cm \/ 2.24 x 1.57&#8243;;<br \/>\nF\u00f3rmula b\u00e1sica: F(Hz)=(98xQ) L\/min;<br \/>\nPrescis\u00e3o: +\/- 3 %;<br \/>\n1 litro de \u00e1gua = 5880 Pulsos; (Recomenda-se calibrar individualmente);<br \/>\n*<br \/>\nConex\u00f5es de fio:<br \/>\nVermelho: Entrada de energia Vcc;<br \/>\nAmarelo: Linha de sa\u00edda do sinal;<br \/>\nPreto: Terra;<br \/>\n*<br \/>\n*<br \/>\nOBS: Conforme recomendado pelo fabricante, este dispositivo deve trabalhar verticalmente.<\/p>\n<p class=\"responsive-video-wrap clr\"><iframe title=\"YF S401 waterflowSensor\" width=\"1200\" height=\"675\" src=\"https:\/\/www.youtube.com\/embed\/S8hOsEYz3Ow?feature=oembed\" frameborder=\"0\" allow=\"accelerometer; autoplay; clipboard-write; encrypted-media; gyroscope; picture-in-picture\" allowfullscreen><\/iframe><\/p>\n","protected":false},"excerpt":{"rendered":"<p class=\"item-title__primary \">Sensor Hall Fluxo Vaz\u00e3o \u00c1gua 0,3 A 6l<\/p>\n","protected":false},"featured_media":2840,"template":"","meta":[],"product_brand":[],"product_cat":[178],"product_tag":[],"class_list":{"0":"post-2838","1":"product","2":"type-product","3":"status-publish","4":"has-post-thumbnail","6":"product_cat-sensores","8":"entry","9":"has-media","11":"first","12":"instock","13":"shipping-taxable","14":"purchasable","15":"product-type-simple","16":"has-product-nav","17":"col","18":"span_1_of_3","19":"owp-content-center","20":"owp-thumbs-layout-horizontal","21":"owp-btn-normal","22":"owp-tabs-layout-horizontal"},"_links":{"self":[{"href":"https:\/\/arduxop.com.br\/loja\/wp-json\/wp\/v2\/product\/2838","targetHints":{"allow":["GET"]}}],"collection":[{"href":"https:\/\/arduxop.com.br\/loja\/wp-json\/wp\/v2\/product"}],"about":[{"href":"https:\/\/arduxop.com.br\/loja\/wp-json\/wp\/v2\/types\/product"}],"wp:featuredmedia":[{"embeddable":true,"href":"https:\/\/arduxop.com.br\/loja\/wp-json\/wp\/v2\/media\/2840"}],"wp:attachment":[{"href":"https:\/\/arduxop.com.br\/loja\/wp-json\/wp\/v2\/media?parent=2838"}],"wp:term":[{"taxonomy":"product_brand","embeddable":true,"href":"https:\/\/arduxop.com.br\/loja\/wp-json\/wp\/v2\/product_brand?post=2838"},{"taxonomy":"product_cat","embeddable":true,"href":"https:\/\/arduxop.com.br\/loja\/wp-json\/wp\/v2\/product_cat?post=2838"},{"taxonomy":"product_tag","embeddable":true,"href":"https:\/\/arduxop.com.br\/loja\/wp-json\/wp\/v2\/product_tag?post=2838"}],"curies":[{"name":"wp","href":"https:\/\/api.w.org\/{rel}","templated":true}]}}