{"id":2832,"date":"2018-04-10T16:47:49","date_gmt":"2018-04-10T19:47:49","guid":{"rendered":"https:\/\/arduxop.com.br\/loja\/?post_type=product&#038;p=2832"},"modified":"2024-07-25T07:56:00","modified_gmt":"2024-07-25T11:56:00","slug":"lm2596-regulador-de-tensao","status":"publish","type":"product","link":"https:\/\/arduxop.com.br\/loja\/produto\/lm2596-regulador-de-tensao\/","title":{"rendered":"Regulador De Tens\u00e3o B3603"},"content":{"rendered":"<p>Bc3603 StepDown DC DC B3603 Input 6~40v Output 0~36VDC 3A<\/p>\n<p>O m\u00f3dulo B3603 \u00e9 ideal para projetos e painel industrial, tem display de led de 7 segmentos,<\/p>\n<p>pequeno, de alta efici\u00eancia e estabilidade. M\u00f3dulo microcontrolado com f\u00e1cil configura\u00e7\u00e3o, exibe a tens\u00e3o, corrente e pot\u00eancia.<\/p>\n<p>Descri\u00e7\u00e3o T\u00e9cnica:<\/p>\n<p>Tens\u00e3o de entrada: 6~40VDC (tens\u00e3o de entrada deve 1,5V ou mais elevado do que a tens\u00e3o de sa\u00edda);<br \/>\nTens\u00e3o de sa\u00edda: 0~36VDC;<br \/>\nCorrente de sa\u00edda: 0-3A;<br \/>\nResolu\u00e7\u00e3o de tens\u00e3o: 0.01V;<br \/>\nResolu\u00e7\u00e3o m\u00ednima de pot\u00eancia: 0.001w;<br \/>\nResolu\u00e7\u00e3o m\u00ednima de corrente: 0.001a;<br \/>\nOndula\u00e7\u00e3o sa\u00edda: &lt; = 50 mV;<br \/>\nProte\u00e7\u00e3o contra curto-circuito: SIM;<br \/>\nTemperatura de trabalho: -40 + 85C;<br \/>\nEfici\u00eancia de convers\u00e3o: 92%;<br \/>\nPeso: 43g.<\/p>\n<p>Descri\u00e7\u00e3o do display:<\/p>\n<p>00.00: valor de tens\u00e3o, 00.00 ~ 36.00v;<br \/>\n0.000: valor atual, 0.000 ~ 3.000a;<br \/>\np.000, p0.00, p00.0, P000: indicador de unidade de pot\u00eancia W,<br \/>\np.123 significa 0.123w, p1.23 significa 1.23w, p12.3 significa 12.3w, p102 significa 102W;<br \/>\nc.000, c0.00, c00.0, C000: indicador de unidade de corrente ah,<br \/>\nc.123 significa 0.123ah, c1.23 significa 1.23ah, c12.3 significa 12.3ah, c123 significa 123ah;<br \/>\n&#8211;0&#8211;, &#8211;1&#8211;, &#8211;2-: Indicador de status 0, 1, 2<br \/>\n&#8211;y-: caracter\u00edsticas;<br \/>\n&#8211;n-: Sair de caracter\u00edsticas;<br \/>\nsa.- * (* significa 0-9): salvar os par\u00e2metros para o local de armazenamento de 0 a 9 em qualquer<\/p>\n<p>local um armazenamento;<br \/>\nlo.- * (* significa 0-9): 0-9 conjunto arbitr\u00e1rio armazenado.<\/p>\n<p>Utiliza\u00e7\u00e3o:<\/p>\n<p>como definir os valores de tens\u00e3o e corrente:<\/p>\n<p>1. A exibi\u00e7\u00e3o padr\u00e3o de inicializa\u00e7\u00e3o \u00e9 de tens\u00e3o. como &#8221; &#8220;, 00.00 unidade \u00e9 &#8221; v &#8220;. pressione o bot\u00e3o &#8221; set &#8221; para mudar para o valor de ajuste, o formato de exibi\u00e7\u00e3o do valor \u00e9 &#8221; 0,00 &#8220;, a unidade \u00e9 &#8221; a &#8220;, pressione o bot\u00e3o aumentar\/diminuir para ajustar o valor.<br \/>\n2. Depois de completada a programa\u00e7\u00e3o pressione &#8221; OK &#8220;.<br \/>\n3. O estado de sa\u00edda quando exibir o valor pressione o bot\u00e3o aumentar\/diminuir a tens\u00e3o<\/p>\n<p>de sa\u00edda, pressione o bot\u00e3o &#8221; OK &#8221; para sair. Para rota\u00e7\u00e3o de valores precione o bot\u00e3o por 3 segundos, pressione e segure novamente para cancelar a exibi\u00e7\u00e3o de rota\u00e7\u00e3o.<br \/>\n4. Pressione o bot\u00e3o &#8221; set &#8221; para sa\u00edr da configura\u00e7\u00e3o.<\/p>\n<p class=\"responsive-video-wrap clr\"><iframe title=\"Modulo para Fonte de bancada B3603 conversor DC DC\" width=\"1200\" height=\"675\" src=\"https:\/\/www.youtube.com\/embed\/zPkZ6Vxax4Y?feature=oembed\" frameborder=\"0\" allow=\"accelerometer; autoplay; clipboard-write; encrypted-media; gyroscope; picture-in-picture\" allowfullscreen><\/iframe><\/p>\n","protected":false},"excerpt":{"rendered":"<p>Bc3603 StepDown DC DC B3603 Input 6~40v Output 0~36VDC 3A O m\u00f3dulo B3603 \u00e9 ideal para projetos e painel industrial, tem display de led de 7 segmentos, pequeno, de alta efici\u00eancia e estabilidade. M\u00f3dulo microcontrolado com f\u00e1cil configura\u00e7\u00e3o, exibe a tens\u00e3o, corrente e pot\u00eancia. Descri\u00e7\u00e3o T\u00e9cnica: Tens\u00e3o de entrada: 6~40VDC (tens\u00e3o de entrada deve 1,5V [&hellip;]<\/p>\n","protected":false},"featured_media":2834,"template":"","meta":[],"product_brand":[],"product_cat":[185,194],"product_tag":[],"class_list":{"0":"post-2832","1":"product","2":"type-product","3":"status-publish","4":"has-post-thumbnail","6":"product_cat-fontes","7":"product_cat-reguladores-de-tensao","9":"entry","10":"has-media","12":"first","13":"instock","14":"shipping-taxable","15":"purchasable","16":"product-type-simple","17":"has-product-nav","18":"col","19":"span_1_of_3","20":"owp-content-center","21":"owp-thumbs-layout-horizontal","22":"owp-btn-normal","23":"owp-tabs-layout-horizontal"},"_links":{"self":[{"href":"https:\/\/arduxop.com.br\/loja\/wp-json\/wp\/v2\/product\/2832","targetHints":{"allow":["GET"]}}],"collection":[{"href":"https:\/\/arduxop.com.br\/loja\/wp-json\/wp\/v2\/product"}],"about":[{"href":"https:\/\/arduxop.com.br\/loja\/wp-json\/wp\/v2\/types\/product"}],"wp:featuredmedia":[{"embeddable":true,"href":"https:\/\/arduxop.com.br\/loja\/wp-json\/wp\/v2\/media\/2834"}],"wp:attachment":[{"href":"https:\/\/arduxop.com.br\/loja\/wp-json\/wp\/v2\/media?parent=2832"}],"wp:term":[{"taxonomy":"product_brand","embeddable":true,"href":"https:\/\/arduxop.com.br\/loja\/wp-json\/wp\/v2\/product_brand?post=2832"},{"taxonomy":"product_cat","embeddable":true,"href":"https:\/\/arduxop.com.br\/loja\/wp-json\/wp\/v2\/product_cat?post=2832"},{"taxonomy":"product_tag","embeddable":true,"href":"https:\/\/arduxop.com.br\/loja\/wp-json\/wp\/v2\/product_tag?post=2832"}],"curies":[{"name":"wp","href":"https:\/\/api.w.org\/{rel}","templated":true}]}}