{"id":2829,"date":"2018-04-10T16:41:46","date_gmt":"2018-04-10T19:41:46","guid":{"rendered":"https:\/\/arduxop.com.br\/loja\/?post_type=product&#038;p=2829"},"modified":"2024-07-25T07:56:01","modified_gmt":"2024-07-25T11:56:01","slug":"caixa-para-baterias-18650","status":"publish","type":"product","link":"https:\/\/arduxop.com.br\/loja\/produto\/caixa-para-baterias-18650\/","title":{"rendered":"Caixa Para Baterias 18650"},"content":{"rendered":"<p>Este suporte para Bateria 18650 3,7V possui chave liga\/desliga, on\/off, usado para controlar a alimenta\u00e7\u00e3o do seu projeto. Prov\u00ea um acabamneto bonito e profissional do seu projeto. Ideal para alimenta\u00e7\u00e3o de projetos microcontrolados que necessitem de aproximadamente 9v de tens\u00e3o. Suporte fechado, com tampa deslizante remov\u00edvel, opcionalmente voc\u00ea pode trava-lo com um pequeno parafuso, garantindo maior seguran\u00e7a e eventual falhas por descoenx\u00e3o.<\/p>\n<p>Descri\u00e7\u00e3o T\u00e9cnica:<\/p>\n<p>Suporte para 2 x Bateria 18650 3,7V (n\u00e3o acompanha a Bateria);<br \/>\nMaterial: Pl\u00e1tico ABS;<br \/>\nTens\u00e3o nominal: DC 7.4 V;<br \/>\nDimens\u00f5es: 88mm x 41mm x 22mm;<br \/>\nCor: Preta;<br \/>\nSa\u00edda com rabicho de fio (Vermelho\/Preto);<br \/>\nModelo:RBH129CZS;<br \/>\nN\u00e3o acompanha o parafuso de fixa\u00e7\u00e3o.<\/p>\n","protected":false},"excerpt":{"rendered":"<p class=\"item-title__primary \">Caixa Case 18650 3.7v Suporte Bateria Chave On\/off<\/p>\n","protected":false},"featured_media":2830,"template":"","meta":[],"product_brand":[],"product_cat":[181],"product_tag":[],"class_list":{"0":"post-2829","1":"product","2":"type-product","3":"status-publish","4":"has-post-thumbnail","6":"product_cat-caixas-e-embalagens","8":"entry","9":"has-media","11":"first","12":"outofstock","13":"shipping-taxable","14":"purchasable","15":"product-type-simple","16":"has-product-nav","17":"col","18":"span_1_of_3","19":"owp-content-center","20":"owp-thumbs-layout-horizontal","21":"owp-btn-normal","22":"owp-tabs-layout-horizontal"},"_links":{"self":[{"href":"https:\/\/arduxop.com.br\/loja\/wp-json\/wp\/v2\/product\/2829","targetHints":{"allow":["GET"]}}],"collection":[{"href":"https:\/\/arduxop.com.br\/loja\/wp-json\/wp\/v2\/product"}],"about":[{"href":"https:\/\/arduxop.com.br\/loja\/wp-json\/wp\/v2\/types\/product"}],"wp:featuredmedia":[{"embeddable":true,"href":"https:\/\/arduxop.com.br\/loja\/wp-json\/wp\/v2\/media\/2830"}],"wp:attachment":[{"href":"https:\/\/arduxop.com.br\/loja\/wp-json\/wp\/v2\/media?parent=2829"}],"wp:term":[{"taxonomy":"product_brand","embeddable":true,"href":"https:\/\/arduxop.com.br\/loja\/wp-json\/wp\/v2\/product_brand?post=2829"},{"taxonomy":"product_cat","embeddable":true,"href":"https:\/\/arduxop.com.br\/loja\/wp-json\/wp\/v2\/product_cat?post=2829"},{"taxonomy":"product_tag","embeddable":true,"href":"https:\/\/arduxop.com.br\/loja\/wp-json\/wp\/v2\/product_tag?post=2829"}],"curies":[{"name":"wp","href":"https:\/\/api.w.org\/{rel}","templated":true}]}}